{"id":29210,"date":"2025-03-06T19:20:07","date_gmt":"2025-03-06T18:20:07","guid":{"rendered":"https:\/\/new.prim-hodinky.cz\/servis-nove\/"},"modified":"2025-03-25T00:13:06","modified_gmt":"2025-03-24T23:13:06","slug":"servisne-sluzby","status":"publish","type":"page","link":"https:\/\/new.prim-hodinky.cz\/sk\/servisne-sluzby\/","title":{"rendered":"Servisn\u00e9 slu\u017eby"},"content":{"rendered":"<section id=\"b-fnelzb_m7xo5vy3\" class=\"brxe-div\"><img decoding=\"async\" class=\"brxe-image\" id=\"b-kfobix_m7xo5vy3\" src=\"https:\/\/new.prim-hodinky.cz\/wp-content\/uploads\/2024\/11\/HODINARI-1-1920.webp\" alt><div id=\"b-sugqub_m7xo5vy3\" class=\"brxe-div mobile-view-section-width\"><h1 id=\"b-pgaefz_m7xo5vy3\" class=\"brxe-heading h1 hero-sekce-heading-stylizace\">[Pro p\u0159ed\u00e1n\u00ed z generace na generaci]<\/h1><div id=\"b-irbplf_m7xo5vy3\" class=\"brxe-div\"><a id=\"b-cvmlar_m7xo5vy3\" class=\"brxe-button bricks-button bricks-background-primary\"><span data-gbrx-id=\"gb-cvmlar\" data-gbrx-subfield=\"text\" >Tla\u010d\u00edtko<\/span><\/a><\/div><\/div><div id=\"b-eixhqp_m7xo5vy3\" class=\"brxe-div arrow-down hero-sekce-heading-stylizace\"><i id=\"b-wfisjw_m7xo5vy3\" class=\"ion-md-arrow-round-down brxe-icon\"><\/i><\/div><\/section><section id=\"b-jnfdts_m7xo74qt\" class=\"brxe-div\"><h2 id=\"b-nmpsao_m7xo74qt\" class=\"brxe-heading h2\">Servisn\u00e9 slu\u017eby<\/h2><div id=\"b-pnliwt_m7xo74qt\" class=\"brxe-text-basic text\">Potrebujete opravi\u0165, vy\u010disti\u0165 alebo skontrolova\u0165 svoje hodinky, hodiny alebo vreckov\u00e9 hodinky PRIM?<br data-rich-text-line-break=\"true\"><br data-rich-text-line-break=\"true\">Radi V\u00e1m oprav\u00edme, vy\u010dist\u00edme alebo zrenovujeme va\u0161e hodinky, hodiny alebo vreckov\u00e9 hodinky. Ku v\u0161etk\u00fdm na\u0161\u00edm produktom zais\u0165ujeme profesion\u00e1lny servis, bez oh\u013eadu, \u010di sa jedn\u00e1 o z\u00e1ru\u010dn\u00fd alebo mimoz\u00e1ru\u010dn\u00e9 servis. <\/div><a id=\"b-qfkbha_m7xo74qt\" class=\"brxe-button bricks-button bricks-background-secondary\" href=\"#reklamace\" data-brx-anchor=\"true\"><span data-gbrx-id=\"gb-qfkbha\" data-gbrx-subfield=\"text\" >Objednat<\/span><\/a><img decoding=\"async\" class=\"brxe-image\" id=\"b-cluygv_m7xo74qt\" src=\"https:\/\/new.prim-hodinky.cz\/wp-content\/uploads\/2024\/11\/HODINARI-3.jpg\" alt><\/section><section id=\"reklamace\" class=\"brxe-div\"><h2 id=\"b-tutypn_m7xo7rnn\" class=\"brxe-heading h2\">Ako reklamova\u0165<\/h2><div id=\"b-uqofvd_m7xo7rnn\" class=\"brxe-div\"><div id=\"b-ktljml_m7xo7rnn\" class=\"brxe-text-basic text\">Nev\u00e1hajte n\u00e1s kontaktova\u0165 oh\u013eadom zhodnotenia z\u00e1vady. N\u00e1\u0161 servis V\u00e1m poskytne \u00fapln\u00e9 a odborn\u00e9 inform\u00e1cie a porad\u00ed V\u00e1m, ako \u010falej postupova\u0165. <div><br><\/div><div>Opravujeme hodinky, hodiny aj bud\u00edky n\u00e1\u0161 t\u00edm hodin\u00e1rov je tu pre V\u00e1s.<\/div><div><br><\/div><div>[Napi\u0161te n\u00e1m ohledn\u011b Va\u0161\u00ed reklamace na reklamace@prim-hodinky.cz.]<\/div><\/div><\/div><section id=\"popup-online\" class=\"brxe-section\"><div id=\"b-vgcgru_m7xo7rnn\" class=\"brxe-div\"><div id=\"b-wdqkqo_m7xo7rnn\" class=\"brxe-div\" data-interactions=\"[{&quot;id&quot;:&quot;jqklsy&quot;,&quot;trigger&quot;:&quot;click&quot;,&quot;action&quot;:&quot;hide&quot;,&quot;target&quot;:&quot;custom&quot;,&quot;targetSelector&quot;:&quot;#popup-online&quot;}]\" data-interaction-id=\"499213\"><\/div><div id=\"b-ihtazr_m7xo7rnn\" class=\"brxe-div\"><i id=\"b-vhnvcb_m7xo7rnn\" class=\"ion-md-close brxe-icon\" data-interactions=\"[{&quot;id&quot;:&quot;lmyaxm&quot;,&quot;trigger&quot;:&quot;click&quot;,&quot;action&quot;:&quot;hide&quot;,&quot;target&quot;:&quot;custom&quot;,&quot;targetSelector&quot;:&quot;#popup-online&quot;,&quot;titleEditable&quot;:&quot;Zav\\u0159\\u00edt popup&quot;}]\" data-interaction-id=\"2db1b1\"><\/i><h2 id=\"brxe-eoycdh\" class=\"brxe-heading h2\">Online<\/h2><div id=\"b-rlebwb_m7xo7rnn\" class=\"brxe-text-basic text\">Ak si nie ste ist\u00ed, ak\u00fa mo\u017enos\u0165 zvoli\u0165 alebo sa chcete najsk\u00f4r oh\u013eadom z\u00e1vady \u010di postupu poradi\u0165, vyu\u017eite n\u00e1\u0161 kontaktn\u00fd online formul\u00e1r.<\/div><div id=\"b-ncluwr_m7xo7rnn\" class=\"brxe-div\"><div id=\"b-wgicik_m7xo7rnn\" class=\"brxe-div\"><h3 id=\"b-skwcyj_m7xo7rnn\" class=\"brxe-heading h3\">Servis<\/h3><div id=\"b-pupfun_m7xo7rnn\" class=\"brxe-text-basic text\">[Napi\u0161te n\u00e1m ohledn\u011b servisn\u00edch slu\u017eeb]<\/div><div id=\"b-eoexkh_m7xo7rnn\" class=\"brxe-template\"><section id=\"brxe-bd3eba\" class=\"brxe-section\">\t\t<form id=\"brxe-fbb4c5\" data-script-id=\"fbb4c5_m7xo7rnn\" class=\"brxe-form\" method=\"post\" data-element-id=\"fbb4c5\">\n\t\t\t\n\t\t\t\t<div class=\"form-group\" role=\"group\">\n\t\t\t\t<input id=\"form-field-b30dc0\" name=\"form-field-713e23\" aria-label=\"Jm\u00e9no a p\u0159\u00edjmen\u00ed\" spellcheck=\"false\" type=\"text\" value placeholder=\"Jm\u00e9no a p\u0159\u00edjmen\u00ed\" required>\n\t\t\t\t\n\t\t\t\t\n\t\t\t\t\t\t\t<\/div>\n\t\t\t\t\n\t\t\t\t<div class=\"form-group\" role=\"group\">\n\t\t\t\t<input id=\"form-field-1ededd\" name=\"form-field-7e7688\" aria-label=\"Email\" type=\"email\" value placeholder=\"V\u00e1\u0161 e-mail\" maxlength=\"320\" required>\n\t\t\t\t\n\t\t\t\t\n\t\t\t\t\t\t\t<\/div>\n\t\t\t\t\n\t\t\t\t<div class=\"form-group\" role=\"group\">\n\t\t\t\t\n\t\t\t\t\t\t\t\t<textarea id=\"form-field-58a76a\" name=\"form-field-8b1144\" aria-label=\"Zpr\u00e1va\" spellcheck=\"false\" placeholder=\"Va\u0161e zpr\u00e1va\" required><\/textarea>\n\t\t\t\t\n\t\t\t\t\n\t\t\t\t\t\t\t<\/div>\n\t\t\t\t\n\t\t\t\t<div class=\"form-group file\" role=\"group\">\n\t\t\t\t<input multiple data-limit=\"3\" data-files-ref=\"026915\" id=\"form-field-026915\" name=\"form-field-ypnccp\" aria-label=\"Soubory\" type=\"file\" value>\t\t\t\t<div data-files-ref=\"026915\" class=\"file-result\" data-error-limit=\"S\u00fabor %s nebol prijat\u00fd. Prekro\u010den\u00fd limit s\u00faborov.\" data-error-size=\"S\u00fabor %s nebol prijat\u00fd. Prekro\u010den\u00fd limit ve\u013ekosti.\">\n\t\t\t\t\t<span class=\"text\"><\/span>\n\t\t\t\t\t<button type=\"button\" class=\"bricks-button remove\">Odstr\u00e1ni\u0165<\/button>\n\t\t\t\t\t<svg version=\"1.1\" viewBox=\"0 0 24 24\" xmlns=\"http:\/\/www.w3.org\/2000\/svg\" xmlns:xlink=\"http:\/\/www.w3.org\/1999\/xlink\"><g stroke-linecap=\"round\" stroke-width=\"1\" stroke=\"#000\" fill=\"none\" stroke-linejoin=\"round\"><path d=\"M0.5,0.5l23,23\"><\/path><path d=\"M23.5,0.5l-23,23\"><\/path><\/g><path fill=\"none\" d=\"M0,0h24v24h-24Z\"><\/path><\/svg>\n\t\t\t\t<\/div>\n\n\t\t\t\t<label for=\"form-field-026915\" class=\"choose-files\">Vyberte soubor(y)<\/label>\n\t\t\t\t\n\t\t\t\t\n\t\t\t\t\n\t\t\t\t\t\t\t<\/div>\n\t\t\t\t\n\t\t  <div class=\"form-group submit-button-wrapper\">\n\t\t\t\t<button type=\"submit\" class=\"bricks-button bricks-background-secondary\">\n\t\t\t\t\t<span class=\"text\">Odeslat<\/span><span class=\"loading\"><svg version=\"1.1\" viewBox=\"0 0 24 24\" xmlns=\"http:\/\/www.w3.org\/2000\/svg\" xmlns:xlink=\"http:\/\/www.w3.org\/1999\/xlink\"><g stroke-linecap=\"round\" stroke-width=\"1\" stroke=\"currentColor\" fill=\"none\" stroke-linejoin=\"round\"><path d=\"M0.927,10.199l2.787,4.151l3.205,-3.838\"><\/path><path d=\"M23.5,14.5l-2.786,-4.15l-3.206,3.838\"><\/path><path d=\"M20.677,10.387c0.834,4.408 -2.273,8.729 -6.509,9.729c-2.954,0.699 -5.916,-0.238 -7.931,-2.224\"><\/path><path d=\"M3.719,14.325c-1.314,-4.883 1.969,-9.675 6.538,-10.753c3.156,-0.747 6.316,0.372 8.324,2.641\"><\/path><\/g><path fill=\"none\" d=\"M0,0h24v24h-24Z\"><\/path><\/svg>\n<\/span>\t\t\t\t<\/button>\n\t\t\t<\/div>\n\t\t<\/form>\n\t\t<\/section><\/div><\/div><div id=\"b-mqeofy_m7xo7rnn\" class=\"brxe-div\"><h3 id=\"b-noddkb_m7xo7rnn\" class=\"brxe-heading h3\">Reklam\u00e1cie<\/h3><div id=\"b-risuqp_m7xo7rnn\" class=\"brxe-text-basic text\">[Napi\u0161te n\u00e1m ohledn\u011b Va\u0161\u00ed reklamace]<\/div><div id=\"b-agmngq_m7xo7rnn\" class=\"brxe-template\"><section id=\"brxe-8eea77\" class=\"brxe-section\">\t\t<form id=\"brxe-7dd251\" data-script-id=\"7dd251_m7xo7rnn\" class=\"brxe-form\" method=\"post\" data-element-id=\"7dd251\">\n\t\t\t\n\t\t\t\t<div class=\"form-group\" role=\"group\">\n\t\t\t\t<input id=\"form-field-94f894\" name=\"form-field-713e23\" aria-label=\"Jm\u00e9no a p\u0159\u00edjmen\u00ed\" spellcheck=\"false\" type=\"text\" value placeholder=\"Jm\u00e9no a p\u0159\u00edjmen\u00ed\" required>\n\t\t\t\t\n\t\t\t\t\n\t\t\t\t\t\t\t<\/div>\n\t\t\t\t\n\t\t\t\t<div class=\"form-group\" role=\"group\">\n\t\t\t\t<input id=\"form-field-556c76\" name=\"form-field-7e7688\" aria-label=\"Email\" type=\"email\" value placeholder=\"V\u00e1\u0161 e-mail\" maxlength=\"320\" required>\n\t\t\t\t\n\t\t\t\t\n\t\t\t\t\t\t\t<\/div>\n\t\t\t\t\n\t\t\t\t<div class=\"form-group\" role=\"group\">\n\t\t\t\t\n\t\t\t\t\t\t\t\t<textarea id=\"form-field-474aa5\" name=\"form-field-8b1144\" aria-label=\"Zpr\u00e1va\" spellcheck=\"false\" placeholder=\"Va\u0161e zpr\u00e1va\" required><\/textarea>\n\t\t\t\t\n\t\t\t\t\n\t\t\t\t\t\t\t<\/div>\n\t\t\t\t\n\t\t\t\t<div class=\"form-group file\" role=\"group\">\n\t\t\t\t<input multiple data-limit=\"3\" data-files-ref=\"4803f1\" id=\"form-field-4803f1\" name=\"form-field-ypnccp\" aria-label=\"Soubory\" type=\"file\" value>\t\t\t\t<div data-files-ref=\"4803f1\" class=\"file-result\" data-error-limit=\"S\u00fabor %s nebol prijat\u00fd. Prekro\u010den\u00fd limit s\u00faborov.\" data-error-size=\"S\u00fabor %s nebol prijat\u00fd. Prekro\u010den\u00fd limit ve\u013ekosti.\">\n\t\t\t\t\t<span class=\"text\"><\/span>\n\t\t\t\t\t<button type=\"button\" class=\"bricks-button remove\">Odstr\u00e1ni\u0165<\/button>\n\t\t\t\t\t<svg version=\"1.1\" viewBox=\"0 0 24 24\" xmlns=\"http:\/\/www.w3.org\/2000\/svg\" xmlns:xlink=\"http:\/\/www.w3.org\/1999\/xlink\"><g stroke-linecap=\"round\" stroke-width=\"1\" stroke=\"#000\" fill=\"none\" stroke-linejoin=\"round\"><path d=\"M0.5,0.5l23,23\"><\/path><path d=\"M23.5,0.5l-23,23\"><\/path><\/g><path fill=\"none\" d=\"M0,0h24v24h-24Z\"><\/path><\/svg>\n\t\t\t\t<\/div>\n\n\t\t\t\t<label for=\"form-field-4803f1\" class=\"choose-files\">Vyberte soubor(y)<\/label>\n\t\t\t\t\n\t\t\t\t\n\t\t\t\t\n\t\t\t\t\t\t\t<\/div>\n\t\t\t\t<div class=\"form-group captcha\"><div class=\"form-group recaptcha-error\"><div class=\"brxe-alert danger\"><p>Google reCaptcha: Neplatn\u00fd k\u013e\u00fa\u010d str\u00e1nky.<\/p><\/div><\/div><div id=\"recaptcha-7dd251\" data-key=\"6LfY98sUAAAAAJTlzm_qPHJNbDur_rrtZ-Bx0vmi\" class=\"recaptcha-hidden\"><\/div><\/div>\n\t\t  <div class=\"form-group submit-button-wrapper\">\n\t\t\t\t<button type=\"submit\" class=\"bricks-button bricks-background-secondary\">\n\t\t\t\t\t<span class=\"text\">Odeslat<\/span><span class=\"loading\"><svg version=\"1.1\" viewBox=\"0 0 24 24\" xmlns=\"http:\/\/www.w3.org\/2000\/svg\" xmlns:xlink=\"http:\/\/www.w3.org\/1999\/xlink\"><g stroke-linecap=\"round\" stroke-width=\"1\" stroke=\"currentColor\" fill=\"none\" stroke-linejoin=\"round\"><path d=\"M0.927,10.199l2.787,4.151l3.205,-3.838\"><\/path><path d=\"M23.5,14.5l-2.786,-4.15l-3.206,3.838\"><\/path><path d=\"M20.677,10.387c0.834,4.408 -2.273,8.729 -6.509,9.729c-2.954,0.699 -5.916,-0.238 -7.931,-2.224\"><\/path><path d=\"M3.719,14.325c-1.314,-4.883 1.969,-9.675 6.538,-10.753c3.156,-0.747 6.316,0.372 8.324,2.641\"><\/path><\/g><path fill=\"none\" d=\"M0,0h24v24h-24Z\"><\/path><\/svg>\n<\/span>\t\t\t\t<\/button>\n\t\t\t<\/div>\n\t\t<\/form>\n\t\t<\/section><\/div><\/div><\/div><\/div><\/div><\/section><section id=\"popup-posta\" class=\"brxe-section\"><div id=\"b-dtxwvj_m7xo7rnn\" class=\"brxe-div\"><div id=\"b-bprnnl_m7xo7rnn\" class=\"brxe-div\" data-interactions=\"[{&quot;id&quot;:&quot;sggvgn&quot;,&quot;trigger&quot;:&quot;click&quot;,&quot;action&quot;:&quot;hide&quot;,&quot;target&quot;:&quot;custom&quot;,&quot;targetSelector&quot;:&quot;#popup-posta&quot;}]\" data-interaction-id=\"47e71d\"><\/div><div id=\"b-yppehr_m7xo7rnn\" class=\"brxe-div\"><i id=\"b-nzsazr_m7xo7rnn\" class=\"ion-md-close brxe-icon\" data-interactions=\"[{&quot;id&quot;:&quot;uywgfi&quot;,&quot;trigger&quot;:&quot;click&quot;,&quot;action&quot;:&quot;hide&quot;,&quot;target&quot;:&quot;custom&quot;,&quot;targetSelector&quot;:&quot;#popup-posta&quot;,&quot;titleEditable&quot;:&quot;Zav\\u0159\\u00edt popup&quot;}]\" data-interaction-id=\"b9933f\"><\/i><h3 id=\"b-vjhaki_m7xo7rnn\" class=\"brxe-heading h2\">[Po\u0161tou]<\/h3><div id=\"b-skqruw_m7xo7rnn\" class=\"brxe-text-basic text\">[Za\u0161lete n\u00e1m reklamovan\u00fd produkt na na\u0161i adresu spole\u010dn\u011b s dokladem prokazuj\u00edc\u00edm koupi zbo\u017e\u00ed a vypln\u011bn\u00fdm reklama\u010dn\u00edm formul\u00e1\u0159em.]<\/div><a id=\"brxe-tpyfmx\" class=\"brxe-button bricks-button bricks-background-primary\" href=\"https:\/\/new.prim-hodinky.cz\/wp-content\/uploads\/2024\/11\/PRIM_reklamacni_formular.pdf\"><span data-gbrx-id=\"gb-tpyfmx\" data-gbrx-subfield=\"text\" >St\u00e1hnout formul\u00e1\u0159<\/span><\/a><\/div><\/div><\/section><section id=\"popup-prodejna\" class=\"brxe-section\"><div id=\"b-bznsbg_m7xo7rnn\" class=\"brxe-div\"><div id=\"b-rtzkaj_m7xo7rnn\" class=\"brxe-div\" data-interactions=\"[{&quot;id&quot;:&quot;jqklsy&quot;,&quot;trigger&quot;:&quot;click&quot;,&quot;action&quot;:&quot;hide&quot;,&quot;target&quot;:&quot;custom&quot;,&quot;targetSelector&quot;:&quot;#popup-prodejna&quot;}]\" data-interaction-id=\"0c0591\"><\/div><div id=\"b-esyclh_m7xo7rnn\" class=\"brxe-div\"><i id=\"b-cundbk_m7xo7rnn\" class=\"ion-md-close brxe-icon\" data-interactions=\"[{&quot;id&quot;:&quot;lmyaxm&quot;,&quot;trigger&quot;:&quot;click&quot;,&quot;action&quot;:&quot;hide&quot;,&quot;target&quot;:&quot;custom&quot;,&quot;targetSelector&quot;:&quot;#popup-prodejna&quot;,&quot;titleEditable&quot;:&quot;Zav\\u0159\\u00edt popup&quot;}]\" data-interaction-id=\"bf7e97\"><\/i><h3 id=\"b-vkwdtu_m7xo7rnn\" class=\"brxe-heading h2\">Predaj\u0148a a servis<\/h3><div id=\"b-yhucmf_m7xo7rnn\" class=\"brxe-text-basic text\">\n\nNajr\u00fdchlej\u0161\u00edm sp\u00f4sobom vybavenia reklam\u00e1cie je nav\u0161t\u00edvi\u0165 n\u00e1s priamo v podnikovej predajni PRIM v na\u0161om s\u00eddle, kde sa nach\u00e1dza aj servisn\u00e9 oddelenie.\n<\/div><div class=\"brxe-fprvzm brxe-div brx-grid\"><div id=\"b-xplpkm_m7xo7rnn\" class=\"brxe-xplpkm brxe-div b-xplpkm_m7xo7rnn\"><div id=\"b-rtfrqe_m7xo7rnn\" class=\"brxe-rtfrqe brxe-text-basic b-rtfrqe_m7xo7rnn\">PRIM hodinky<br>P\u0159\u00edborsk\u00e1 1473<br>73802 Fr\u00fddek-M\u00edstek<\/div><\/div><div id=\"b-fgpcdb_m7xo7rnn\" class=\"brxe-fgpcdb brxe-div b-fgpcdb_m7xo7rnn\"><div id=\"b-hkoojf_m7xo7rnn\" data-script-id=\"2b8b9b_m7xo7rnn\" class=\"brxe-hkoojf brxe-map b-hkoojf_m7xo7rnn\" data-bricks-map-options=\"{&quot;addresses&quot;:[{&quot;id&quot;:&quot;dwvigg&quot;,&quot;address&quot;:&quot;Fr\\u00fddek-M\\u00edstek P\\u0159\\u00edborsk\\u00e1 1473 73802&quot;}],&quot;zoom&quot;:14,&quot;scrollwheel&quot;:true,&quot;draggable&quot;:true,&quot;fullscreenControl&quot;:false,&quot;mapTypeControl&quot;:false,&quot;streetViewControl&quot;:true,&quot;zoomControl&quot;:true,&quot;disableDefaultUI&quot;:false,&quot;type&quot;:&quot;roadmap&quot;}\"><\/div><\/div><div id=\"b-wawbyb_m7xo7rnn\" class=\"brxe-wawbyb brxe-div b-wawbyb_m7xo7rnn\"><div id=\"b-xkwdar_m7xo7rnn\" class=\"brxe-xkwdar brxe-text-basic b-xkwdar_m7xo7rnn\">Po-Pi 12:00-16:00<\/div><div id=\"b-iotdhz_m7xo7rnn\" class=\"brxe-iotdhz brxe-text-basic text b-iotdhz_m7xo7rnn\">(Obedov\u00e1 prest\u00e1vka 12:00-12:30)<\/div><div id=\"b-bcufsm_m7xo7rnn\" class=\"brxe-bcufsm brxe-text-basic text b-bcufsm_m7xo7rnn\">Na z\u00e1klade predch\u00e1dzaj\u00facej telefonickej alebo e-mailovej dohody v\u00e1s radi obsl\u00fa\u017eime aj po 16.00 h. Viac inform\u00e1ci\u00ed z\u00edskate na telef\u00f3nnom \u010d\u00edsle +420 722 954 467.  <\/div><\/div><\/div><\/div><\/div><\/section><div id=\"b-adrwju_m7xo7rnn\" class=\"brxe-container\"><div id=\"pro-bloky\" class=\"brxe-div brx-grid\"><div id=\"blok-posta\" class=\"brxe-div brx-grid\" onclick data-interactions=\"[{&quot;id&quot;:&quot;saqnln&quot;,&quot;trigger&quot;:&quot;click&quot;,&quot;action&quot;:&quot;show&quot;,&quot;target&quot;:&quot;custom&quot;,&quot;targetSelector&quot;:&quot;#popup-posta&quot;}]\" data-interaction-id=\"4c7814\"><div id=\"b-fgmjtg_m7xo7rnn\" class=\"brxe-div\"><i id=\"b-yohrtb_m7xo7rnn\" class=\"ion-ios-mail brxe-icon\"><\/i><h3 id=\"b-afbaon_m7xo7rnn\" class=\"brxe-heading h5\">[Po\u0161tou]<\/h3><\/div><div id=\"b-mnlipd_m7xo7rnn\" class=\"brxe-div\"><a id=\"b-thrhxj_m7xo7rnn\" class=\"brxe-button bricks-button bricks-background-secondary\"><span data-gbrx-id=\"gb-thrhxj\" data-gbrx-subfield=\"text\" >V\u00edce informac\u00ed<\/span><\/a><\/div><\/div><div id=\"blok-osobne\" class=\"brxe-div brx-grid\" onclick data-interactions=\"[{&quot;id&quot;:&quot;uzgflg&quot;,&quot;trigger&quot;:&quot;click&quot;,&quot;action&quot;:&quot;show&quot;,&quot;target&quot;:&quot;custom&quot;,&quot;targetSelector&quot;:&quot;#popup-prodejna&quot;}]\" data-interaction-id=\"9e1bfe\"><div id=\"b-hxtwdq_m7xo7rnn\" class=\"brxe-div\"><i id=\"b-onblom_m7xo7rnn\" class=\"fas fa-shop brxe-icon\"><\/i><h3 id=\"b-xsisxl_m7xo7rnn\" class=\"brxe-heading h5\">Osobne<\/h3><\/div><div id=\"b-aylzrg_m7xo7rnn\" class=\"brxe-div\"><a id=\"b-qhzqaq_m7xo7rnn\" class=\"brxe-button bricks-button bricks-background-secondary\"><span data-gbrx-id=\"gb-qhzqaq\" data-gbrx-subfield=\"text\" >Nav\u0161tivte n\u00e1s<\/span><\/a><\/div><\/div><div id=\"blok-online\" class=\"brxe-div brx-grid\" data-interactions=\"[{&quot;id&quot;:&quot;gjoiko&quot;,&quot;trigger&quot;:&quot;click&quot;,&quot;action&quot;:&quot;show&quot;,&quot;target&quot;:&quot;custom&quot;,&quot;targetSelector&quot;:&quot;#popup-online&quot;}]\" data-interaction-id=\"5e1838\"><div id=\"b-peompw_m7xo7rnn\" class=\"brxe-div\"><i id=\"b-onowrj_m7xo7rnn\" class=\"ion-md-planet brxe-icon\"><\/i><h3 id=\"b-okrjor_m7xo7rnn\" class=\"brxe-heading h5\">Online<\/h3><\/div><div id=\"b-qxeoin_m7xo7rnn\" class=\"brxe-div\"><a id=\"b-aixeii_m7xo7rnn\" class=\"brxe-button bricks-button bricks-background-secondary\"><span data-gbrx-id=\"gb-aixeii\" data-gbrx-subfield=\"text\" >Napi\u0161te n\u00e1m<\/span><\/a><\/div><\/div><\/div><\/div><img decoding=\"async\" class=\"brxe-image\" id=\"b-vgatgy_m7xo7rnn\" src=\"https:\/\/new.prim-hodinky.cz\/wp-content\/uploads\/2024\/11\/REKLAMACE.jpg\" alt><\/section><section id=\"b-jnfdts_m7xo8062\" class=\"brxe-div\"><h2 id=\"b-nmpsao_m7xo8062\" class=\"brxe-heading h2\">Mimoz\u00e1ru\u010dn\u00fd servis<\/h2><div id=\"b-pnliwt_m7xo8062\" class=\"brxe-text-basic text\">Servisn\u00fa podporu pre hodinky PRIM poskytujeme aj po uplynut\u00ed z\u00e1ru\u010dnej doby alebo po ukon\u010den\u00ed v\u00fdroby konkr\u00e9tneho v\u00fdrobku. Cena opravy z\u00e1vis\u00ed od ceny n\u00e1hradn\u00fdch dielov a \u010dasu potrebn\u00e9ho na opravu. <br data-rich-text-line-break=\"true\"><br data-rich-text-line-break=\"true\">V pr\u00edpade zlo\u017eitej\u0161\u00edch z\u00e1vad alebo \u00faplnej nefunk\u010dnosti hodiniek vykon\u00e1me opravu n\u00e1hradn\u00fdm sp\u00f4sobom za pevn\u00fa cenu stanoven\u00fa spolo\u010dnos\u0165ou MPM-Quality. Pre podrobn\u00e9 inform\u00e1cie alebo odhad opravy n\u00e1s pros\u00edm kontaktujte. <\/div><a id=\"b-qfkbha_m7xo8062\" class=\"brxe-button bricks-button bricks-background-secondary\" href=\"https:\/\/eshop.prim-hodinky.cz\/informace\/obchodni-podminky\"><span data-gbrx-id=\"gb-qfkbha\" data-gbrx-subfield=\"text\" >Obchodn\u00ed podm\u00ednky<\/span><\/a><img decoding=\"async\" class=\"brxe-image\" id=\"b-cluygv_m7xo8062\" src=\"https:\/\/new.prim-hodinky.cz\/wp-content\/uploads\/2025\/02\/Reklamace_02.webp\" alt><\/section><div id=\"b-tyagzm_m7xo9033\" class=\"brxe-div\"><\/div>","protected":false},"excerpt":{"rendered":"","protected":false},"author":1,"featured_media":0,"parent":0,"menu_order":0,"comment_status":"closed","ping_status":"closed","template":"templates\/gutenbricks-dynamic-template-default.php","meta":{"_acf_changed":false,"footnotes":""},"class_list":["post-29210","page","type-page","status-publish","hentry"],"acf":[],"_links":{"self":[{"href":"https:\/\/new.prim-hodinky.cz\/sk\/wp-json\/wp\/v2\/pages\/29210","targetHints":{"allow":["GET"]}}],"collection":[{"href":"https:\/\/new.prim-hodinky.cz\/sk\/wp-json\/wp\/v2\/pages"}],"about":[{"href":"https:\/\/new.prim-hodinky.cz\/sk\/wp-json\/wp\/v2\/types\/page"}],"author":[{"embeddable":true,"href":"https:\/\/new.prim-hodinky.cz\/sk\/wp-json\/wp\/v2\/users\/1"}],"replies":[{"embeddable":true,"href":"https:\/\/new.prim-hodinky.cz\/sk\/wp-json\/wp\/v2\/comments?post=29210"}],"version-history":[{"count":3,"href":"https:\/\/new.prim-hodinky.cz\/sk\/wp-json\/wp\/v2\/pages\/29210\/revisions"}],"predecessor-version":[{"id":30807,"href":"https:\/\/new.prim-hodinky.cz\/sk\/wp-json\/wp\/v2\/pages\/29210\/revisions\/30807"}],"wp:attachment":[{"href":"https:\/\/new.prim-hodinky.cz\/sk\/wp-json\/wp\/v2\/media?parent=29210"}],"curies":[{"name":"wp","href":"https:\/\/api.w.org\/{rel}","templated":true}]}}