{"id":29196,"date":"2025-03-06T19:07:34","date_gmt":"2025-03-06T18:07:34","guid":{"rendered":"https:\/\/new.prim-hodinky.cz\/prim-dnes-nove\/"},"modified":"2025-03-25T10:47:31","modified_gmt":"2025-03-25T09:47:31","slug":"prim-dnes","status":"publish","type":"page","link":"https:\/\/new.prim-hodinky.cz\/sk\/prim-dnes\/","title":{"rendered":"PRIM dnes"},"content":{"rendered":"<section id=\"b-fnelzb_m7xnc65l\" class=\"brxe-div\"><img decoding=\"async\" class=\"brxe-image\" id=\"b-kfobix_m7xnc65l\" src=\"https:\/\/new.prim-hodinky.cz\/wp-content\/uploads\/2025\/02\/PRIM-DNES-Hero-03.webp\" alt><div id=\"b-sugqub_m7xnc65l\" class=\"brxe-div mobile-view-section-width\"><h1 id=\"b-pgaefz_m7xnc65l\" class=\"brxe-heading h1 hero-sekce-heading-stylizace\">PRIM dnes<\/h1><\/div><div id=\"b-eixhqp_m7xnc65l\" class=\"brxe-div arrow-down hero-sekce-heading-stylizace\"><i id=\"b-wfisjw_m7xnc65l\" class=\"ion-md-arrow-round-down brxe-icon\"><\/i><\/div><\/section><section id=\"b-jnfdts_m7xncvzg\" class=\"brxe-div\"><h2 id=\"b-nmpsao_m7xncvzg\" class=\"brxe-heading h2\">Slovo majite\u013ea<\/h2><div id=\"b-pnliwt_m7xncvzg\" class=\"brxe-text-basic text\">Vitajte v digit\u00e1lnom svete hodiniek PRIM. Je pre n\u00e1s ve\u013ek\u00fdm pote\u0161en\u00edm predstavi\u0165 V\u00e1m n\u00e1\u0161 svet hodin\u00e1rstva a v\u0161etk\u00e9ho okolo neho. Za z\u00e1kladn\u00fd kame\u0148 hodiniek PRIM mo\u017eno pova\u017eova\u0165 rok 1946 v Liberci, av\u0161ak s\u00e9riov\u00e1 v\u00fdroba za\u010dala v roku 1957 a ofici\u00e1lny predaj sa za\u010dal 1. apr\u00edla 1958. Sme ve\u013emi zaviazan\u00ed k priekopn\u00edckemu duchu, inov\u00e1ci\u00e1m a chuti \u010deskoslovensk\u00fdch hodin\u00e1rov, v\u010faka ktor\u00fdm vznikla zna\u010dka PRIM. Zaviazali sme sa k tejto trad\u00edcii a u\u017e 20 rokov vyr\u00e1bame n\u00e1ramkov\u00e9 hodinky, ktor\u00e9 zodpovedaj\u00fa po\u017eiadavk\u00e1m a technol\u00f3gi\u00e1m dne\u0161nej doby. <br>   <br><br>Kolekcie hodiniek PRIM zodpovedaj\u00fa rozmanit\u00fdm n\u00e1rokom na\u0161ich z\u00e1kazn\u00edkov, preto pou\u017e\u00edvame \u0161irok\u00fa \u0161k\u00e1lu mot\u00edvov a kolekci\u00ed, ktor\u00e9 oslovia ka\u017ed\u00e9ho z V\u00e1s. V\u0161etky na\u0161e kolekcie vznikaj\u00fa za spolupr\u00e1ce s na\u0161imi partnermi a zamestnancami, ale hlavne ste to VY, na\u0161i z\u00e1kazn\u00edci, ktor\u00ed n\u00e1s motivuj\u00fa vyr\u00e1ba\u0165 nad\u010dasov\u00e9, modern\u00e9 a elegantn\u00e9 hodinky z kvalitn\u00fdch materi\u00e1lov.  <\/div><img decoding=\"async\" class=\"brxe-image\" id=\"b-cluygv_m7xncvzg\" src=\"https:\/\/new.prim-hodinky.cz\/wp-content\/uploads\/2025\/02\/Slovo-majitele_04.webp\" alt><\/section><div id=\"b-ickeyb_m7xne7p3\" class=\"brxe-div\"><div id=\"b-xsggmw_m7xne7p3\" class=\"brxe-div\"><\/div><h2 id=\"b-uzjhjf_m7xne7p3\" class=\"brxe-heading h2\">30 rokov rodinnej firmy<\/h2><\/div>\n<figure class=\"wp-block-embed is-type-video is-provider-youtube wp-block-embed-youtube wp-embed-aspect-16-9 wp-has-aspect-ratio\"><div class=\"wp-block-embed__wrapper\">\n<iframe loading=\"lazy\" title=\"Vyroci firmy MPM 30let\" width=\"500\" height=\"281\" src=\"https:\/\/www.youtube.com\/embed\/pkLoNbtVcsE?feature=oembed\" frameborder=\"0\" allow=\"accelerometer; autoplay; clipboard-write; encrypted-media; gyroscope; picture-in-picture; web-share\" referrerpolicy=\"strict-origin-when-cross-origin\" allowfullscreen><\/iframe>\n<\/div><\/figure>\n<div id=\"b-ickeyb_m85wq11z\" class=\"brxe-div\"><div id=\"b-xsggmw_m85wq11z\" class=\"brxe-div\"><\/div><h2 id=\"b-uzjhjf_m85wq11z\" class=\"brxe-heading h2\">Na\u0161a v\u00edzia<\/h2><\/div><div id=\"b-tyagzm_m7xnflkq\" class=\"brxe-div\"><\/div><div id=\"b-ekmfdl_m7xng4zs\" class=\"brxe-div\"><div id=\"b-dlqqzs_m7xng4zs\" class=\"brxe-text text\"><p class=\"has-text-align-center\">Ako v\u00fdrobca hodiniek PRIM sme sa zaviazali vytv\u00e1ra\u0165 origin\u00e1lne hodinky pre v\u0161etky gener\u00e1cie. Na\u0161ou v\u00edziou je, aby na\u0161i spokojn\u00ed z\u00e1kazn\u00edci mohli vlastni\u0165 nejedny modely hodiniek PRIM, ako klasick\u00e9, spolo\u010densk\u00e9, tak aj \u0161portov\u00e9, a aby ich tak sprev\u00e1dzali v \u017eivotnej ceste za \u00faspechom. Vytv\u00e1rame hodinky, ktor\u00e9 pod\u010diarkuj\u00fa charakteristiku majite\u013ea a hlavne s\u00fa vyroben\u00e9 z kvalitn\u00fdch materi\u00e1lov za dostupn\u00fa cenu pre v\u0161etk\u00fdch na\u0161ich z\u00e1kazn\u00edkov.  <\/p>\n<p class=\"has-text-align-center\">Prajeme v\u00e1m pr\u00edjemn\u00fa cestu na\u0161ou digit\u00e1lnou prezent\u00e1ciou PRIM a te\u0161\u00edme sa na va\u0161u n\u00e1v\u0161tevu. Va\u0161e dojmy s\u00fa pre n\u00e1s rovnako d\u00f4le\u017eit\u00e9 ako spokojnos\u0165 s na\u0161imi produktami. <\/p>\n<\/div><\/div><div id=\"b-fnejiz_m7xnm3st\" class=\"brxe-div\"><div id=\"brxe-xbonii\" class=\"brxe-text-basic h2\">Hodnoty<\/div><div id=\"b-ldbclg_m7xnm3st\" class=\"brxe-div\"><div id=\"b-gewrwz_m7xnm3st\" class=\"brxe-div\"><div id=\"brxe-umwtsb\" class=\"brxe-text-basic h3\">Profesionalita<\/div><\/div><div id=\"b-bjndgg_m7xnm3st\" class=\"brxe-div\"><div id=\"brxe-udvrzw\" class=\"brxe-text-basic h3\">Kvalita<\/div><\/div><div id=\"b-pynpje_m7xnm3st\" class=\"brxe-div\"><div id=\"brxe-ddscty\" class=\"brxe-text-basic h3\">Originalita<\/div><\/div><\/div><\/div><section id=\"b-jnfdts_m85wvwmf\" class=\"brxe-div\"><img decoding=\"async\" class=\"brxe-image\" id=\"b-cluygv_m85wvwmf\" src=\"https:\/\/new.prim-hodinky.cz\/wp-content\/uploads\/2025\/02\/Prim-dnes_03.webp\" alt><\/section><section id=\"b-jnfdts_m7xnnjyp\" class=\"brxe-div\"><h2 id=\"b-nmpsao_m7xnnjyp\" class=\"brxe-heading h2\">S\u00fa\u010dasnos\u0165<\/h2><div id=\"b-pnliwt_m7xnnjyp\" class=\"brxe-text-basic text\">Z\u00e1kladom pre \u00faspech a obnovu d\u00e1vno zabudnutej zna\u010dky PRIM bola dlhoro\u010dn\u00e1 spolupr\u00e1ca s obchodn\u00edkmi, ktor\u00ed na\u0161ej zna\u010dke veria a boli schopn\u00ed bezprostrednej komunik\u00e1cie so z\u00e1kazn\u00edkom a t\u00fdm o\u017eivi\u0165 z\u00e1ujem o kvalitn\u00e9 mechanick\u00e9 hodinky za dostupn\u00e9 ceny. Neoddelite\u013en\u00fdm podnetom pre v\u00fdvoj a rozvoj spolo\u010dnosti je rast\u00faca n\u00e1ro\u010dnos\u0165 a odli\u0161nos\u0165 z\u00e1kazn\u00edkov. <br><br>Hodinky PRIM z na\u0161ej produkcie s\u00fa neust\u00e1le testovan\u00e9 a vylep\u0161ovan\u00e9, preto ur\u010duj\u00fa trendy v obore. Medzi na\u0161ich z\u00e1kazn\u00edkov patria v\u00fdznamn\u00e9 osobnosti, \u0161portovci, celebrity, ale predov\u0161etk\u00fdm Vy, na\u0161i n\u00e1ro\u010dn\u00ed z\u00e1kazn\u00edci, ktor\u00ed oce\u0148uj\u00fa ka\u017edodenn\u00fa v\u00fddr\u017e a kvalitu hodiniek PRIM. Na\u0161i dizajn\u00e9ri a hodin\u00e1ri priamo v centr\u00e1le na\u0161ej spolo\u010dnosti pravidelne vym\u00fd\u0161\u013eaj\u00fa nov\u00e9 kolekcie a vyu\u017e\u00edvaj\u00fa najnov\u0161ie technol\u00f3gie a materi\u00e1ly.  <br><br>PRIM s\u00fa poctiv\u00e9 hodinky roben\u00e9 s l\u00e1skou, trad\u00edciou a sk\u00fasenost\u00ed. V novom mil\u00e9niu sme dali hodink\u00e1m PRIM nov\u00e9 srdce v modernom kab\u00e1te, a obnovili to, \u010do bolo po p\u00e1de socializmu zabudnut\u00e9. Klasick\u00fd a nad\u010dasov\u00fd vzh\u013ead PRIM hodiniek sa stal synonymom pre jednoduch\u00fa eleganciu. Pr\u00ed\u0165a\u017elivos\u0165 \u010desk\u00fdch hodiniek PRIM spo\u010d\u00edva v detailne premyslenom vzh\u013eade, ktor\u00fd perfektne dopln\u00ed spolo\u010densk\u00fd outfit rovnako efektne, ako ten le\u017e\u00e9rny. Hodinky PRIM s\u00fa jedine\u010dn\u00e9 modely, s ktor\u00fdmi vyst\u00fapite z davu a budete vlastni\u0165 origin\u00e1lny k\u00fasok.    <\/div><img decoding=\"async\" class=\"brxe-image\" id=\"b-cluygv_m7xnnjyp\" src=\"https:\/\/new.prim-hodinky.cz\/wp-content\/uploads\/2025\/02\/Technologie-kompletace-Hero_08.webp\" alt><\/section><div id=\"b-ikngzl_m7xnofmg\" class=\"brxe-div\"><div id=\"b-lwveot_m7xnofmg\" class=\"brxe-div\"><h2 id=\"brxe-gfplbr\" class=\"brxe-heading h2\">Preciosa a CZECH MADE<\/h2><\/div><div id=\"b-ztrjmc_m7xnofmg\" class=\"brxe-div\"><div id=\"b-seabkv_m7xnofmg\" class=\"brxe-text-basic text\">Vyr\u00e1bame hodinky tie\u017e pre svetovo zn\u00e1mu Preciosu a propagujeme po svete nielen komponenty \u010desk\u00fdch skl\u00e1rov, ale aj trad\u00edciu a kvalitu hodin\u00e1rskej v\u00fdroby pod zna\u010dkou PRIM v kombin\u00e1cii s na\u0161im origin\u00e1lnym dizajnom. Vyu\u017e\u00edvame z\u00e1zemie silnej firmy s 25 rokmi sk\u00fasenost\u00ed v obore hodin\u00e1r\u010diny, sme ako jedin\u00ed v hodin\u00e1rskom segmente dr\u017eite\u013emi certifik\u00e1tu CZECH MADE a ka\u017edoro\u010dne pravidelne certifikujeme nov\u00e9 modely PRIM. Vyu\u017e\u00edvame z\u00e1zemie silnej firmy s 25 rokmi sk\u00fasenost\u00ed v obore hodin\u00e1r\u010diny, sme ako jedin\u00ed v hodin\u00e1rskom segmente dr\u017eite\u013emi certifik\u00e1tu CZECH MADE a ka\u017edoro\u010dne pravidelne certifikujeme nov\u00e9 modely PRIM.<\/div><a id=\"b-ugknph_m7xnofmg\" class=\"brxe-button bricks-button bricks-background-primary\" href=\"https:\/\/new.prim-hodinky.cz\/certifikaty\/\"><span data-gbrx-id=\"gb-ugknph\" data-gbrx-subfield=\"text\" >Certifik\u00e1ty<\/span><\/a><\/div><img decoding=\"async\" class=\"brxe-image\" id=\"b-lwgpet_m7xnofmg\" src=\"https:\/\/new.prim-hodinky.cz\/wp-content\/uploads\/2024\/12\/LOGO-11-CZMade-250x242-1.webp\" alt><div id=\"b-dhgbfm_m7xnofmg\" class=\"brxe-div\"><img decoding=\"async\" class=\"brxe-image\" id=\"b-viaqsk_m7xnofmg\" src=\"https:\/\/new.prim-hodinky.cz\/wp-content\/uploads\/2025\/03\/prim-dnes.png\" alt><\/div><\/div><section id=\"b-jnfdts_m7xnrmwt\" class=\"brxe-div\"><h2 id=\"b-nmpsao_m7xnrmwt\" class=\"brxe-heading h2\">Technol\u00f3gie a komplet\u00e1cia<\/h2><div id=\"b-pnliwt_m7xnrmwt\" class=\"brxe-text-basic text\">Na\u0161a firma vyu\u017e\u00edva dlh\u00fa 28-ro\u010dn\u00fa trad\u00edciu a sk\u00fasenosti v hodin\u00e1rstve, a preto sme schopn\u00ed skompletizova\u0165 hodinky, ktor\u00e9 m\u00f4\u017eeme porovn\u00e1va\u0165 so svetovou konkurenciou modern\u00fdch hodiniek. Medzi na\u0161ich partnerov patria najv\u00e4\u010d\u0161ie hodin\u00e1rske firmy sveta, ktor\u00e9 vyu\u017e\u00edvaj\u00fa najmodernej\u0161ie a najpresnej\u0161ie technol\u00f3gie na v\u00fdrobu stroj\u010dekov. <br><br>Hodinky PRIM s\u00fa kompletovan\u00e9 a navrhovan\u00e9 priamo v centr\u00e1le na\u0161ej spolo\u010dnosti. Vytv\u00e1rame \u010dasti hodiniek, ale neopom\u00edname a vyu\u017e\u00edvame svetov\u00fdch partnerov, s ktor\u00fdmi spolupracujeme a vieme, \u017ee dod\u00e1vaj\u00fa najsofistikovanej\u0161ie a najmodernej\u0161ie technologicky n\u00e1ro\u010dn\u00e9 \u010dasti hodiniek v najvy\u0161\u0161ej mo\u017enej kvalite. Vytv\u00e1rame hodinky, ktor\u00e9 pod\u010diarkuj\u00fa charakteristiku majite\u013ea, a hlavne s\u00fa vyroben\u00e9 z kvalitn\u00fdch materi\u00e1lov za dostupn\u00fa cenu pre na\u0161ich z\u00e1kazn\u00edkov.  <\/div><div id=\"b-ocxlom_m7xnrmwt\" class=\"brxe-div\"><a id=\"b-joufzl_m7xnrmwt\" class=\"brxe-button bricks-button bricks-background-primary\" href=\"\/vyrobni-technologie\/#materialy\" data-brx-anchor=\"true\"><span data-gbrx-id=\"gb-joufzl\" data-gbrx-subfield=\"text\" >Materi\u00e1ly<\/span><\/a><a id=\"b-zazlqp_m7xnrmwt\" class=\"brxe-button bricks-button bricks-background-secondary\" href=\"\/vyrobni-technologie\/#strojky\" data-brx-anchor=\"true\"><span data-gbrx-id=\"gb-zazlqp\" data-gbrx-subfield=\"text\" >Tla\u010d\u00edtko<\/span><\/a><\/div><img decoding=\"async\" class=\"brxe-image\" id=\"b-cluygv_m7xnrmwt\" src=\"https:\/\/new.prim-hodinky.cz\/wp-content\/uploads\/2025\/02\/Technologie-kompletace-Hero_01.webp\" alt><\/section><div id=\"b-tyagzm_m7xnx0ze\" class=\"brxe-div\"><\/div>","protected":false},"excerpt":{"rendered":"","protected":false},"author":1,"featured_media":0,"parent":0,"menu_order":0,"comment_status":"closed","ping_status":"closed","template":"templates\/gutenbricks-dynamic-template-default.php","meta":{"_acf_changed":false,"footnotes":""},"class_list":["post-29196","page","type-page","status-publish","hentry"],"acf":[],"_links":{"self":[{"href":"https:\/\/new.prim-hodinky.cz\/sk\/wp-json\/wp\/v2\/pages\/29196","targetHints":{"allow":["GET"]}}],"collection":[{"href":"https:\/\/new.prim-hodinky.cz\/sk\/wp-json\/wp\/v2\/pages"}],"about":[{"href":"https:\/\/new.prim-hodinky.cz\/sk\/wp-json\/wp\/v2\/types\/page"}],"author":[{"embeddable":true,"href":"https:\/\/new.prim-hodinky.cz\/sk\/wp-json\/wp\/v2\/users\/1"}],"replies":[{"embeddable":true,"href":"https:\/\/new.prim-hodinky.cz\/sk\/wp-json\/wp\/v2\/comments?post=29196"}],"version-history":[{"count":5,"href":"https:\/\/new.prim-hodinky.cz\/sk\/wp-json\/wp\/v2\/pages\/29196\/revisions"}],"predecessor-version":[{"id":31024,"href":"https:\/\/new.prim-hodinky.cz\/sk\/wp-json\/wp\/v2\/pages\/29196\/revisions\/31024"}],"wp:attachment":[{"href":"https:\/\/new.prim-hodinky.cz\/sk\/wp-json\/wp\/v2\/media?parent=29196"}],"curies":[{"name":"wp","href":"https:\/\/api.w.org\/{rel}","templated":true}]}}