{"id":29136,"date":"2025-03-05T21:51:36","date_gmt":"2025-03-05T20:51:36","guid":{"rendered":"https:\/\/new.prim-hodinky.cz\/design-novy\/"},"modified":"2025-03-24T23:58:34","modified_gmt":"2025-03-24T22:58:34","slug":"dizajn","status":"publish","type":"page","link":"https:\/\/new.prim-hodinky.cz\/sk\/dizajn\/","title":{"rendered":"Dizajn"},"content":{"rendered":"<section id=\"b-fnelzb_m7wdi7v9\" class=\"brxe-div\"><img decoding=\"async\" class=\"brxe-image\" id=\"b-kfobix_m7wdi7v9\" src=\"https:\/\/new.prim-hodinky.cz\/wp-content\/uploads\/2025\/02\/Tampon-Hero_01.webp\" alt><div id=\"b-sugqub_m7wdi7v9\" class=\"brxe-div mobile-view-section-width\"><h1 id=\"b-pgaefz_m7wdi7v9\" class=\"brxe-heading h1 hero-sekce-heading-stylizace\">Od n\u00e1vrhu a\u017e po realiz\u00e1ciu<\/h1><div id=\"b-irbplf_m7wdi7v9\" class=\"brxe-div\"><a id=\"b-cvmlar_m7wdi7v9\" class=\"brxe-button bricks-button bricks-background-primary\"><span data-gbrx-id=\"gb-cvmlar\" data-gbrx-subfield=\"text\" >Tla\u010d\u00edtko<\/span><\/a><\/div><\/div><div id=\"b-eixhqp_m7wdi7v9\" class=\"brxe-div arrow-down hero-sekce-heading-stylizace\"><i id=\"b-wfisjw_m7wdi7v9\" class=\"ion-md-arrow-round-down brxe-icon\"><\/i><\/div><\/section><section id=\"b-hafbgm_m7wdofkv\" class=\"brxe-section\"><div id=\"b-ikkubf_m7wdofkv\" class=\"brxe-div\"><div id=\"b-jjgtce_m7wdofkv\" class=\"brxe-div\"><h2 id=\"b-kjlcxg_m7wdofkv\" class=\"brxe-heading h2\">N\u00e1vrh<\/h2><\/div><div id=\"b-yodqwp_m7wdofkv\" class=\"brxe-div\"><div id=\"b-qcphva_m7wdofkv\" class=\"brxe-text-basic text\">V na\u0161ej spolo\u010dnosti pracuje ve\u013ea talentovan\u00fdch grafikov a dizajn\u00e9rov, ktor\u00ed sa podie\u013eaj\u00fa na dizajne hodiniek PRIM od jednotliv\u00fdch modelov a\u017e po limitovan\u00e9 ed\u00edcie. Nezab\u00fadame oslovova\u0165 mlad\u00e9 talenty, ktor\u00e9 s\u00fa pre v\u00fdvoj inovat\u00edvnych designov k\u013e\u00fa\u010dom k \u00faspechov. <br>Na\u0161e grafick\u00e9 \u0161t\u00fadio pripravuje jednotliv\u00e9 modely hodiniek PRIM od prv\u00fdch n\u00e1vrhov vo forme z\u00e1kladn\u00fdch sk\u00edc a\u017e po kompletn\u00e9 grafick\u00e9 n\u00e1vrhy obsahuj\u00face presn\u00e9 n\u00e1kresy, popis a parametre v\u0161etk\u00fdch s\u00fa\u010dast\u00ed od ru\u010di\u010diek a cifern\u00edku cez puzdro a korunku a\u017e po samotn\u00fd stroj\u010dek.<\/div><\/div><div id=\"b-fsdqlq_m7wdofkv\" class=\"brxe-div\"><div id=\"b-dxwpzi_m7wdofkv\" data-script-id=\"dxwpzi_m7wdofkv\" class=\"brxe-slider-nested splide\" data-splide=\"{&quot;type&quot;:&quot;loop&quot;,&quot;direction&quot;:&quot;ltr&quot;,&quot;keyboard&quot;:&quot;global&quot;,&quot;height&quot;:&quot;fit-content&quot;,&quot;gap&quot;:&quot;0px&quot;,&quot;start&quot;:0,&quot;perPage&quot;:4,&quot;perMove&quot;:1,&quot;speed&quot;:&quot;2000&quot;,&quot;interval&quot;:3000,&quot;autoHeight&quot;:false,&quot;autoplay&quot;:true,&quot;pauseOnHover&quot;:true,&quot;pauseOnFocus&quot;:false,&quot;arrows&quot;:true,&quot;pagination&quot;:false,&quot;mediaQuery&quot;:&quot;max&quot;,&quot;breakpoints&quot;:{&quot;1279&quot;:{&quot;type&quot;:&quot;loop&quot;,&quot;height&quot;:&quot;fit-content&quot;,&quot;perPage&quot;:&quot;4&quot;,&quot;speed&quot;:&quot;2000&quot;,&quot;autoplay&quot;:true,&quot;pauseOnHover&quot;:true,&quot;arrows&quot;:true},&quot;1169&quot;:{&quot;perPage&quot;:&quot;2&quot;},&quot;478&quot;:{&quot;perPage&quot;:&quot;1&quot;}}}\"><div class=\"splide__track\"><div class=\"splide__list\"><div id=\"b-stpilo_m7wdofkv\" class=\"brxe-block\"><img decoding=\"async\" class=\"brxe-image\" id=\"b-qdedaj_m7wdofkv\" src=\"https:\/\/new.prim-hodinky.cz\/wp-content\/uploads\/2025\/02\/Navrh_05-e1738915073144.webp\" alt><\/div><div id=\"b-gjchvz_m7wdofkv\" class=\"brxe-block\"><img decoding=\"async\" class=\"brxe-image\" id=\"b-aedhly_m7wdofkv\" src=\"https:\/\/new.prim-hodinky.cz\/wp-content\/uploads\/2025\/02\/Navrh_06.webp\" alt><\/div><div id=\"b-ylwhnc_m7wdofkv\" class=\"brxe-block\"><img decoding=\"async\" class=\"brxe-image\" id=\"b-ktxkkw_m7wdofkv\" src=\"https:\/\/new.prim-hodinky.cz\/wp-content\/uploads\/2025\/02\/Navrh_07.webp\" alt><\/div><div id=\"b-tgehos_m7wdofkv\" class=\"brxe-block\"><img decoding=\"async\" class=\"brxe-image\" id=\"b-rwgrga_m7wdofkv\" src=\"https:\/\/new.prim-hodinky.cz\/wp-content\/uploads\/2025\/02\/Navrh_01-1.webp\" alt><\/div><div id=\"b-yvmiim_m7wdofkv\" class=\"brxe-block\"><img decoding=\"async\" class=\"brxe-image\" id=\"b-fhsyqf_m7wdofkv\" src=\"https:\/\/new.prim-hodinky.cz\/wp-content\/uploads\/2025\/02\/IMG_9278.jpg\" alt><\/div><\/div><\/div><div class=\"splide__arrows custom\"><button class=\"splide__arrow splide__arrow--prev\" type=\"button\"><i class=\"ion-ios-arrow-back\"><\/i><\/button><button class=\"splide__arrow splide__arrow--next\" type=\"button\"><i class=\"ion-ios-arrow-forward\"><\/i><\/button><\/div><\/div><\/div><\/div><\/section><section id=\"b-hafbgm_m7we1cv0\" class=\"brxe-section\"><div id=\"b-ikkubf_m7we1cv0\" class=\"brxe-div\"><div id=\"b-jjgtce_m7we1cv0\" class=\"brxe-div\"><h2 id=\"b-kjlcxg_m7we1cv0\" class=\"brxe-heading h2\">V\u00fdroba<\/h2><\/div><div id=\"b-yodqwp_m7we1cv0\" class=\"brxe-div\"><div id=\"b-qcphva_m7we1cv0\" class=\"brxe-text-basic text\">V\u00fdroba hodiniek a pr\u00edprava nov\u00fdch modelov trv\u00e1 aj nieko\u013eko mesiacov. Ka\u017ed\u00e1 z na\u0161ich kolekci\u00ed prech\u00e1dza komplexn\u00fdm v\u00fdberom materi\u00e1lov, farieb, stroj\u010dekov a ich dizajn tak zodpoved\u00e1 trendom danej doby. <br>Pozrite si proces v\u00fdroby na\u0161ich hodiniek \u2013 vyu\u017e\u00edvame z\u00e1zemie modernej firmy a spolupracujeme s v\u00fdrobcami, ktor\u00ed pon\u00fakaj\u00fa modern\u00e9 postupy a s\u00fa jednotkou vo svojom obore. Dlhoro\u010dn\u00e1 prax v obore n\u00e1m v\u010faka skvelej kooper\u00e1cii a networkingu so zahrani\u010dn\u00fdmi partnermi umo\u017e\u0148uje pon\u00faka\u0165 kvalitn\u00e9 produkty za dostupn\u00e9 ceny pre v\u0161etk\u00fdch z\u00e1kazn\u00edkov. \u010ci u\u017e sa jedn\u00e1 o spolupr\u00e1cu so \u0161vaj\u010diarskym v\u00fdrobcom alebo japonsk\u00fdm majstrom, u n\u00e1s si vyberie ka\u017ed\u00fd.   <\/div><\/div><div id=\"b-fsdqlq_m7we1cv0\" class=\"brxe-div\"><div id=\"b-dxwpzi_m7we1cv0\" data-script-id=\"dxwpzi_m7we1cv0\" class=\"brxe-slider-nested splide\" data-splide=\"{&quot;type&quot;:&quot;loop&quot;,&quot;direction&quot;:&quot;ltr&quot;,&quot;keyboard&quot;:&quot;global&quot;,&quot;height&quot;:&quot;fit-content&quot;,&quot;gap&quot;:&quot;0px&quot;,&quot;start&quot;:0,&quot;perPage&quot;:4,&quot;perMove&quot;:1,&quot;speed&quot;:&quot;2000&quot;,&quot;interval&quot;:3000,&quot;autoHeight&quot;:false,&quot;autoplay&quot;:true,&quot;pauseOnHover&quot;:true,&quot;pauseOnFocus&quot;:false,&quot;arrows&quot;:true,&quot;pagination&quot;:false,&quot;mediaQuery&quot;:&quot;max&quot;,&quot;breakpoints&quot;:{&quot;1279&quot;:{&quot;type&quot;:&quot;loop&quot;,&quot;height&quot;:&quot;fit-content&quot;,&quot;perPage&quot;:&quot;4&quot;,&quot;speed&quot;:&quot;2000&quot;,&quot;autoplay&quot;:true,&quot;pauseOnHover&quot;:true,&quot;arrows&quot;:true},&quot;1169&quot;:{&quot;perPage&quot;:&quot;2&quot;},&quot;478&quot;:{&quot;perPage&quot;:&quot;1&quot;}}}\"><div class=\"splide__track\"><div class=\"splide__list\"><div id=\"b-stpilo_m7we1cv0\" class=\"brxe-block\"><img decoding=\"async\" class=\"brxe-image\" id=\"b-qdedaj_m7we1cv0\" src=\"https:\/\/new.prim-hodinky.cz\/wp-content\/uploads\/2025\/02\/INDIVIDUALIZACE_CSA-10.jpg\" alt><\/div><div id=\"b-gjchvz_m7we1cv0\" class=\"brxe-block\"><img decoding=\"async\" class=\"brxe-image\" id=\"b-aedhly_m7we1cv0\" src=\"https:\/\/new.prim-hodinky.cz\/wp-content\/uploads\/2025\/02\/indiviudalizace_you_match_01-1-e1738915360985.jpg\" alt><\/div><div id=\"b-ylwhnc_m7we1cv0\" class=\"brxe-block\"><img decoding=\"async\" class=\"brxe-image\" id=\"b-ktxkkw_m7we1cv0\" src=\"https:\/\/new.prim-hodinky.cz\/wp-content\/uploads\/2025\/02\/Vyroba-hodinek_05.webp\" alt><\/div><div id=\"b-tgehos_m7we1cv0\" class=\"brxe-block\"><img decoding=\"async\" class=\"brxe-image\" id=\"b-rwgrga_m7we1cv0\" src=\"https:\/\/new.prim-hodinky.cz\/wp-content\/uploads\/2025\/02\/Vyroba-hodinek_01.webp\" alt><\/div><div id=\"b-yvmiim_m7we1cv0\" class=\"brxe-block\"><img decoding=\"async\" class=\"brxe-image\" id=\"b-fhsyqf_m7we1cv0\" src=\"https:\/\/new.prim-hodinky.cz\/wp-content\/uploads\/2025\/02\/Navrh_08-1.webp\" alt><\/div><\/div><\/div><div class=\"splide__arrows custom\"><button class=\"splide__arrow splide__arrow--prev\" type=\"button\"><i class=\"ion-ios-arrow-back\"><\/i><\/button><button class=\"splide__arrow splide__arrow--next\" type=\"button\"><i class=\"ion-ios-arrow-forward\"><\/i><\/button><\/div><\/div><\/div><\/div><\/section><section id=\"b-hafbgm_m7we4jgw\" class=\"brxe-section\"><div id=\"b-ikkubf_m7we4jgw\" class=\"brxe-div\"><div id=\"b-jjgtce_m7we4jgw\" class=\"brxe-div\"><h2 id=\"b-kjlcxg_m7we4jgw\" class=\"brxe-heading h2\">Kompletiz\u00e1cia<\/h2><\/div><div id=\"b-yodqwp_m7we4jgw\" class=\"brxe-div\"><div id=\"b-qcphva_m7we4jgw\" class=\"brxe-text-basic text\">Prezrite si proces kompletiz\u00e1cie hodiniek PRIM. Ka\u017ed\u00fd z modelov je starostlivo zlo\u017een\u00fd, skontrolovan\u00fd a testovan\u00fd. Ka\u017edoro\u010dne kompletujeme tis\u00edce hodiniek, testujeme nov\u00e9 modely, ktor\u00e9 potom prech\u00e1dzaj\u00fa n\u00e1ro\u010dn\u00fdmi testami, aby sme overili materi\u00e1ly, povrchy, vodeodolnos\u0165 a presnos\u0165. <br>Proces kompletiz\u00e1cie tie\u017e vykon\u00e1vame pri individualiz\u00e1cii nov\u00fdch modelov hodiniek a pri v\u00fdrobe prototypov nov\u00fdch kolekci\u00ed. Farebn\u00e9 vari\u00e1cie materi\u00e1lov, cifern\u00edkov, ru\u010di\u010diek a remienkov umo\u017e\u0148uje na\u0161\u00edm dizajn\u00e9rom vytv\u00e1ra\u0165 prototypy a testova\u0165 tak nov\u00e9 farebn\u00e9 kombin\u00e1cie.   <\/div><\/div><div id=\"b-fsdqlq_m7we4jgw\" class=\"brxe-div\"><div id=\"b-dxwpzi_m7we4jgw\" data-script-id=\"dxwpzi_m7we4jgw\" class=\"brxe-slider-nested splide\" data-splide=\"{&quot;type&quot;:&quot;loop&quot;,&quot;direction&quot;:&quot;ltr&quot;,&quot;keyboard&quot;:&quot;global&quot;,&quot;height&quot;:&quot;fit-content&quot;,&quot;gap&quot;:&quot;0px&quot;,&quot;start&quot;:0,&quot;perPage&quot;:4,&quot;perMove&quot;:1,&quot;speed&quot;:&quot;2000&quot;,&quot;interval&quot;:3000,&quot;autoHeight&quot;:false,&quot;autoplay&quot;:true,&quot;pauseOnHover&quot;:true,&quot;pauseOnFocus&quot;:false,&quot;arrows&quot;:true,&quot;pagination&quot;:false,&quot;mediaQuery&quot;:&quot;max&quot;,&quot;breakpoints&quot;:{&quot;1279&quot;:{&quot;type&quot;:&quot;loop&quot;,&quot;height&quot;:&quot;fit-content&quot;,&quot;perPage&quot;:&quot;4&quot;,&quot;speed&quot;:&quot;2000&quot;,&quot;autoplay&quot;:true,&quot;pauseOnHover&quot;:true,&quot;arrows&quot;:true},&quot;1169&quot;:{&quot;perPage&quot;:&quot;2&quot;},&quot;478&quot;:{&quot;perPage&quot;:&quot;1&quot;}}}\"><div class=\"splide__track\"><div class=\"splide__list\"><div id=\"b-stpilo_m7we4jgw\" class=\"brxe-block\"><img decoding=\"async\" class=\"brxe-image\" id=\"b-qdedaj_m7we4jgw\" src=\"https:\/\/new.prim-hodinky.cz\/wp-content\/uploads\/2025\/02\/IMG_9768.jpg\" alt><\/div><div id=\"b-gjchvz_m7we4jgw\" class=\"brxe-block\"><img decoding=\"async\" class=\"brxe-image\" id=\"b-aedhly_m7we4jgw\" src=\"https:\/\/new.prim-hodinky.cz\/wp-content\/uploads\/2025\/02\/1.jpg\" alt><\/div><div id=\"b-ylwhnc_m7we4jgw\" class=\"brxe-block\"><img decoding=\"async\" class=\"brxe-image\" id=\"b-ktxkkw_m7we4jgw\" src=\"https:\/\/new.prim-hodinky.cz\/wp-content\/uploads\/2025\/02\/IMG_5102.jpg\" alt><\/div><div id=\"b-tgehos_m7we4jgw\" class=\"brxe-block\"><img decoding=\"async\" class=\"brxe-image\" id=\"b-rwgrga_m7we4jgw\" src=\"https:\/\/new.prim-hodinky.cz\/wp-content\/uploads\/2025\/02\/IMG_9818.jpg\" alt><\/div><div id=\"b-yvmiim_m7we4jgw\" class=\"brxe-block\"><img decoding=\"async\" class=\"brxe-image\" id=\"b-fhsyqf_m7we4jgw\" src=\"https:\/\/new.prim-hodinky.cz\/wp-content\/uploads\/2025\/02\/IMG_9864.jpg\" alt><\/div><\/div><\/div><div class=\"splide__arrows custom\"><button class=\"splide__arrow splide__arrow--prev\" type=\"button\"><i class=\"ion-ios-arrow-back\"><\/i><\/button><button class=\"splide__arrow splide__arrow--next\" type=\"button\"><i class=\"ion-ios-arrow-forward\"><\/i><\/button><\/div><\/div><\/div><\/div><\/section><div id=\"b-qdovdx_m7we7sjk\" class=\"brxe-div\"><\/div>","protected":false},"excerpt":{"rendered":"","protected":false},"author":1,"featured_media":0,"parent":0,"menu_order":0,"comment_status":"closed","ping_status":"closed","template":"templates\/gutenbricks-dynamic-template-default.php","meta":{"_acf_changed":false,"footnotes":""},"class_list":["post-29136","page","type-page","status-publish","hentry"],"acf":[],"_links":{"self":[{"href":"https:\/\/new.prim-hodinky.cz\/sk\/wp-json\/wp\/v2\/pages\/29136","targetHints":{"allow":["GET"]}}],"collection":[{"href":"https:\/\/new.prim-hodinky.cz\/sk\/wp-json\/wp\/v2\/pages"}],"about":[{"href":"https:\/\/new.prim-hodinky.cz\/sk\/wp-json\/wp\/v2\/types\/page"}],"author":[{"embeddable":true,"href":"https:\/\/new.prim-hodinky.cz\/sk\/wp-json\/wp\/v2\/users\/1"}],"replies":[{"embeddable":true,"href":"https:\/\/new.prim-hodinky.cz\/sk\/wp-json\/wp\/v2\/comments?post=29136"}],"version-history":[{"count":6,"href":"https:\/\/new.prim-hodinky.cz\/sk\/wp-json\/wp\/v2\/pages\/29136\/revisions"}],"predecessor-version":[{"id":30753,"href":"https:\/\/new.prim-hodinky.cz\/sk\/wp-json\/wp\/v2\/pages\/29136\/revisions\/30753"}],"wp:attachment":[{"href":"https:\/\/new.prim-hodinky.cz\/sk\/wp-json\/wp\/v2\/media?parent=29136"}],"curies":[{"name":"wp","href":"https:\/\/api.w.org\/{rel}","templated":true}]}}