{"id":23630,"date":"2024-10-19T07:13:44","date_gmt":"2024-10-19T06:13:44","guid":{"rendered":"https:\/\/new.prim-hodinky.cz\/darcekove-poukazy\/"},"modified":"2025-03-25T00:33:09","modified_gmt":"2025-03-24T23:33:09","slug":"darcekove-poukazy","status":"publish","type":"page","link":"https:\/\/new.prim-hodinky.cz\/sk\/darcekove-poukazy\/","title":{"rendered":"Dar\u010dekov\u00e9 poukazy"},"content":{"rendered":"<section id=\"b-pjobmz_m34fm6zu\" class=\"brxe-section\"><h1 id=\"b-nyspwe_m34fm6zu\" class=\"brxe-heading h1 hero-sekce-heading-stylizace\">Dar\u010dekov\u00e9 poukazy<\/h1><div id=\"b-qnoisq_m34fm6zu\" class=\"brxe-div arrow-down hero-sekce-heading-stylizace\"><i id=\"b-lrolgg_m34fm6zu\" class=\"ion-md-arrow-round-down brxe-icon\"><\/i><\/div><\/section><section class=\"brxe-whwxbo brxe-div\"><h2 id=\"b-trdcer_m34fm6zu\" class=\"brxe-trdcer brxe-heading h1 b-trdcer_m34fm6zu\">Darujte \u010das, ktor\u00fd zostane<\/h2><div id=\"b-yydgvg_m34fm6zu\" class=\"brxe-yydgvg brxe-text text b-yydgvg_m34fm6zu\"><p style=\"text-align:center\">Radi by ste svojich najbli\u017e\u0161\u00edch, priate\u013eov, firemn\u00fdch partnerov \u010di zamestnancov obdarovali hodinkami PRIM a neviete ak\u00fd model vybra\u0165? Pr\u00e1ve pre V\u00e1s sme pripravili \u0161peci\u00e1lne dar\u010dekov\u00e9 poukazy na tovar zna\u010dky PRIM. <\/p>\n<\/div><div id=\"b-dcsnlg_m34fm6zu\" class=\"brxe-dcsnlg brxe-text text b-dcsnlg_m34fm6zu\"><p style=\"text-align:center\">Vyberte si z dar\u010dekov\u00fdch poukazov v nomin\u00e1lnych hodnot\u00e1ch 18 \u2013 367 \u20ac v na\u0161om e-shope. Obdarovan\u00fd si m\u00f4\u017ee vybra\u0165 tovar PRIM, ktor\u00e9 presne zodpoved\u00e1 jeho potreb\u00e1m. <\/p>\n<\/div><div id=\"b-clnkhv_m34fm6zu\" class=\"brxe-clnkhv brxe-text text b-clnkhv_m34fm6zu\"><p style=\"text-align:center\">Svojim najbli\u017e\u0161\u00edm \u010di priate\u013eom m\u00f4\u017eete darova\u0165 kr\u00e1sny dar\u010dek pre v\u00fdnimo\u010dn\u00e9 pr\u00edle\u017eitosti ako s\u00fa narodeniny, po\u010fakovania alebo gratul\u00e1cie. Pre firmy sa m\u00f4\u017ee jedna\u0165 o zauj\u00edmav\u00fd dar\u010dek pred koncom roka pre obchodn\u00fdch partnerov alebo pre ocenenie dlhoro\u010dnej pr\u00e1ce zamestnancov. <\/p>\n<\/div><div id=\"b-lhsjhf_m34fm6zu\" class=\"brxe-lhsjhf brxe-text text b-lhsjhf_m34fm6zu\"><p style=\"text-align:center\">Dar\u010dekov\u00fd poukaz je mo\u017en\u00e9 zak\u00fapi\u0165 prostredn\u00edctvom internetu \u2013 poukaz potom bude zaslan\u00fd e-mailom. Druh\u00fdm variantom je zak\u00fapenie poukazu priamo v podnikovej predajni PRIM (Legion\u00e1rska 618, Tren\u010d\u00edn, SK alebo P\u0159\u00edborsk\u00e1 1473, Fr\u00fddek-M\u00edstek, CZ). V pr\u00edpade z\u00e1ujmu o in\u00fa sumu alebo poukaz s firemn\u00fdm logom n\u00e1s kontaktujte na <b><a href=\"mailto:individualizace@prim-hodinky.cz\">obchod@mpm-quality.sk<\/a><\/b>.  <\/p>\n<\/div><\/section><section id=\"b-wubcji_m34fm6zu\" class=\"brxe-div\"><h3 id=\"b-ligkmo_m34fm6zu\" class=\"brxe-heading h3\">Pravidl\u00e1 pre vyu\u017eitie dar\u010dekov\u00e9ho poukazu:<\/h3><div id=\"b-smhxud_m34fm6zu\" class=\"brxe-div\"><div id=\"brxe-mqrbxx\" class=\"brxe-text text\"><ol>\n<li>Objednanie dar\u010dekov\u00e9ho poukazu na e-shope.<\/li>\n<li>Po obdr\u017ean\u00ed platby bude dar\u010dekov\u00fd poukaz zaslan\u00fd na e-mailov\u00fa adresu.<\/li>\n<li>Mo\u017enos\u0165 vytla\u010denia dar\u010dekov\u00e9ho poukazu a zaslanie na adresu (+4 \u20ac), t\u00fato slu\u017ebu je mo\u017en\u00e9 vybra\u0165 v e-shope.<\/li>\n<li>Obdarovan\u00fd m\u00f4\u017ee vyu\u017ei\u0165 dar\u010dekov\u00fd poukaz:\n<ul>\n<li>V podnikov\u00fdch predajniach PRIM (Legion\u00e1rska 618, 911 01 Tren\u010d\u00edn, SK, alebo P\u0159\u00edborsk\u00e1 1473, 730801 Fr\u00fddek-M\u00edstek, CZ, kedy je potrebn\u00e9 predlo\u017ei\u0165 dar\u010dekov\u00fd poukaz v tla\u010denej podobe<\/li>\n<li>Na e-shope (eshop.prim-hodinky.cz) za pou\u017eitia unik\u00e1tneho jednorazov\u00e9ho k\u00f3du, ktor\u00fd je s\u00fa\u010das\u0165ou poukazu. Pre uplatnenie pouk\u00e1\u017eky pri n\u00e1kupe cez internet zadajte k\u00f3d poukazu do pol\u00ed\u010dka \u201ez\u013eavov\u00fd kup\u00f3n\u201c v objedn\u00e1vke. Cena objedn\u00e1vky bude odpo\u010d\u00edtan\u00e1 o sumu poukazu.<\/li>\n<\/ul>\n<\/li>\n<li>Platnos\u0165 dar\u010dekov\u00e9ho poukazu je obmedzen\u00e1 na 12 mesiacov od d\u00e1tumu vydania. Po uplynut\u00ed doby platnosti uvedenej na dar\u010dekov\u00e9 pouk\u00e1\u017eke nie je mo\u017en\u00e9 dar\u010dekov\u00fa pouk\u00e1\u017eku pou\u017ei\u0165. <\/li>\n<li>V pr\u00edpade, \u017ee je cena tovaru vy\u0161\u0161ia ako hodnota dar\u010dekov\u00e9ho poukazu, mo\u017eno rozdiel ceny doplati\u0165 \u0161tandardn\u00fdm sp\u00f4sobom, a to v podnikovej predajni, alebo na e-shope.<\/li>\n<li>Dar\u010dekov\u00fd poukaz je platn\u00fd iba raz. Poukaz nie je mo\u017en\u00e9 vymeni\u0165 za peniaze. Nevy\u010derpan\u00e1 \u010das\u0165 hodnoty dar\u010dekov\u00e9ho poukazu sa nevracia.  <\/li>\n<\/ol>\n<\/div><a id=\"b-slursr_m34fm6zu\" class=\"brxe-button bricks-button bricks-background-primary\" href=\"https:\/\/eshop.prim-hodinky.cz\/vyhledavani?products-query=poukazy&#038;query=poukazy&#038;_do=searchForm-submit\" target=\"_blank\"><span data-gbrx-id=\"gb-slursr\" data-gbrx-subfield=\"text\" >Objednat poukaz<\/span><\/a><\/div><\/section>","protected":false},"excerpt":{"rendered":"","protected":false},"author":1,"featured_media":0,"parent":0,"menu_order":0,"comment_status":"closed","ping_status":"closed","template":"templates\/gutenbricks-dynamic-template-default.php","meta":{"_acf_changed":false,"footnotes":""},"class_list":["post-23630","page","type-page","status-publish","hentry"],"acf":[],"_links":{"self":[{"href":"https:\/\/new.prim-hodinky.cz\/sk\/wp-json\/wp\/v2\/pages\/23630","targetHints":{"allow":["GET"]}}],"collection":[{"href":"https:\/\/new.prim-hodinky.cz\/sk\/wp-json\/wp\/v2\/pages"}],"about":[{"href":"https:\/\/new.prim-hodinky.cz\/sk\/wp-json\/wp\/v2\/types\/page"}],"author":[{"embeddable":true,"href":"https:\/\/new.prim-hodinky.cz\/sk\/wp-json\/wp\/v2\/users\/1"}],"replies":[{"embeddable":true,"href":"https:\/\/new.prim-hodinky.cz\/sk\/wp-json\/wp\/v2\/comments?post=23630"}],"version-history":[{"count":4,"href":"https:\/\/new.prim-hodinky.cz\/sk\/wp-json\/wp\/v2\/pages\/23630\/revisions"}],"predecessor-version":[{"id":30917,"href":"https:\/\/new.prim-hodinky.cz\/sk\/wp-json\/wp\/v2\/pages\/23630\/revisions\/30917"}],"wp:attachment":[{"href":"https:\/\/new.prim-hodinky.cz\/sk\/wp-json\/wp\/v2\/media?parent=23630"}],"curies":[{"name":"wp","href":"https:\/\/api.w.org\/{rel}","templated":true}]}}