{"id":29192,"date":"2025-03-06T19:07:34","date_gmt":"2025-03-06T18:07:34","guid":{"rendered":"https:\/\/new.prim-hodinky.cz\/prim-dnes-nove\/"},"modified":"2025-03-25T10:47:06","modified_gmt":"2025-03-25T09:47:06","slug":"prim-dzisiaj","status":"publish","type":"page","link":"https:\/\/new.prim-hodinky.cz\/pl\/prim-dzisiaj\/","title":{"rendered":"PRIM dzisiaj"},"content":{"rendered":"<section id=\"b-fnelzb_m7xnc65l\" class=\"brxe-div\"><img decoding=\"async\" class=\"brxe-image\" id=\"b-kfobix_m7xnc65l\" src=\"https:\/\/new.prim-hodinky.cz\/wp-content\/uploads\/2025\/02\/PRIM-DNES-Hero-03.webp\" alt><div id=\"b-sugqub_m7xnc65l\" class=\"brxe-div mobile-view-section-width\"><h1 id=\"b-pgaefz_m7xnc65l\" class=\"brxe-heading h1 hero-sekce-heading-stylizace\">PRIM dzisiaj<\/h1><\/div><div id=\"b-eixhqp_m7xnc65l\" class=\"brxe-div arrow-down hero-sekce-heading-stylizace\"><i id=\"b-wfisjw_m7xnc65l\" class=\"ion-md-arrow-round-down brxe-icon\"><\/i><\/div><\/section><section id=\"b-jnfdts_m7xncvzg\" class=\"brxe-div\"><h2 id=\"b-nmpsao_m7xncvzg\" class=\"brxe-heading h2\">S\u0142owo w\u0142a\u015bciciela<\/h2><div id=\"b-pnliwt_m7xncvzg\" class=\"brxe-text-basic text\">Witamy w cyfrowym \u015bwiecie zegark\u00f3w PRIM. Jest dla nas du\u017cym zaszczytem przedstawi\u0107 nasz \u015bwiat zegarmistrzowski i wszystko, co go dotyczy. Za kamie\u0144 w\u0119gielny zegark\u00f3w PRIM mo\u017cna uzna\u0107 rok 1946 w Libercu, jednak\u017ce produkcja seryjna zosta\u0142a zapocz\u0105tkowana w roku 1957, a oficjaln\u0105 sprzeda\u017c rozpocz\u0119to 1 kwietnia 1958 r. Jeste\u015bmy bardzo przywi\u0105zani do pionierskiego ducha, innowacji i ch\u0119ci zegarmistrz\u00f3w czechos\u0142owackich, dzi\u0119ki kt\u00f3rym zaistnia\u0142a marka PRIM. Zobowi\u0105zali\u015bmy si\u0119 do tej tradycji i ju\u017c 20 lat produkujemy zegarki nar\u0119czne, kt\u00f3re odpowiadaj\u0105 wymaganiom i technologii dzisiejszych czas\u00f3w.   <br><br>Kolekcje zegark\u00f3w PRIM odpowiadaj\u0105 r\u00f3\u017cnorodnym wymaganiom naszych klient\u00f3w, dlatego stosujemy szerok\u0105 gam\u0119 motyw\u00f3w i kolekcji, kt\u00f3re przem\u00f3wi\u0105 do ka\u017cdego z Was. Wszelkie nasze kolekcje powstaj\u0105 we wsp\u00f3\u0142pracy z naszymi partnerami i pracownikami, ale na pierwszym miejscu jeste\u015bcie Wy, nasi klienci, kt\u00f3rzy motywujecie nas do produkcji ponadczasowych, nowoczesnych i eleganckich zegark\u00f3w z jako\u015bciowych materia\u0142\u00f3w.  <\/div><img decoding=\"async\" class=\"brxe-image\" id=\"b-cluygv_m7xncvzg\" src=\"https:\/\/new.prim-hodinky.cz\/wp-content\/uploads\/2025\/02\/Slovo-majitele_04.webp\" alt><\/section><div id=\"b-ickeyb_m7xne7p3\" class=\"brxe-div\"><div id=\"b-xsggmw_m7xne7p3\" class=\"brxe-div\"><\/div><h2 id=\"b-uzjhjf_m7xne7p3\" class=\"brxe-heading h2\">30 lat firmy rodzinnej<\/h2><\/div>\n<figure class=\"wp-block-embed is-type-video is-provider-youtube wp-block-embed-youtube wp-embed-aspect-16-9 wp-has-aspect-ratio\"><div class=\"wp-block-embed__wrapper\">\n<iframe loading=\"lazy\" title=\"Vyroci firmy MPM 30let\" width=\"500\" height=\"281\" src=\"https:\/\/www.youtube.com\/embed\/pkLoNbtVcsE?feature=oembed\" frameborder=\"0\" allow=\"accelerometer; autoplay; clipboard-write; encrypted-media; gyroscope; picture-in-picture; web-share\" referrerpolicy=\"strict-origin-when-cross-origin\" allowfullscreen><\/iframe>\n<\/div><\/figure>\n<div id=\"b-ickeyb_m85wq11z\" class=\"brxe-div\"><div id=\"b-xsggmw_m85wq11z\" class=\"brxe-div\"><\/div><h2 id=\"b-uzjhjf_m85wq11z\" class=\"brxe-heading h2\">NASZA WIZJA<\/h2><\/div><div id=\"b-tyagzm_m7xnflkq\" class=\"brxe-div\"><\/div><div id=\"b-ekmfdl_m7xng4zs\" class=\"brxe-div\"><div id=\"b-dlqqzs_m7xng4zs\" class=\"brxe-text text\"><p class=\"has-text-align-center\">Jako producenci zegark\u00f3w PRIM zobowi\u0105zali\u015bmy si\u0119 tworzy\u0107 oryginalne zegarki dla wszystkich generacji. Nasz\u0105 wizj\u0105 jest, by nasi zadowoleni klienci mogli posiada\u0107 niejeden model zegark\u00f3w PRIM, tak klasyczny, towarzyski, jak i sportowy, i by towarzyszy\u0142y im w drodze \u017cyciowej do sukcesu. Tworzymy zegarki, kt\u00f3re podkre\u015blaj\u0105 charakterystyk\u0119 w\u0142a\u015bciciela, a przede wszystkim s\u0105 wyprodukowane z jako\u015bciowych materia\u0142\u00f3w po przyst\u0119pnej cenie dla wszystkich naszych klient\u00f3w.  <\/p>\n<p class=\"has-text-align-center\">\u017byczymy Pa\u0144stwu przyjemnej drogi przez nasz\u0105 cyfrow\u0105 prezentacj\u0119 PRIM i cieszymy si\u0119 na Pa\u0144stwa odwiedziny. Wasze wra\u017cenia s\u0105 dla nas tak samo wa\u017cne, jak zadowolenie pochodz\u0105ce z naszych produkt\u00f3w. <\/p>\n<\/div><\/div><div id=\"b-fnejiz_m7xnm3st\" class=\"brxe-div\"><div id=\"brxe-xbonii\" class=\"brxe-text-basic h2\">Warto\u015bci<\/div><div id=\"b-ldbclg_m7xnm3st\" class=\"brxe-div\"><div id=\"b-gewrwz_m7xnm3st\" class=\"brxe-div\"><div id=\"brxe-umwtsb\" class=\"brxe-text-basic h3\">Profesjonalizm<br><\/div><\/div><div id=\"b-bjndgg_m7xnm3st\" class=\"brxe-div\"><div id=\"brxe-udvrzw\" class=\"brxe-text-basic h3\">Jako\u015b\u0107<br><\/div><\/div><div id=\"b-pynpje_m7xnm3st\" class=\"brxe-div\"><div id=\"brxe-ddscty\" class=\"brxe-text-basic h3\">Oryginalno\u015b\u0107<\/div><\/div><\/div><\/div><section id=\"b-jnfdts_m85wvwmf\" class=\"brxe-div\"><img decoding=\"async\" class=\"brxe-image\" id=\"b-cluygv_m85wvwmf\" src=\"https:\/\/new.prim-hodinky.cz\/wp-content\/uploads\/2025\/02\/Prim-dnes_03.webp\" alt><\/section><section id=\"b-jnfdts_m7xnnjyp\" class=\"brxe-div\"><h2 id=\"b-nmpsao_m7xnnjyp\" class=\"brxe-heading h2\">Tera\u017aniejszo\u015b\u0107<\/h2><div id=\"b-pnliwt_m7xnnjyp\" class=\"brxe-text-basic text\">Podstaw\u0105 sukcesu i wznowienia dawno zapomnianej marki PRIM by\u0142a d\u0142ugoletnia wsp\u00f3\u0142praca ze sprzedawcami, kt\u00f3rzy zaufali naszej marce i mieli mo\u017cliwo\u015b\u0107 bezpo\u015bredniej komunikacji z klientem, przez co o\u017cywili zainteresowanie jako\u015bciowymi zegarkami mechanicznymi po rozs\u0105dnej cenie. Niepodzielnym bod\u017acem do naszego doskonalenia i rozwoju sp\u00f3\u0142ki s\u0105 rosn\u0105ce wymagania i r\u00f3\u017cnorodno\u015b\u0107 klient\u00f3w. <br><br>Zegarki PRIM naszej produkcji s\u0105 nieustannie testowane i ulepszane, dlatego okre\u015blaj\u0105 trendy w dziedzinie. Do naszych klient\u00f3w nale\u017c\u0105 znacz\u0105ce osobisto\u015bci, sportowcy, celebryci, ale szczeg\u00f3lnie Wy, nasi wymagaj\u0105cy klienci, kt\u00f3rzy doceniacie codzienn\u0105 wytrzyma\u0142o\u015b\u0107 i jako\u015b\u0107 zegark\u00f3w PRIM. Nasi designerzy i zegarmistrzowie projektuj\u0105 regularnie nowe kolekcje i wykorzystuj\u0105 najnowsze technologie i materia\u0142y bezpo\u015brednio w centrali naszej sp\u00f3\u0142ki.  <br><br>PRIM to porz\u0105dne zegarki robione z mi\u0142o\u015bci\u0105, tradycj\u0105 i do\u015bwiadczeniem. W nowym milenium dali\u015bmy zegarkom PRIM nowe serca w nowoczesnej obudowie, i wznowili to, co by\u0142o po upadku socjalizmu zapomniane. Klasyczny i ponadczasowy wygl\u0105d zegark\u00f3w PRIM sta\u0142 si\u0119 synonimem prostej elegancji. Atrakcyjno\u015b\u0107 czeskich zegark\u00f3w PRIM polega w szczeg\u00f3\u0142owo przemy\u015blanym wygl\u0105dzie, kt\u00f3ry w doskona\u0142y spos\u00f3b uzupe\u0142ni tak ubranie towarzyskie, jak i to noszone na co dzie\u0144. Zegarki PRIM to wyj\u0105tkowe modele, z kt\u00f3rymi wyr\u00f3\u017cnisz si\u0119 z t\u0142umu i staniesz si\u0119 posiadaczem oryginalnej sztuki.    <\/div><img decoding=\"async\" class=\"brxe-image\" id=\"b-cluygv_m7xnnjyp\" src=\"https:\/\/new.prim-hodinky.cz\/wp-content\/uploads\/2025\/02\/Technologie-kompletace-Hero_08.webp\" alt><\/section><div id=\"b-ikngzl_m7xnofmg\" class=\"brxe-div\"><div id=\"b-lwveot_m7xnofmg\" class=\"brxe-div\"><h2 id=\"brxe-gfplbr\" class=\"brxe-heading h2\">Preciosa i CZECH MADE<\/h2><\/div><div id=\"b-ztrjmc_m7xnofmg\" class=\"brxe-div\"><div id=\"b-seabkv_m7xnofmg\" class=\"brxe-text-basic text\">Produkujemy zegarki tak\u017ce dla \u015bwiatowej s\u0142awy Preciosy i propagujemy na \u015bwiecie nie tylko komponenty czeskich szklarzy, ale tak\u017ce tradycj\u0119 i jako\u015b\u0107 produkcji zegarmistrzowskiej pod mark\u0105 PRIM w kombinacji z naszym oryginalnym designem. Korzystamy z zaplecza mocnej firmy z 25-letnim do\u015bwiadczeniem w dziedzinie zegarmistrzostwa, jeste\u015bmy jako jedyni w segmencie zegarmistrzostwa w\u0142a\u015bcicielami certyfikatu CZECH MADE i corocznie regularnie poddajemy certyfikacji nowe modele PRIM. Korzystamy z zaplecza mocnej firmy z 25-letnim do\u015bwiadczeniem w dziedzinie zegarmistrzostwa, jeste\u015bmy jako jedyni w segmencie zegarmistrzostwa w\u0142a\u015bcicielami certyfikatu CZECH MADE i corocznie regularnie poddajemy certyfikacji nowe modele PRIM.<\/div><a id=\"b-ugknph_m7xnofmg\" class=\"brxe-button bricks-button bricks-background-primary\" href=\"https:\/\/new.prim-hodinky.cz\/certifikaty\/\"><span data-gbrx-id=\"gb-ugknph\" data-gbrx-subfield=\"text\" >Certifik\u00e1ty<\/span><\/a><\/div><img decoding=\"async\" class=\"brxe-image\" id=\"b-lwgpet_m7xnofmg\" src=\"https:\/\/new.prim-hodinky.cz\/wp-content\/uploads\/2024\/12\/LOGO-11-CZMade-250x242-1.webp\" alt><div id=\"b-dhgbfm_m7xnofmg\" class=\"brxe-div\"><img decoding=\"async\" class=\"brxe-image\" id=\"b-viaqsk_m7xnofmg\" src=\"https:\/\/new.prim-hodinky.cz\/wp-content\/uploads\/2025\/03\/prim-dnes.png\" alt><\/div><\/div><section id=\"b-jnfdts_m7xnrmwt\" class=\"brxe-div\"><h2 id=\"b-nmpsao_m7xnrmwt\" class=\"brxe-heading h2\">Technologia i kompletacje<\/h2><div id=\"b-pnliwt_m7xnrmwt\" class=\"brxe-text-basic text\">Nasza firma wykorzystuje d\u0142ug\u0105 28-letni\u0105 tradycj\u0119 i do\u015bwiadczenia zegarmistrzowskie, dlatego te\u017c jeste\u015bmy w stanie skompletowa\u0107 zegarki, kt\u00f3re mo\u017cemy por\u00f3wnywa\u0107 ze \u015bwiatow\u0105 konkurencj\u0105 nowoczesnych zegark\u00f3w. Do naszych partner\u00f3w nale\u017c\u0105 najwi\u0119ksze firmy zegarmistrzowskie \u015bwiata, kt\u00f3re stosuj\u0105 najnowocze\u015bniejsze i najdok\u0142adniejsze technologie do produkcji mechanizm\u00f3w. <br><br>Zegarki PRIM s\u0105 kompletowane i projektowane bezpo\u015brednio w centrali naszej sp\u00f3\u0142ki. Tworzymy cz\u0119\u015bci zegark\u00f3w, ale nie zapominamy o \u015bwiatowych partnerach, kt\u00f3rych wykorzystujemy i z kt\u00f3rymi wsp\u00f3\u0142pracujemy, i wiemy, \u017ce dostarczaj\u0105 najbardziej wyszukane i najnowocze\u015bniejsze technologicznie skomplikowane cz\u0119\u015bci zegark\u00f3w w maksymalnej mo\u017cliwej jako\u015bci. Tworzymy zegarki, kt\u00f3re podkre\u015blaj\u0105 charakterystyk\u0119 w\u0142a\u015bciciela, a przede wszystkim s\u0105 wyprodukowane z jako\u015bciowych materia\u0142\u00f3w po dost\u0119pnej cenie dla naszych klient\u00f3w.  <\/div><div id=\"b-ocxlom_m7xnrmwt\" class=\"brxe-div\"><a id=\"b-joufzl_m7xnrmwt\" class=\"brxe-button bricks-button bricks-background-primary\" href=\"\/vyrobni-technologie\/#materialy\" data-brx-anchor=\"true\"><span data-gbrx-id=\"gb-joufzl\" data-gbrx-subfield=\"text\" >Materi\u00e1ly<\/span><\/a><a id=\"b-zazlqp_m7xnrmwt\" class=\"brxe-button bricks-button bricks-background-secondary\" href=\"\/vyrobni-technologie\/#strojky\" data-brx-anchor=\"true\"><span data-gbrx-id=\"gb-zazlqp\" data-gbrx-subfield=\"text\" >Tla\u010d\u00edtko<\/span><\/a><\/div><img decoding=\"async\" class=\"brxe-image\" id=\"b-cluygv_m7xnrmwt\" src=\"https:\/\/new.prim-hodinky.cz\/wp-content\/uploads\/2025\/02\/Technologie-kompletace-Hero_01.webp\" alt><\/section><div id=\"b-tyagzm_m7xnx0ze\" class=\"brxe-div\"><\/div>","protected":false},"excerpt":{"rendered":"","protected":false},"author":1,"featured_media":0,"parent":0,"menu_order":0,"comment_status":"closed","ping_status":"closed","template":"templates\/gutenbricks-dynamic-template-default.php","meta":{"_acf_changed":false,"footnotes":""},"class_list":["post-29192","page","type-page","status-publish","hentry"],"acf":[],"_links":{"self":[{"href":"https:\/\/new.prim-hodinky.cz\/pl\/wp-json\/wp\/v2\/pages\/29192","targetHints":{"allow":["GET"]}}],"collection":[{"href":"https:\/\/new.prim-hodinky.cz\/pl\/wp-json\/wp\/v2\/pages"}],"about":[{"href":"https:\/\/new.prim-hodinky.cz\/pl\/wp-json\/wp\/v2\/types\/page"}],"author":[{"embeddable":true,"href":"https:\/\/new.prim-hodinky.cz\/pl\/wp-json\/wp\/v2\/users\/1"}],"replies":[{"embeddable":true,"href":"https:\/\/new.prim-hodinky.cz\/pl\/wp-json\/wp\/v2\/comments?post=29192"}],"version-history":[{"count":5,"href":"https:\/\/new.prim-hodinky.cz\/pl\/wp-json\/wp\/v2\/pages\/29192\/revisions"}],"predecessor-version":[{"id":31022,"href":"https:\/\/new.prim-hodinky.cz\/pl\/wp-json\/wp\/v2\/pages\/29192\/revisions\/31022"}],"wp:attachment":[{"href":"https:\/\/new.prim-hodinky.cz\/pl\/wp-json\/wp\/v2\/media?parent=29192"}],"curies":[{"name":"wp","href":"https:\/\/api.w.org\/{rel}","templated":true}]}}