{"id":29168,"date":"2025-03-06T10:53:20","date_gmt":"2025-03-06T09:53:20","guid":{"rendered":"https:\/\/new.prim-hodinky.cz\/historie-nova\/"},"modified":"2025-03-25T00:20:25","modified_gmt":"2025-03-24T23:20:25","slug":"historia-prim","status":"publish","type":"page","link":"https:\/\/new.prim-hodinky.cz\/pl\/historia-prim\/","title":{"rendered":"Historia PRIM"},"content":{"rendered":"<section id=\"b-fnelzb_m7wedvtb\" class=\"brxe-div\"><img decoding=\"async\" class=\"brxe-image\" id=\"b-kfobix_m7wedvtb\" src=\"https:\/\/new.prim-hodinky.cz\/wp-content\/uploads\/2025\/01\/KOLAZ_historie2_CB_ok_3-pleasant.webp\" alt><div id=\"b-sugqub_m7wedvtb\" class=\"brxe-div mobile-view-section-width\"><h1 id=\"b-pgaefz_m7wedvtb\" class=\"brxe-heading h1 hero-sekce-heading-stylizace\">Historia PRIM<\/h1><div id=\"b-irbplf_m7wedvtb\" class=\"brxe-div\"><a id=\"b-cvmlar_m7wedvtb\" class=\"brxe-button bricks-button bricks-background-primary\"><span data-gbrx-id=\"gb-cvmlar\" data-gbrx-subfield=\"text\" >Tla\u010d\u00edtko<\/span><\/a><\/div><\/div><div id=\"b-eixhqp_m7wedvtb\" class=\"brxe-div arrow-down hero-sekce-heading-stylizace\"><i id=\"b-wfisjw_m7wedvtb\" class=\"ion-md-arrow-round-down brxe-icon\"><\/i><\/div><\/section><div id=\"b-jvkdat_m7x5rtfw\" class=\"brxe-div\"><div id=\"b-ugnpmy_m7x5rtfw\" class=\"brxe-div\"><h2 id=\"brxe-rkehks\" class=\"brxe-heading h2\">Nadpis<\/h2><\/div><div id=\"b-utdvmz_m7x5rtfw\" class=\"brxe-div\"><div id=\"b-kuxmvv_m7x5rtfw\" class=\"brxe-text-basic text\">Za pocz\u0105tek produkcji przemys\u0142owej zegark\u00f3w mo\u017cna uwa\u017ca\u0107 rok 1946, kiedy to w Libercu otwarto zak\u0142ad Chronotechna. Dwa lata p\u00f3\u017aniej otwarto zak\u0142ad pa\u0144stwowy Chronotechna z siedzib\u0105 w \u0160ternberku. Plan dotycz\u0105cy produkcji zegark\u00f3w nar\u0119cznych powsta\u0142 ju\u017c w roku 1948, jednak do jego realizacji dosz\u0142o dopiero w latach 50-tych. W roku 1954 zosta\u0142o wyprodukowanych pierwszych 5 prototyp\u00f3w zegark\u00f3w, kt\u00f3re wywodzi\u0142y si\u0119 ze wzoru francuskiego mechanizmu LIP R 25. Mia\u0142y 15 rubinowych kamieni, wychwyt hakowy i spr\u0119\u017cyn\u0119 spiraln\u0105. Produkcja seryjna zosta\u0142a zapocz\u0105tkowana w roku 1957.      <br data-rich-text-line-break=\"true\"><br data-rich-text-line-break=\"true\">W tym czasie Chronotechna da\u0142a imi\u0119 PRIM budzikom i zegarom \u015bcianowym, a dopiero p\u00f3\u017aniej ta sama nazwa zacz\u0119\u0142a si\u0119 u\u017cywa\u0107 tak\u017ce w zwi\u0105zku z zegarkami nar\u0119cznymi w zak\u0142adzie Chronotechny w Nowym Mie\u015bcie. Z rozwijaj\u0105c\u0105 si\u0119 elektronizacj\u0105 mechanizmy kwarcowe rozpocz\u0105\u0142 dla Chronotechny rozwija\u0107 i produkowa\u0107 zak\u0142ad TESLA Ro\u017enov. <\/div><img decoding=\"async\" class=\"brxe-image\" id=\"b-ibilsn_m7x5rtfw\" src=\"https:\/\/new.prim-hodinky.cz\/wp-content\/uploads\/2024\/11\/lipr25_uprava_wide2a.jpg\" alt><\/div><div id=\"b-heunul_m7x5rtfw\" class=\"brxe-div\"><img decoding=\"async\" class=\"brxe-image\" id=\"b-ibwwra_m7x5rtfw\" src=\"https:\/\/new.prim-hodinky.cz\/wp-content\/uploads\/2025\/01\/IMG_9438_CB-pleasant.webp\" alt><\/div><\/div><section id=\"b-jnfdts_m7x5to5b\" class=\"brxe-div\"><h2 id=\"b-nmpsao_m7x5to5b\" class=\"brxe-heading h2\">Tradycja i jako\u015b\u0107<\/h2><div id=\"b-pnliwt_m7x5to5b\" class=\"brxe-text-basic text\">Eksperci po\u015bwi\u0119cali sporo czasu testowaniu, kontrolom, dzi\u0119ki czemu powsta\u0142y zegarki, kt\u00f3re by\u0142y dok\u0142adne, niezawodne i wytrzyma\u0142e. Tak samo w czasach obecnych wszystkie nasze zegarki poddawane s\u0105 codziennym testom, ale s\u0105 to g\u0142\u00f3wnie zadowoleni klienci, kt\u00f3rzy na skutek codziennego noszenia potwierdzaj\u0105 jako\u015b\u0107 zegark\u00f3w. Nasi zadowoleni klienci s\u0105 dla nas motywem, a tym samym zmuszaj\u0105 naszych zegarmistrz\u00f3w do nieustannego poprawiania chodu, designu i wytrzyma\u0142o\u015bci zegark\u00f3w.   <\/div><img decoding=\"async\" class=\"brxe-image\" id=\"b-cluygv_m7x5to5b\" src=\"https:\/\/new.prim-hodinky.cz\/wp-content\/uploads\/2025\/02\/IMG_9296_CB-pleasant-e1738913126945.webp\" alt><\/section><section id=\"b-jnfdts_m7x5uz84\" class=\"brxe-div\"><h2 id=\"b-nmpsao_m7x5uz84\" class=\"brxe-heading h2\">Prywatyzacja<\/h2><div id=\"b-pnliwt_m7x5uz84\" class=\"brxe-text-basic text\">Wroku 1989 dosz\u0142o do prywatyzacji zak\u0142adu Chronotechna. Po Rewolucji Aksamitowej dosz\u0142o jednak do zmian i marka zacz\u0119\u0142a upada\u0107. Zak\u0142ad w Nowym Mie\u015bcie nad Metuj\u0105 by\u0142 w roku 1994 zmuszony zako\u0144czy\u0107 produkcj\u0119 i przez ca\u0142y czas montuje mechanizmy zegarkowe z zapas\u00f3w cz\u0119\u015bci, i to a\u017c do czasu, kiedy s\u0142ynna marka PRIM sta\u0142a si\u0119 na rynku czeskim ca\u0142kowicie zapomniana.   <br data-rich-text-line-break=\"true\"><br data-rich-text-line-break=\"true\">Poszczeg\u00f3lne zak\u0142ady Chronotechny (Elton) nie radzi\u0142y sobie kolejno z nieskuteczn\u0105 produkcj\u0105 i dystrybucj\u0105 socjalistyczn\u0105, by\u0142y rozkradane i zbankrutowa\u0142y. Produkcja w\u0142asnych mechanizm\u00f3w by\u0142a z powod\u00f3w ekonomicznych i technicznych zako\u0144czona w po\u0142owie lat dziewi\u0119\u0107dziesi\u0105tych, a do produkcji zegark\u00f3w PRIM zacz\u0119\u0142y si\u0119 stosowa\u0107 wy\u0142\u0105cznie mechanizmy zagraniczne. <br data-rich-text-line-break=\"true\"><br data-rich-text-line-break=\"true\">Marka PRIM wznowi\u0142a swoje istnienie na rynku czeskim dzi\u0119ki firmie MPM-Quality w roku 2001, p\u00f3\u017aniej tak\u017ce w krajach Unii Europejskiej, USA i Azji. Jest to PRIM producent zegark\u00f3w, kt\u00f3ry kupi\u0142 mark\u0119 w roku 2001 od by\u0142ego producenta Chronotechny i w\u0142a\u015bciciela marki, \u0142\u0105cznie wszystkich praw do marki PRIM. <\/div><img decoding=\"async\" class=\"brxe-image\" id=\"b-cluygv_m7x5uz84\" src=\"https:\/\/new.prim-hodinky.cz\/wp-content\/uploads\/2025\/03\/mapa-3ku1.png\" alt><\/section><section id=\"b-jnfdts_m7x61ua6\" class=\"brxe-div\"><h2 id=\"b-nmpsao_m7x61ua6\" class=\"brxe-heading h2\">Tera\u017aniejszo\u015b\u0107<\/h2><div id=\"b-pnliwt_m7x61ua6\" class=\"brxe-text-basic text\">Podstaw\u0105 sukcesu i wznowienia dawno zapomnianej marki PRIM by\u0142a d\u0142ugoletnia wsp\u00f3\u0142praca z handlowcami, kt\u00f3rzy zaufali naszej marce i mieli mo\u017cliwo\u015b\u0107 bezpo\u015bredniej komunikacji z klientem, a przez to o\u017cywienie zainteresowania jako\u015bciowymi zegarkami mechanicznymi po rozs\u0105dnej cenie. Niepodzielnym bod\u017acem prowadz\u0105cym do naszego doskonalenia i rozwoju sp\u00f3\u0142ki s\u0105 rosn\u0105ce wymagania i r\u00f3\u017cnorodno\u015b\u0107 klient\u00f3w.  <br data-rich-text-line-break=\"true\"><br data-rich-text-line-break=\"true\">W przypadku napraw bardziej skomplikowanych lub w przypadku kompletnej niefunkcjonalno\u015bci zegarka naprawa jest realizowana na podstawie wymiany za sta\u0142\u0105 cen\u0119 naprawy ustalon\u0105 przez sp\u00f3\u0142k\u0119 MPM-Quality. W celu uzyskania dok\u0142adniejszych informacji lub oceny cenowej naprawy, prosimy o kontakt.  <br data-rich-text-line-break=\"true\"><br data-rich-text-line-break=\"true\">PRIM to porz\u0105dne zegarki robione z mi\u0142o\u015bci\u0105, tradycj\u0105 i do\u015bwiadczeniem. W nowym milenium dali\u015bmy zegarkom PRIM nowe serca w nowoczesnej obudowie i wznowili to, co by\u0142o po upadku socjalizmu zapomniane. Klasyczny i ponadczasowy wygl\u0105d zegark\u00f3w PRIM sta\u0142 si\u0119 synonimem prostej elegancji. Atrakcyjno\u015b\u0107 czeskich zegark\u00f3w PRIM polega w szczeg\u00f3\u0142owo przemy\u015blanym wygl\u0105dzie, kt\u00f3ry w doskona\u0142y spos\u00f3b uzupe\u0142ni tak ubranie towarzyskie, jak i noszone na co dzie\u0144. Zegarki PRIM to wyj\u0105tkowe modele, z kt\u00f3rymi wyr\u00f3\u017cnisz si\u0119 z t\u0142umu i staniesz si\u0119 posiadaczem oryginalnej sztuki.    <\/div><img decoding=\"async\" class=\"brxe-image\" id=\"b-cluygv_m7x61ua6\" src=\"https:\/\/new.prim-hodinky.cz\/wp-content\/uploads\/2025\/02\/MPM-BARAK-01-uprava-PLEASANT-05_1920x640.webp\" alt><\/section><div id=\"b-ikngzl_m7x63jl2\" class=\"brxe-div\"><div id=\"b-lwveot_m7x63jl2\" class=\"brxe-div\"><h2 id=\"brxe-gfplbr\" class=\"brxe-heading h2\">PRECIOSA i CZECH MADE<\/h2><\/div><div id=\"b-ztrjmc_m7x63jl2\" class=\"brxe-div\"><div id=\"b-seabkv_m7x63jl2\" class=\"brxe-text-basic text\">Produkujemy zegarki tak\u017ce dla \u015bwiatowej s\u0142awy Preciosy i propagujemy na \u015bwiecie nie tylko komponenty czeskich szklarzy, ale tak\u017ce tradycj\u0119 i jako\u015b\u0107 produkcji zegarmistrzowskiej pod mark\u0105 PRIM w kombinacji z naszym oryginalnym designem. Korzystamy z zaplecza mocnej firmy z 25-letnim do\u015bwiadczeniem w dziedzinie zegarmistrzostwa, jeste\u015bmy jako jedyni w segmencie zegarmistrzostwa w\u0142a\u015bcicielami certyfikatu CZECH MADE i corocznie regularnie poddajemy certyfikacji nowe modele PRIM.   <\/div><a id=\"b-ugknph_m7x63jl2\" class=\"brxe-button bricks-button bricks-background-primary\" href=\"https:\/\/new.prim-hodinky.cz\/limitovane-edice\/\"><span data-gbrx-id=\"gb-ugknph\" data-gbrx-subfield=\"text\" >Prozkoumat<\/span><\/a><\/div><img decoding=\"async\" class=\"brxe-image\" id=\"b-lwgpet_m7x63jl2\" src=\"https:\/\/new.prim-hodinky.cz\/wp-content\/uploads\/2024\/12\/LOGO-11-CZMade-250x242-1.webp\" alt><div id=\"b-dhgbfm_m7x63jl2\" class=\"brxe-div\"><img decoding=\"async\" class=\"brxe-image\" id=\"b-viaqsk_m7x63jl2\" src=\"https:\/\/new.prim-hodinky.cz\/wp-content\/uploads\/2025\/01\/KOLAZ_historie2_CB_ok_3-pleasant.webp\" alt><\/div><\/div>","protected":false},"excerpt":{"rendered":"","protected":false},"author":1,"featured_media":0,"parent":0,"menu_order":0,"comment_status":"closed","ping_status":"closed","template":"templates\/gutenbricks-dynamic-template-default.php","meta":{"_acf_changed":false,"footnotes":""},"class_list":["post-29168","page","type-page","status-publish","hentry"],"acf":[],"_links":{"self":[{"href":"https:\/\/new.prim-hodinky.cz\/pl\/wp-json\/wp\/v2\/pages\/29168","targetHints":{"allow":["GET"]}}],"collection":[{"href":"https:\/\/new.prim-hodinky.cz\/pl\/wp-json\/wp\/v2\/pages"}],"about":[{"href":"https:\/\/new.prim-hodinky.cz\/pl\/wp-json\/wp\/v2\/types\/page"}],"author":[{"embeddable":true,"href":"https:\/\/new.prim-hodinky.cz\/pl\/wp-json\/wp\/v2\/users\/1"}],"replies":[{"embeddable":true,"href":"https:\/\/new.prim-hodinky.cz\/pl\/wp-json\/wp\/v2\/comments?post=29168"}],"version-history":[{"count":3,"href":"https:\/\/new.prim-hodinky.cz\/pl\/wp-json\/wp\/v2\/pages\/29168\/revisions"}],"predecessor-version":[{"id":30888,"href":"https:\/\/new.prim-hodinky.cz\/pl\/wp-json\/wp\/v2\/pages\/29168\/revisions\/30888"}],"wp:attachment":[{"href":"https:\/\/new.prim-hodinky.cz\/pl\/wp-json\/wp\/v2\/media?parent=29168"}],"curies":[{"name":"wp","href":"https:\/\/api.w.org\/{rel}","templated":true}]}}