{"id":29132,"date":"2025-03-05T21:51:36","date_gmt":"2025-03-05T20:51:36","guid":{"rendered":"https:\/\/new.prim-hodinky.cz\/design-novy\/"},"modified":"2025-03-24T23:57:41","modified_gmt":"2025-03-24T22:57:41","slug":"design","status":"publish","type":"page","link":"https:\/\/new.prim-hodinky.cz\/pl\/design\/","title":{"rendered":"Design"},"content":{"rendered":"<section id=\"b-fnelzb_m7wdi7v9\" class=\"brxe-div\"><img decoding=\"async\" class=\"brxe-image\" id=\"b-kfobix_m7wdi7v9\" src=\"https:\/\/new.prim-hodinky.cz\/wp-content\/uploads\/2025\/02\/Tampon-Hero_01.webp\" alt><div id=\"b-sugqub_m7wdi7v9\" class=\"brxe-div mobile-view-section-width\"><h1 id=\"b-pgaefz_m7wdi7v9\" class=\"brxe-heading h1 hero-sekce-heading-stylizace\">Od n\u00e1vrhu a\u017e po kompletaci<\/h1><div id=\"b-irbplf_m7wdi7v9\" class=\"brxe-div\"><a id=\"b-cvmlar_m7wdi7v9\" class=\"brxe-button bricks-button bricks-background-primary\"><span data-gbrx-id=\"gb-cvmlar\" data-gbrx-subfield=\"text\" >Tla\u010d\u00edtko<\/span><\/a><\/div><\/div><div id=\"b-eixhqp_m7wdi7v9\" class=\"brxe-div arrow-down hero-sekce-heading-stylizace\"><i id=\"b-wfisjw_m7wdi7v9\" class=\"ion-md-arrow-round-down brxe-icon\"><\/i><\/div><\/section><section id=\"b-hafbgm_m7wdofkv\" class=\"brxe-section\"><div id=\"b-ikkubf_m7wdofkv\" class=\"brxe-div\"><div id=\"b-jjgtce_m7wdofkv\" class=\"brxe-div\"><h2 id=\"b-kjlcxg_m7wdofkv\" class=\"brxe-heading h2\">Projekt<\/h2><\/div><div id=\"b-yodqwp_m7wdofkv\" class=\"brxe-div\"><div id=\"b-qcphva_m7wdofkv\" class=\"brxe-text-basic text\">W naszej sp\u00f3\u0142ce pracuje wiele utalentowanych grafik\u00f3w i designer\u00f3w, kt\u00f3rzy podzielaj\u0105 si\u0119 na designie zegark\u00f3w PRIM od poszczeg\u00f3lnych modeli a\u017c po limitowane edycje. Nie zapominamy zwraca\u0107 si\u0119 do m\u0142odych talent\u00f3w, kt\u00f3re s\u0105 dla rozwoju innowacyjnych design\u00f3w kluczem do sukcesu. <br>Nasze studio graficzne przygotowuje poszczeg\u00f3lne modele zegark\u00f3w PRIM od pierwszych projekt\u00f3w w postaci szkic\u00f3w podstawowych a\u017c po kompletne projekty graficzne zawieraj\u0105ce dok\u0142adne rysunki, opisy i parametry wszystkich cz\u0119\u015bci, od wskaz\u00f3wek i tarczy, przez kopert\u0119 i koronk\u0119, a\u017c po sam mechanizm.<\/div><\/div><div id=\"b-fsdqlq_m7wdofkv\" class=\"brxe-div\"><div id=\"b-dxwpzi_m7wdofkv\" data-script-id=\"dxwpzi_m7wdofkv\" class=\"brxe-slider-nested splide\" data-splide=\"{&quot;type&quot;:&quot;loop&quot;,&quot;direction&quot;:&quot;ltr&quot;,&quot;keyboard&quot;:&quot;global&quot;,&quot;height&quot;:&quot;fit-content&quot;,&quot;gap&quot;:&quot;0px&quot;,&quot;start&quot;:0,&quot;perPage&quot;:4,&quot;perMove&quot;:1,&quot;speed&quot;:&quot;2000&quot;,&quot;interval&quot;:3000,&quot;autoHeight&quot;:false,&quot;autoplay&quot;:true,&quot;pauseOnHover&quot;:true,&quot;pauseOnFocus&quot;:false,&quot;arrows&quot;:true,&quot;pagination&quot;:false,&quot;mediaQuery&quot;:&quot;max&quot;,&quot;breakpoints&quot;:{&quot;1279&quot;:{&quot;type&quot;:&quot;loop&quot;,&quot;height&quot;:&quot;fit-content&quot;,&quot;perPage&quot;:&quot;4&quot;,&quot;speed&quot;:&quot;2000&quot;,&quot;autoplay&quot;:true,&quot;pauseOnHover&quot;:true,&quot;arrows&quot;:true},&quot;1169&quot;:{&quot;perPage&quot;:&quot;2&quot;},&quot;478&quot;:{&quot;perPage&quot;:&quot;1&quot;}}}\"><div class=\"splide__track\"><div class=\"splide__list\"><div id=\"b-stpilo_m7wdofkv\" class=\"brxe-block\"><img decoding=\"async\" class=\"brxe-image\" id=\"b-qdedaj_m7wdofkv\" src=\"https:\/\/new.prim-hodinky.cz\/wp-content\/uploads\/2025\/02\/Navrh_05-e1738915073144.webp\" alt><\/div><div id=\"b-gjchvz_m7wdofkv\" class=\"brxe-block\"><img decoding=\"async\" class=\"brxe-image\" id=\"b-aedhly_m7wdofkv\" src=\"https:\/\/new.prim-hodinky.cz\/wp-content\/uploads\/2025\/02\/Navrh_06.webp\" alt><\/div><div id=\"b-ylwhnc_m7wdofkv\" class=\"brxe-block\"><img decoding=\"async\" class=\"brxe-image\" id=\"b-ktxkkw_m7wdofkv\" src=\"https:\/\/new.prim-hodinky.cz\/wp-content\/uploads\/2025\/02\/Navrh_07.webp\" alt><\/div><div id=\"b-tgehos_m7wdofkv\" class=\"brxe-block\"><img decoding=\"async\" class=\"brxe-image\" id=\"b-rwgrga_m7wdofkv\" src=\"https:\/\/new.prim-hodinky.cz\/wp-content\/uploads\/2025\/02\/Navrh_01-1.webp\" alt><\/div><div id=\"b-yvmiim_m7wdofkv\" class=\"brxe-block\"><img decoding=\"async\" class=\"brxe-image\" id=\"b-fhsyqf_m7wdofkv\" src=\"https:\/\/new.prim-hodinky.cz\/wp-content\/uploads\/2025\/02\/IMG_9278.jpg\" alt><\/div><\/div><\/div><div class=\"splide__arrows custom\"><button class=\"splide__arrow splide__arrow--prev\" type=\"button\"><i class=\"ion-ios-arrow-back\"><\/i><\/button><button class=\"splide__arrow splide__arrow--next\" type=\"button\"><i class=\"ion-ios-arrow-forward\"><\/i><\/button><\/div><\/div><\/div><\/div><\/section><section id=\"b-hafbgm_m7we1cv0\" class=\"brxe-section\"><div id=\"b-ikkubf_m7we1cv0\" class=\"brxe-div\"><div id=\"b-jjgtce_m7we1cv0\" class=\"brxe-div\"><h2 id=\"b-kjlcxg_m7we1cv0\" class=\"brxe-heading h2\">Produkcja<\/h2><\/div><div id=\"b-yodqwp_m7we1cv0\" class=\"brxe-div\"><div id=\"b-qcphva_m7we1cv0\" class=\"brxe-text-basic text\">Produkcja zegark\u00f3w i przygotowanie nowych modeli trwa nawet kilka miesi\u0119cy. Ka\u017cda z naszych kolekcji przechodzi kompleksowym wyborem materia\u0142\u00f3w, kolor\u00f3w, mechanizm\u00f3w i ich design odpowiada trendom danych czas\u00f3w. <br>Zobacz proces produkcji naszych zegark\u00f3w, wykorzystujemy zaplecze nowoczesnej firmy i nie zapominamy wsp\u00f3\u0142pracowa\u0107 z producentami, kt\u00f3rzy oferuj\u0105 nowoczesne procesy i nale\u017c\u0105 do czo\u0142\u00f3wki w swojej bran\u017cy. D\u0142ugoletnia praktyka w bran\u017cy umo\u017cliwia nam, dzi\u0119ki doskona\u0142ej kooperacji i networkingu z partnerami zagranicznymi, oferowa\u0107 jako\u015bciowe produkty po przyst\u0119pnych cenach dla wszystkich klient\u00f3w. Niezale\u017cnie od tego, czy chodzi o wsp\u00f3\u0142prac\u0119 ze szwajcarskim producentem lub mistrzem japo\u0144skim, u nas wybierze sobie ka\u017cdy.   <\/div><\/div><div id=\"b-fsdqlq_m7we1cv0\" class=\"brxe-div\"><div id=\"b-dxwpzi_m7we1cv0\" data-script-id=\"dxwpzi_m7we1cv0\" class=\"brxe-slider-nested splide\" data-splide=\"{&quot;type&quot;:&quot;loop&quot;,&quot;direction&quot;:&quot;ltr&quot;,&quot;keyboard&quot;:&quot;global&quot;,&quot;height&quot;:&quot;fit-content&quot;,&quot;gap&quot;:&quot;0px&quot;,&quot;start&quot;:0,&quot;perPage&quot;:4,&quot;perMove&quot;:1,&quot;speed&quot;:&quot;2000&quot;,&quot;interval&quot;:3000,&quot;autoHeight&quot;:false,&quot;autoplay&quot;:true,&quot;pauseOnHover&quot;:true,&quot;pauseOnFocus&quot;:false,&quot;arrows&quot;:true,&quot;pagination&quot;:false,&quot;mediaQuery&quot;:&quot;max&quot;,&quot;breakpoints&quot;:{&quot;1279&quot;:{&quot;type&quot;:&quot;loop&quot;,&quot;height&quot;:&quot;fit-content&quot;,&quot;perPage&quot;:&quot;4&quot;,&quot;speed&quot;:&quot;2000&quot;,&quot;autoplay&quot;:true,&quot;pauseOnHover&quot;:true,&quot;arrows&quot;:true},&quot;1169&quot;:{&quot;perPage&quot;:&quot;2&quot;},&quot;478&quot;:{&quot;perPage&quot;:&quot;1&quot;}}}\"><div class=\"splide__track\"><div class=\"splide__list\"><div id=\"b-stpilo_m7we1cv0\" class=\"brxe-block\"><img decoding=\"async\" class=\"brxe-image\" id=\"b-qdedaj_m7we1cv0\" src=\"https:\/\/new.prim-hodinky.cz\/wp-content\/uploads\/2025\/02\/INDIVIDUALIZACE_CSA-10.jpg\" alt><\/div><div id=\"b-gjchvz_m7we1cv0\" class=\"brxe-block\"><img decoding=\"async\" class=\"brxe-image\" id=\"b-aedhly_m7we1cv0\" src=\"https:\/\/new.prim-hodinky.cz\/wp-content\/uploads\/2025\/02\/indiviudalizace_you_match_01-1-e1738915360985.jpg\" alt><\/div><div id=\"b-ylwhnc_m7we1cv0\" class=\"brxe-block\"><img decoding=\"async\" class=\"brxe-image\" id=\"b-ktxkkw_m7we1cv0\" src=\"https:\/\/new.prim-hodinky.cz\/wp-content\/uploads\/2025\/02\/Vyroba-hodinek_05.webp\" alt><\/div><div id=\"b-tgehos_m7we1cv0\" class=\"brxe-block\"><img decoding=\"async\" class=\"brxe-image\" id=\"b-rwgrga_m7we1cv0\" src=\"https:\/\/new.prim-hodinky.cz\/wp-content\/uploads\/2025\/02\/Vyroba-hodinek_01.webp\" alt><\/div><div id=\"b-yvmiim_m7we1cv0\" class=\"brxe-block\"><img decoding=\"async\" class=\"brxe-image\" id=\"b-fhsyqf_m7we1cv0\" src=\"https:\/\/new.prim-hodinky.cz\/wp-content\/uploads\/2025\/02\/Navrh_08-1.webp\" alt><\/div><\/div><\/div><div class=\"splide__arrows custom\"><button class=\"splide__arrow splide__arrow--prev\" type=\"button\"><i class=\"ion-ios-arrow-back\"><\/i><\/button><button class=\"splide__arrow splide__arrow--next\" type=\"button\"><i class=\"ion-ios-arrow-forward\"><\/i><\/button><\/div><\/div><\/div><\/div><\/section><section id=\"b-hafbgm_m7we4jgw\" class=\"brxe-section\"><div id=\"b-ikkubf_m7we4jgw\" class=\"brxe-div\"><div id=\"b-jjgtce_m7we4jgw\" class=\"brxe-div\"><h2 id=\"b-kjlcxg_m7we4jgw\" class=\"brxe-heading h2\">Kompletacja<\/h2><\/div><div id=\"b-yodqwp_m7we4jgw\" class=\"brxe-div\"><div id=\"b-qcphva_m7we4jgw\" class=\"brxe-text-basic text\">Zobacz proces kompletacji zegark\u00f3w PRIM. Ka\u017cdy z modeli jest uwa\u017cnie z\u0142o\u017cony, sprawdzony i przetestowany. Corocznie kompletujemy tysi\u0105ce zegark\u00f3w, testujemy nowe modele, kt\u00f3re p\u00f3\u017aniej przechodz\u0105 wymagaj\u0105cymi testami, by sprawdzi\u0107 materia\u0142, pow\u0142ok\u0119, wodoszczelno\u015b\u0107 i dok\u0142adno\u015b\u0107. <br>Proces kompletacji realizujemy tak\u017ce podczas indywidualizacji nowych modeli oraz podczas produkcji prototyp\u00f3w nowych kolekcji. Kolorowe wersje materia\u0142\u00f3w, tarczy, wskaz\u00f3wek i pask\u00f3w umo\u017cliwiaj\u0105 naszym designerom stwarza\u0107 prototypy i testowa\u0107 nowe kombinacje kolorystyczne.   <\/div><\/div><div id=\"b-fsdqlq_m7we4jgw\" class=\"brxe-div\"><div id=\"b-dxwpzi_m7we4jgw\" data-script-id=\"dxwpzi_m7we4jgw\" class=\"brxe-slider-nested splide\" data-splide=\"{&quot;type&quot;:&quot;loop&quot;,&quot;direction&quot;:&quot;ltr&quot;,&quot;keyboard&quot;:&quot;global&quot;,&quot;height&quot;:&quot;fit-content&quot;,&quot;gap&quot;:&quot;0px&quot;,&quot;start&quot;:0,&quot;perPage&quot;:4,&quot;perMove&quot;:1,&quot;speed&quot;:&quot;2000&quot;,&quot;interval&quot;:3000,&quot;autoHeight&quot;:false,&quot;autoplay&quot;:true,&quot;pauseOnHover&quot;:true,&quot;pauseOnFocus&quot;:false,&quot;arrows&quot;:true,&quot;pagination&quot;:false,&quot;mediaQuery&quot;:&quot;max&quot;,&quot;breakpoints&quot;:{&quot;1279&quot;:{&quot;type&quot;:&quot;loop&quot;,&quot;height&quot;:&quot;fit-content&quot;,&quot;perPage&quot;:&quot;4&quot;,&quot;speed&quot;:&quot;2000&quot;,&quot;autoplay&quot;:true,&quot;pauseOnHover&quot;:true,&quot;arrows&quot;:true},&quot;1169&quot;:{&quot;perPage&quot;:&quot;2&quot;},&quot;478&quot;:{&quot;perPage&quot;:&quot;1&quot;}}}\"><div class=\"splide__track\"><div class=\"splide__list\"><div id=\"b-stpilo_m7we4jgw\" class=\"brxe-block\"><img decoding=\"async\" class=\"brxe-image\" id=\"b-qdedaj_m7we4jgw\" src=\"https:\/\/new.prim-hodinky.cz\/wp-content\/uploads\/2025\/02\/IMG_9768.jpg\" alt><\/div><div id=\"b-gjchvz_m7we4jgw\" class=\"brxe-block\"><img decoding=\"async\" class=\"brxe-image\" id=\"b-aedhly_m7we4jgw\" src=\"https:\/\/new.prim-hodinky.cz\/wp-content\/uploads\/2025\/02\/1.jpg\" alt><\/div><div id=\"b-ylwhnc_m7we4jgw\" class=\"brxe-block\"><img decoding=\"async\" class=\"brxe-image\" id=\"b-ktxkkw_m7we4jgw\" src=\"https:\/\/new.prim-hodinky.cz\/wp-content\/uploads\/2025\/02\/IMG_5102.jpg\" alt><\/div><div id=\"b-tgehos_m7we4jgw\" class=\"brxe-block\"><img decoding=\"async\" class=\"brxe-image\" id=\"b-rwgrga_m7we4jgw\" src=\"https:\/\/new.prim-hodinky.cz\/wp-content\/uploads\/2025\/02\/IMG_9818.jpg\" alt><\/div><div id=\"b-yvmiim_m7we4jgw\" class=\"brxe-block\"><img decoding=\"async\" class=\"brxe-image\" id=\"b-fhsyqf_m7we4jgw\" src=\"https:\/\/new.prim-hodinky.cz\/wp-content\/uploads\/2025\/02\/IMG_9864.jpg\" alt><\/div><\/div><\/div><div class=\"splide__arrows custom\"><button class=\"splide__arrow splide__arrow--prev\" type=\"button\"><i class=\"ion-ios-arrow-back\"><\/i><\/button><button class=\"splide__arrow splide__arrow--next\" type=\"button\"><i class=\"ion-ios-arrow-forward\"><\/i><\/button><\/div><\/div><\/div><\/div><\/section><div id=\"b-qdovdx_m7we7sjk\" class=\"brxe-div\"><\/div>","protected":false},"excerpt":{"rendered":"","protected":false},"author":1,"featured_media":0,"parent":0,"menu_order":0,"comment_status":"closed","ping_status":"closed","template":"templates\/gutenbricks-dynamic-template-default.php","meta":{"_acf_changed":false,"footnotes":""},"class_list":["post-29132","page","type-page","status-publish","hentry"],"acf":[],"_links":{"self":[{"href":"https:\/\/new.prim-hodinky.cz\/pl\/wp-json\/wp\/v2\/pages\/29132","targetHints":{"allow":["GET"]}}],"collection":[{"href":"https:\/\/new.prim-hodinky.cz\/pl\/wp-json\/wp\/v2\/pages"}],"about":[{"href":"https:\/\/new.prim-hodinky.cz\/pl\/wp-json\/wp\/v2\/types\/page"}],"author":[{"embeddable":true,"href":"https:\/\/new.prim-hodinky.cz\/pl\/wp-json\/wp\/v2\/users\/1"}],"replies":[{"embeddable":true,"href":"https:\/\/new.prim-hodinky.cz\/pl\/wp-json\/wp\/v2\/comments?post=29132"}],"version-history":[{"count":5,"href":"https:\/\/new.prim-hodinky.cz\/pl\/wp-json\/wp\/v2\/pages\/29132\/revisions"}],"predecessor-version":[{"id":30747,"href":"https:\/\/new.prim-hodinky.cz\/pl\/wp-json\/wp\/v2\/pages\/29132\/revisions\/30747"}],"wp:attachment":[{"href":"https:\/\/new.prim-hodinky.cz\/pl\/wp-json\/wp\/v2\/media?parent=29132"}],"curies":[{"name":"wp","href":"https:\/\/api.w.org\/{rel}","templated":true}]}}