{"id":23508,"date":"2024-10-30T08:35:02","date_gmt":"2024-10-30T07:35:02","guid":{"rendered":"https:\/\/new.prim-hodinky.cz\/ambasadorzy-i-osobistosci\/"},"modified":"2024-12-13T15:28:40","modified_gmt":"2024-12-13T14:28:40","slug":"ambasadorzy-i-osobistosci","status":"publish","type":"page","link":"https:\/\/new.prim-hodinky.cz\/pl\/ambasadorzy-i-osobistosci\/","title":{"rendered":"Ambasadorzy i osobisto\u015bci"},"content":{"rendered":"<section id=\"b-mmyxdd_m4mufbhu\" class=\"brxe-section\"><h2 id=\"b-dxjgii_m4mufbhu\" class=\"brxe-heading h2\">Ambasadorzy<\/h2><div id=\"b-mvklnl_m4mufbhu\" data-script-id=\"mvklnl_m4mufbhu\" class=\"brxe-slider-nested splide brx-auto-height\" data-splide=\"{&quot;type&quot;:&quot;loop&quot;,&quot;direction&quot;:&quot;ltr&quot;,&quot;keyboard&quot;:&quot;global&quot;,&quot;height&quot;:&quot;auto&quot;,&quot;gap&quot;:&quot;30px&quot;,&quot;start&quot;:0,&quot;perPage&quot;:3,&quot;perMove&quot;:1,&quot;speed&quot;:400,&quot;interval&quot;:3000,&quot;autoHeight&quot;:true,&quot;autoplay&quot;:true,&quot;pauseOnHover&quot;:true,&quot;pauseOnFocus&quot;:false,&quot;arrows&quot;:true,&quot;pagination&quot;:false,&quot;mediaQuery&quot;:&quot;max&quot;,&quot;breakpoints&quot;:{&quot;1279&quot;:{&quot;type&quot;:&quot;loop&quot;,&quot;height&quot;:&quot;fit-content&quot;,&quot;gap&quot;:&quot;30px&quot;,&quot;perPage&quot;:&quot;3&quot;,&quot;autoHeight&quot;:true,&quot;autoplay&quot;:true,&quot;pauseOnHover&quot;:true,&quot;arrows&quot;:true},&quot;1169&quot;:{&quot;perPage&quot;:&quot;3&quot;},&quot;478&quot;:{&quot;perPage&quot;:&quot;1&quot;}}}\"><div class=\"splide__track\"><div class=\"splide__list\"><a id=\"ambasador-parent\" href=\"https:\/\/new.prim-hodinky.cz\/pl\/osobnost\/tomas-vratny\/\" class=\"brxe-ygmgzh brxe-div ambasador-parent\"><div id=\"b-ejolfe_m4mufbhu\" class=\"brxe-ejolfe brxe-div b-ejolfe_m4mufbhu\"><figure id=\"ambasador-foto\" class=\"brxe-rkkxvk brxe-image ambasador-foto tag\"><img fetchpriority=\"high\" decoding=\"async\" width=\"368\" height=\"614\" src=\"https:\/\/new.prim-hodinky.cz\/wp-content\/uploads\/2024\/11\/Ambasador_Vratny-01.webp\" class=\"css-filter size-large\" alt=\"\" loading=\"eager\" srcset=\"https:\/\/new.prim-hodinky.cz\/wp-content\/uploads\/2024\/11\/Ambasador_Vratny-01.webp 368w, https:\/\/new.prim-hodinky.cz\/wp-content\/uploads\/2024\/11\/Ambasador_Vratny-01-180x300.webp 180w\" sizes=\"(max-width: 368px) 100vw, 368px\" \/><\/figure><\/div><h5 id=\"b-tbwmge_m4mufbhu\" class=\"brxe-tbwmge brxe-heading h5 h3 b-tbwmge_m4mufbhu\">Tom\u00e1\u0161 Vr\u00e1tn\u00fd<\/h5><h6 id=\"b-aboqmp_m4mufbhu\" class=\"brxe-aboqmp brxe-heading b-aboqmp_m4mufbhu\">Wy\u015bcig samochodowy<\/h6><\/a><a id=\"ambasador-parent\" href=\"https:\/\/new.prim-hodinky.cz\/pl\/osobnost\/karolina-sramlova\/\" class=\"brxe-ygmgzh brxe-div ambasador-parent\"><div id=\"b-ejolfe_m4mufbhu\" class=\"brxe-ejolfe brxe-div b-ejolfe_m4mufbhu\"><figure id=\"ambasador-foto\" class=\"brxe-rkkxvk brxe-image ambasador-foto tag\"><img decoding=\"async\" width=\"368\" height=\"614\" src=\"https:\/\/new.prim-hodinky.cz\/wp-content\/uploads\/2024\/11\/Ambasador_Sramlova.webp\" class=\"css-filter size-large\" alt=\"\" loading=\"eager\" srcset=\"https:\/\/new.prim-hodinky.cz\/wp-content\/uploads\/2024\/11\/Ambasador_Sramlova.webp 368w, https:\/\/new.prim-hodinky.cz\/wp-content\/uploads\/2024\/11\/Ambasador_Sramlova-180x300.webp 180w\" sizes=\"(max-width: 368px) 100vw, 368px\" \/><\/figure><\/div><h5 id=\"b-tbwmge_m4mufbhu\" class=\"brxe-tbwmge brxe-heading h5 h3 b-tbwmge_m4mufbhu\">Karol\u00edna \u0160ramlov\u00e1<\/h5><h6 id=\"b-aboqmp_m4mufbhu\" class=\"brxe-aboqmp brxe-heading b-aboqmp_m4mufbhu\">Marketing<\/h6><\/a><a id=\"ambasador-parent\" href=\"https:\/\/new.prim-hodinky.cz\/pl\/osobnost\/libor-uher\/\" class=\"brxe-ygmgzh brxe-div ambasador-parent\"><div id=\"b-ejolfe_m4mufbhu\" class=\"brxe-ejolfe brxe-div b-ejolfe_m4mufbhu\"><figure id=\"ambasador-foto\" class=\"brxe-rkkxvk brxe-image ambasador-foto tag\"><img decoding=\"async\" width=\"368\" height=\"614\" src=\"https:\/\/new.prim-hodinky.cz\/wp-content\/uploads\/2024\/11\/Ambasador_Libor-Uher.webp\" class=\"css-filter size-large\" alt=\"\" loading=\"eager\" srcset=\"https:\/\/new.prim-hodinky.cz\/wp-content\/uploads\/2024\/11\/Ambasador_Libor-Uher.webp 368w, https:\/\/new.prim-hodinky.cz\/wp-content\/uploads\/2024\/11\/Ambasador_Libor-Uher-180x300.webp 180w\" sizes=\"(max-width: 368px) 100vw, 368px\" \/><\/figure><\/div><h5 id=\"b-tbwmge_m4mufbhu\" class=\"brxe-tbwmge brxe-heading h5 h3 b-tbwmge_m4mufbhu\">Libor Uher<\/h5><h6 id=\"b-aboqmp_m4mufbhu\" class=\"brxe-aboqmp brxe-heading b-aboqmp_m4mufbhu\">Alpinizm<\/h6><\/a><a id=\"ambasador-parent\" href=\"https:\/\/new.prim-hodinky.cz\/pl\/osobnost\/jarmila-krpcova\/\" class=\"brxe-ygmgzh brxe-div ambasador-parent\"><div id=\"b-ejolfe_m4mufbhu\" class=\"brxe-ejolfe brxe-div b-ejolfe_m4mufbhu\"><figure id=\"ambasador-foto\" class=\"brxe-rkkxvk brxe-image ambasador-foto tag\"><img decoding=\"async\" width=\"960\" height=\"800\" src=\"https:\/\/new.prim-hodinky.cz\/wp-content\/uploads\/2024\/11\/KRPCOVA-JARMILA3.webp\" class=\"css-filter size-large\" alt=\"\" loading=\"eager\" srcset=\"https:\/\/new.prim-hodinky.cz\/wp-content\/uploads\/2024\/11\/KRPCOVA-JARMILA3.webp 960w, https:\/\/new.prim-hodinky.cz\/wp-content\/uploads\/2024\/11\/KRPCOVA-JARMILA3-300x250.webp 300w, https:\/\/new.prim-hodinky.cz\/wp-content\/uploads\/2024\/11\/KRPCOVA-JARMILA3-768x640.webp 768w\" sizes=\"(max-width: 960px) 100vw, 960px\" \/><\/figure><\/div><h5 id=\"b-tbwmge_m4mufbhu\" class=\"brxe-tbwmge brxe-heading h5 h3 b-tbwmge_m4mufbhu\">Jarmila Krpcov\u00e1<\/h5><h6 id=\"b-aboqmp_m4mufbhu\" class=\"brxe-aboqmp brxe-heading b-aboqmp_m4mufbhu\">Nauczanie<\/h6><\/a><a id=\"ambasador-parent\" href=\"https:\/\/new.prim-hodinky.cz\/pl\/osobnost\/dominik-uher\/\" class=\"brxe-ygmgzh brxe-div ambasador-parent\"><div id=\"b-ejolfe_m4mufbhu\" class=\"brxe-ejolfe brxe-div b-ejolfe_m4mufbhu\"><figure id=\"ambasador-foto\" class=\"brxe-rkkxvk brxe-image ambasador-foto tag\"><img decoding=\"async\" width=\"368\" height=\"614\" src=\"https:\/\/new.prim-hodinky.cz\/wp-content\/uploads\/2024\/11\/Ambasador_Dominik-Uher.webp\" class=\"css-filter size-large\" alt=\"\" loading=\"eager\" srcset=\"https:\/\/new.prim-hodinky.cz\/wp-content\/uploads\/2024\/11\/Ambasador_Dominik-Uher.webp 368w, https:\/\/new.prim-hodinky.cz\/wp-content\/uploads\/2024\/11\/Ambasador_Dominik-Uher-180x300.webp 180w\" sizes=\"(max-width: 368px) 100vw, 368px\" \/><\/figure><\/div><h5 id=\"b-tbwmge_m4mufbhu\" class=\"brxe-tbwmge brxe-heading h5 h3 b-tbwmge_m4mufbhu\">Dominik Uher<\/h5><h6 id=\"b-aboqmp_m4mufbhu\" class=\"brxe-aboqmp brxe-heading b-aboqmp_m4mufbhu\">Hokej na lodzie<\/h6><\/a><a id=\"ambasador-parent\" href=\"https:\/\/new.prim-hodinky.cz\/pl\/osobnost\/stefan-svitko\/\" class=\"brxe-ygmgzh brxe-div ambasador-parent\"><div id=\"b-ejolfe_m4mufbhu\" class=\"brxe-ejolfe brxe-div b-ejolfe_m4mufbhu\"><figure id=\"ambasador-foto\" class=\"brxe-rkkxvk brxe-image ambasador-foto tag\"><img decoding=\"async\" width=\"368\" height=\"614\" src=\"https:\/\/new.prim-hodinky.cz\/wp-content\/uploads\/2024\/11\/Ambasador_Svitko.webp\" class=\"css-filter size-large\" alt=\"\" loading=\"eager\" srcset=\"https:\/\/new.prim-hodinky.cz\/wp-content\/uploads\/2024\/11\/Ambasador_Svitko.webp 368w, https:\/\/new.prim-hodinky.cz\/wp-content\/uploads\/2024\/11\/Ambasador_Svitko-180x300.webp 180w\" sizes=\"(max-width: 368px) 100vw, 368px\" \/><\/figure><\/div><h5 id=\"b-tbwmge_m4mufbhu\" class=\"brxe-tbwmge brxe-heading h5 h3 b-tbwmge_m4mufbhu\">\u0160tefan Svitko<\/h5><h6 id=\"b-aboqmp_m4mufbhu\" class=\"brxe-aboqmp brxe-heading b-aboqmp_m4mufbhu\">Motocross<\/h6><\/a><a id=\"ambasador-parent\" href=\"https:\/\/new.prim-hodinky.cz\/pl\/osobnost\/petr-krpec\/\" class=\"brxe-ygmgzh brxe-div ambasador-parent\"><div id=\"b-ejolfe_m4mufbhu\" class=\"brxe-ejolfe brxe-div b-ejolfe_m4mufbhu\"><figure id=\"ambasador-foto\" class=\"brxe-rkkxvk brxe-image ambasador-foto tag\"><img decoding=\"async\" width=\"368\" height=\"614\" src=\"https:\/\/new.prim-hodinky.cz\/wp-content\/uploads\/2024\/11\/Ambasador_Krpec.webp\" class=\"css-filter size-large\" alt=\"\" loading=\"eager\" srcset=\"https:\/\/new.prim-hodinky.cz\/wp-content\/uploads\/2024\/11\/Ambasador_Krpec.webp 368w, https:\/\/new.prim-hodinky.cz\/wp-content\/uploads\/2024\/11\/Ambasador_Krpec-180x300.webp 180w\" sizes=\"(max-width: 368px) 100vw, 368px\" \/><\/figure><\/div><h5 id=\"b-tbwmge_m4mufbhu\" class=\"brxe-tbwmge brxe-heading h5 h3 b-tbwmge_m4mufbhu\">Petr Krpec<\/h5><h6 id=\"b-aboqmp_m4mufbhu\" class=\"brxe-aboqmp brxe-heading b-aboqmp_m4mufbhu\">G\u0142\u00f3wny piwowar<\/h6><\/a><a id=\"ambasador-parent\" href=\"https:\/\/new.prim-hodinky.cz\/pl\/osobnost\/ellen-martinkova\/\" class=\"brxe-ygmgzh brxe-div ambasador-parent\"><div id=\"b-ejolfe_m4mufbhu\" class=\"brxe-ejolfe brxe-div b-ejolfe_m4mufbhu\"><figure id=\"ambasador-foto\" class=\"brxe-rkkxvk brxe-image ambasador-foto tag\"><img decoding=\"async\" width=\"368\" height=\"614\" src=\"https:\/\/new.prim-hodinky.cz\/wp-content\/uploads\/2024\/11\/Ambasador_Martinkova.webp\" class=\"css-filter size-large\" alt=\"\" loading=\"eager\" srcset=\"https:\/\/new.prim-hodinky.cz\/wp-content\/uploads\/2024\/11\/Ambasador_Martinkova.webp 368w, https:\/\/new.prim-hodinky.cz\/wp-content\/uploads\/2024\/11\/Ambasador_Martinkova-180x300.webp 180w\" sizes=\"(max-width: 368px) 100vw, 368px\" \/><\/figure><\/div><h5 id=\"b-tbwmge_m4mufbhu\" class=\"brxe-tbwmge brxe-heading h5 h3 b-tbwmge_m4mufbhu\">Ellen Martinkov\u00e1<\/h5><h6 id=\"b-aboqmp_m4mufbhu\" class=\"brxe-aboqmp brxe-heading b-aboqmp_m4mufbhu\">Najm\u0142odszy ambasador<\/h6><\/a><a id=\"ambasador-parent\" href=\"https:\/\/new.prim-hodinky.cz\/pl\/osobnost\/dalibor-motejlek\/\" class=\"brxe-ygmgzh brxe-div ambasador-parent\"><div id=\"b-ejolfe_m4mufbhu\" class=\"brxe-ejolfe brxe-div b-ejolfe_m4mufbhu\"><figure id=\"ambasador-foto\" class=\"brxe-rkkxvk brxe-image ambasador-foto tag\"><img decoding=\"async\" width=\"368\" height=\"614\" src=\"https:\/\/new.prim-hodinky.cz\/wp-content\/uploads\/2024\/11\/Ambasador_Motejlek.webp\" class=\"css-filter size-large\" alt=\"\" loading=\"eager\" srcset=\"https:\/\/new.prim-hodinky.cz\/wp-content\/uploads\/2024\/11\/Ambasador_Motejlek.webp 368w, https:\/\/new.prim-hodinky.cz\/wp-content\/uploads\/2024\/11\/Ambasador_Motejlek-180x300.webp 180w\" sizes=\"(max-width: 368px) 100vw, 368px\" \/><\/figure><\/div><h5 id=\"b-tbwmge_m4mufbhu\" class=\"brxe-tbwmge brxe-heading h5 h3 b-tbwmge_m4mufbhu\">Dalibor Motejlek<\/h5><h6 id=\"b-aboqmp_m4mufbhu\" class=\"brxe-aboqmp brxe-heading b-aboqmp_m4mufbhu\">Skoki narciarskie<\/h6><\/a><a id=\"ambasador-parent\" href=\"https:\/\/new.prim-hodinky.cz\/pl\/osobnost\/jan-mazoch\/\" class=\"brxe-ygmgzh brxe-div ambasador-parent\"><div id=\"b-ejolfe_m4mufbhu\" class=\"brxe-ejolfe brxe-div b-ejolfe_m4mufbhu\"><figure id=\"ambasador-foto\" class=\"brxe-rkkxvk brxe-image ambasador-foto tag\"><img decoding=\"async\" width=\"368\" height=\"614\" src=\"https:\/\/new.prim-hodinky.cz\/wp-content\/uploads\/2024\/11\/Ambasador_Mazoch.webp\" class=\"css-filter size-large\" alt=\"\" loading=\"eager\" srcset=\"https:\/\/new.prim-hodinky.cz\/wp-content\/uploads\/2024\/11\/Ambasador_Mazoch.webp 368w, https:\/\/new.prim-hodinky.cz\/wp-content\/uploads\/2024\/11\/Ambasador_Mazoch-180x300.webp 180w\" sizes=\"(max-width: 368px) 100vw, 368px\" \/><\/figure><\/div><h5 id=\"b-tbwmge_m4mufbhu\" class=\"brxe-tbwmge brxe-heading h5 h3 b-tbwmge_m4mufbhu\">Jan Mazoch<\/h5><h6 id=\"b-aboqmp_m4mufbhu\" class=\"brxe-aboqmp brxe-heading b-aboqmp_m4mufbhu\">Skoki narciarskie<\/h6><\/a><a id=\"ambasador-parent\" href=\"https:\/\/new.prim-hodinky.cz\/pl\/osobnost\/lukas-hojdan\/\" class=\"brxe-ygmgzh brxe-div ambasador-parent\"><div id=\"b-ejolfe_m4mufbhu\" class=\"brxe-ejolfe brxe-div b-ejolfe_m4mufbhu\"><figure id=\"ambasador-foto\" class=\"brxe-rkkxvk brxe-image ambasador-foto tag\"><img decoding=\"async\" width=\"368\" height=\"614\" src=\"https:\/\/new.prim-hodinky.cz\/wp-content\/uploads\/2024\/11\/Ambasador_Hojdan.webp\" class=\"css-filter size-large\" alt=\"\" loading=\"eager\" srcset=\"https:\/\/new.prim-hodinky.cz\/wp-content\/uploads\/2024\/11\/Ambasador_Hojdan.webp 368w, https:\/\/new.prim-hodinky.cz\/wp-content\/uploads\/2024\/11\/Ambasador_Hojdan-180x300.webp 180w\" sizes=\"(max-width: 368px) 100vw, 368px\" \/><\/figure><\/div><h5 id=\"b-tbwmge_m4mufbhu\" class=\"brxe-tbwmge brxe-heading h5 h3 b-tbwmge_m4mufbhu\">Luk\u00e1\u0161 Hojdan<\/h5><h6 id=\"b-aboqmp_m4mufbhu\" class=\"brxe-aboqmp brxe-heading b-aboqmp_m4mufbhu\">Taniec<\/h6><\/a><\/div><\/div><div class=\"splide__arrows custom\"><button class=\"splide__arrow splide__arrow--prev\" type=\"button\"><i class=\"ion-ios-arrow-back\"><\/i><\/button><button class=\"splide__arrow splide__arrow--next\" type=\"button\"><i class=\"ion-ios-arrow-forward\"><\/i><\/button><\/div><\/div><\/section>","protected":false},"excerpt":{"rendered":"","protected":false},"author":1,"featured_media":0,"parent":0,"menu_order":0,"comment_status":"closed","ping_status":"closed","template":"templates\/gutenbricks-dynamic-template-default.php","meta":{"_acf_changed":false,"footnotes":""},"class_list":["post-23508","page","type-page","status-publish","hentry"],"acf":[],"_links":{"self":[{"href":"https:\/\/new.prim-hodinky.cz\/pl\/wp-json\/wp\/v2\/pages\/23508","targetHints":{"allow":["GET"]}}],"collection":[{"href":"https:\/\/new.prim-hodinky.cz\/pl\/wp-json\/wp\/v2\/pages"}],"about":[{"href":"https:\/\/new.prim-hodinky.cz\/pl\/wp-json\/wp\/v2\/types\/page"}],"author":[{"embeddable":true,"href":"https:\/\/new.prim-hodinky.cz\/pl\/wp-json\/wp\/v2\/users\/1"}],"replies":[{"embeddable":true,"href":"https:\/\/new.prim-hodinky.cz\/pl\/wp-json\/wp\/v2\/comments?post=23508"}],"version-history":[{"count":3,"href":"https:\/\/new.prim-hodinky.cz\/pl\/wp-json\/wp\/v2\/pages\/23508\/revisions"}],"predecessor-version":[{"id":23620,"href":"https:\/\/new.prim-hodinky.cz\/pl\/wp-json\/wp\/v2\/pages\/23508\/revisions\/23620"}],"wp:attachment":[{"href":"https:\/\/new.prim-hodinky.cz\/pl\/wp-json\/wp\/v2\/media?parent=23508"}],"curies":[{"name":"wp","href":"https:\/\/api.w.org\/{rel}","templated":true}]}}