{"id":23041,"date":"2024-09-05T05:53:21","date_gmt":"2024-09-05T04:53:21","guid":{"rendered":"https:\/\/new.prim-hodinky.cz\/?page_id=23041"},"modified":"2025-03-25T10:25:32","modified_gmt":"2025-03-25T09:25:32","slug":"zegarki-prim","status":"publish","type":"page","link":"https:\/\/new.prim-hodinky.cz\/pl\/","title":{"rendered":"Zegarki PRIM"},"content":{"rendered":"<div class=\"brxe-qpadyg brxe-div\" data-query-loop-index=\"0\"><div id=\"b-bfsuol_m5i5fere\" class=\"brxe-bfsuol brxe-div mobile-view-section-width b-bfsuol_m5i5fere\"><h2 id=\"b-uxxioc_m5i5fere\" class=\"brxe-uxxioc brxe-heading text hero-sekce-heading-stylizace b-uxxioc_m5i5fere\">Edycja limitowana<\/h2><h1 id=\"b-fqjyll_m5i5fere\" class=\"brxe-fqjyll brxe-heading h1 hero-sekce-heading-stylizace b-fqjyll_m5i5fere\">PRIM Symbol T.G.M.<\/h1><a id=\"b-cdnuxw_m5i5fere\" class=\"brxe-cdnuxw brxe-button b-cdnuxw_m5i5fere bricks-button bricks-background-light\" href=\"https:\/\/new.prim-hodinky.cz\/pl\/prim-symbol-tgm\/\"><span data-gbrx-id=\"gb-cdnuxw\" data-gbrx-subfield=\"text\" >Wi\u0119cej o edycji<\/span><\/a><\/div><div id=\"b-rpnxuh_m5i5fere\" class=\"brxe-rpnxuh brxe-div arrow-down hero-sekce-heading-stylizace b-rpnxuh_m5i5fere\"><i id=\"b-opsbjk_m5i5fere\" class=\"ion-md-arrow-round-down brxe-opsbjk brxe-icon b-opsbjk_m5i5fere\"><\/i><\/div><\/div><div id=\"b-dlozoz_m5i5fere\" class=\"brxe-div\"><div id=\"b-hipzcz_m5i5fere\" class=\"brxe-div brx-grid\"><h1 id=\"b-txvgeh_m5i5fere\" class=\"brxe-heading\">Marka PRIM<\/h1><div id=\"b-zsnwbr_m5i5fere\" class=\"brxe-divider vertical\"><div class=\"line\"><\/div><\/div><div id=\"b-wgaqar_m5i5fere\" class=\"brxe-div\"><h2 id=\"b-cmhesn_m5i5fere\" class=\"brxe-heading\">Od 1949 roku PRIM koncentruje si\u0119 na produkcji zegark\u00f3w, kt\u00f3re \u0142\u0105cz\u0105 w sobie klasyczny design i nowoczesn\u0105 technologi\u0119.<\/h2><a id=\"b-bmwoah_m5i5fere\" class=\"brxe-button bricks-button bricks-background-primary\" href=\"https:\/\/new.prim-hodinky.cz\/pl\/historia-prim\/\"><span data-gbrx-id=\"gb-bmwoah\" data-gbrx-subfield=\"text\" >Poznaj histori\u0119 marki<\/span><\/a><\/div><\/div><\/div><div id=\"b-golpvr_m5i5fere\" class=\"brxe-div\"><div id=\"b-bexsha_m5i5fere\" class=\"brxe-template\"><div id=\"brxe-0e3ff2\" class=\"brxe-div\"><div id=\"brxe-ginnla\" data-script-id=\"ginnla_m5i5fere\" class=\"brxe-code\"><style>.slide-image {\n    transition: opacity 0.3s ease, transform 0.3s ease;\n}\n\n.slide-image-hover {\n    opacity: 0;\n    transition: opacity 0.3s ease, transform 0.3s ease; \n}\n\n.slide-parent:hover .slide-image-hover {\n    opacity: 1;\n    transform: scale(1.1);\n}\n\n.slide-parent:hover .slide-image {\n    transform: scale(1.1);\n}\n<\/style><\/div><div id=\"brxe-38546f\" data-script-id=\"38546f_m5i5fere\" class=\"brxe-slider-nested splide\" data-splide=\"{&quot;type&quot;:&quot;slide&quot;,&quot;direction&quot;:&quot;ltr&quot;,&quot;keyboard&quot;:&quot;global&quot;,&quot;height&quot;:&quot;fit-content&quot;,&quot;gap&quot;:&quot;20px&quot;,&quot;start&quot;:0,&quot;perPage&quot;:3,&quot;perMove&quot;:1,&quot;speed&quot;:400,&quot;interval&quot;:3000,&quot;autoHeight&quot;:false,&quot;autoplay&quot;:false,&quot;pauseOnHover&quot;:false,&quot;pauseOnFocus&quot;:false,&quot;arrows&quot;:true,&quot;pagination&quot;:false,&quot;mediaQuery&quot;:&quot;max&quot;,&quot;breakpoints&quot;:{&quot;1279&quot;:{&quot;type&quot;:&quot;slide&quot;,&quot;height&quot;:&quot;fit-content&quot;,&quot;gap&quot;:&quot;20px&quot;,&quot;perPage&quot;:&quot;3&quot;,&quot;arrows&quot;:true},&quot;1169&quot;:{&quot;perPage&quot;:&quot;3&quot;},&quot;478&quot;:{&quot;perPage&quot;:&quot;1&quot;}}}\"><div class=\"splide__track\"><div class=\"splide__list\"><a id=\"slide-parent\" href=\"https:\/\/new.prim-hodinky.cz\/pl\/prim-symbol-tgm\/\" class=\"brxe-a93398 brxe-div slide-parent\"><div class=\"brxe-jyhivm brxe-div\"><figure id=\"slide-image\" class=\"brxe-e1aa53 brxe-image slide-image tag\"><img fetchpriority=\"high\" decoding=\"async\" width=\"425\" height=\"708\" src=\"https:\/\/new.prim-hodinky.cz\/wp-content\/uploads\/2025\/03\/PRIM-SYMBOL-TGM-2025_425x708.webp\" class=\"css-filter size-full\" alt=\"\" loading=\"eager\" srcset=\"https:\/\/new.prim-hodinky.cz\/wp-content\/uploads\/2025\/03\/PRIM-SYMBOL-TGM-2025_425x708.webp 425w, https:\/\/new.prim-hodinky.cz\/wp-content\/uploads\/2025\/03\/PRIM-SYMBOL-TGM-2025_425x708-180x300.webp 180w\" sizes=\"(max-width: 425px) 100vw, 425px\" \/><\/figure><figure id=\"slide-image-hover\" class=\"brxe-mwmaao brxe-image slide-image-hover tag\"><img decoding=\"async\" width=\"425\" height=\"708\" src=\"https:\/\/new.prim-hodinky.cz\/wp-content\/uploads\/2025\/03\/PRIM-SYMBOL-TGM-2025_425x708-image.webp\" class=\"css-filter size-full\" alt=\"\" loading=\"eager\" srcset=\"https:\/\/new.prim-hodinky.cz\/wp-content\/uploads\/2025\/03\/PRIM-SYMBOL-TGM-2025_425x708-image.webp 425w, https:\/\/new.prim-hodinky.cz\/wp-content\/uploads\/2025\/03\/PRIM-SYMBOL-TGM-2025_425x708-image-180x300.webp 180w\" sizes=\"(max-width: 425px) 100vw, 425px\" \/><\/figure><\/div><h5 class=\"brxe-898ebb brxe-heading h5\">PRIM Symbol T.G.M.<\/h5><h3 class=\"brxe-1311ff brxe-heading\">Edycja limitowana<\/h3><\/a><a id=\"slide-parent\" href=\"https:\/\/new.prim-hodinky.cz\/pl\/prim-antonin-manes\/\" class=\"brxe-a93398 brxe-div slide-parent\"><div class=\"brxe-jyhivm brxe-div\"><figure id=\"slide-image\" class=\"brxe-e1aa53 brxe-image slide-image tag\"><img decoding=\"async\" width=\"425\" height=\"708\" src=\"https:\/\/new.prim-hodinky.cz\/wp-content\/uploads\/2025\/01\/PRIM-MANES-2024_425x708.webp\" class=\"css-filter size-full\" alt=\"\" loading=\"eager\" srcset=\"https:\/\/new.prim-hodinky.cz\/wp-content\/uploads\/2025\/01\/PRIM-MANES-2024_425x708.webp 425w, https:\/\/new.prim-hodinky.cz\/wp-content\/uploads\/2025\/01\/PRIM-MANES-2024_425x708-180x300.webp 180w\" sizes=\"(max-width: 425px) 100vw, 425px\" \/><\/figure><figure id=\"slide-image-hover\" class=\"brxe-mwmaao brxe-image slide-image-hover tag\"><img decoding=\"async\" width=\"425\" height=\"708\" src=\"https:\/\/new.prim-hodinky.cz\/wp-content\/uploads\/2025\/01\/PRIM-MANES-2024_425x708-image.webp\" class=\"css-filter size-full\" alt=\"\" loading=\"eager\" srcset=\"https:\/\/new.prim-hodinky.cz\/wp-content\/uploads\/2025\/01\/PRIM-MANES-2024_425x708-image.webp 425w, https:\/\/new.prim-hodinky.cz\/wp-content\/uploads\/2025\/01\/PRIM-MANES-2024_425x708-image-180x300.webp 180w\" sizes=\"(max-width: 425px) 100vw, 425px\" \/><\/figure><\/div><h5 class=\"brxe-898ebb brxe-heading h5\">PRIM Anton\u00edn M\u00e1nes<\/h5><h3 class=\"brxe-1311ff brxe-heading\">Edycja limitowana<\/h3><\/a><a id=\"slide-parent\" href=\"https:\/\/new.prim-hodinky.cz\/pl\/prim-tourbillon-bedrich-smetana\/\" class=\"brxe-a93398 brxe-div slide-parent\"><div class=\"brxe-jyhivm brxe-div\"><figure id=\"slide-image\" class=\"brxe-e1aa53 brxe-image slide-image tag\"><img decoding=\"async\" width=\"425\" height=\"708\" src=\"https:\/\/new.prim-hodinky.cz\/wp-content\/uploads\/2024\/07\/PRIM-SMETANA-2024_425x708.webp\" class=\"css-filter size-full\" alt=\"\" loading=\"eager\" srcset=\"https:\/\/new.prim-hodinky.cz\/wp-content\/uploads\/2024\/07\/PRIM-SMETANA-2024_425x708.webp 425w, https:\/\/new.prim-hodinky.cz\/wp-content\/uploads\/2024\/07\/PRIM-SMETANA-2024_425x708-180x300.webp 180w\" sizes=\"(max-width: 425px) 100vw, 425px\" \/><\/figure><figure id=\"slide-image-hover\" class=\"brxe-mwmaao brxe-image slide-image-hover tag\"><img decoding=\"async\" width=\"425\" height=\"708\" src=\"https:\/\/new.prim-hodinky.cz\/wp-content\/uploads\/2024\/07\/PRIM-SMETANA-2024_425x708-image.webp\" class=\"css-filter size-full\" alt=\"\" loading=\"eager\" srcset=\"https:\/\/new.prim-hodinky.cz\/wp-content\/uploads\/2024\/07\/PRIM-SMETANA-2024_425x708-image.webp 425w, https:\/\/new.prim-hodinky.cz\/wp-content\/uploads\/2024\/07\/PRIM-SMETANA-2024_425x708-image-180x300.webp 180w\" sizes=\"(max-width: 425px) 100vw, 425px\" \/><\/figure><\/div><h5 class=\"brxe-898ebb brxe-heading h5\">PRIM Tourbillon Bed\u0159ich Smetana<\/h5><h3 class=\"brxe-1311ff brxe-heading\">Edycja limitowana<\/h3><\/a><a id=\"slide-parent\" href=\"https:\/\/new.prim-hodinky.cz\/pl\/prim-lady-elegant-gold-diamond\/\" class=\"brxe-a93398 brxe-div slide-parent\"><div class=\"brxe-jyhivm brxe-div\"><figure id=\"slide-image\" class=\"brxe-e1aa53 brxe-image slide-image tag\"><img decoding=\"async\" width=\"425\" height=\"708\" src=\"https:\/\/new.prim-hodinky.cz\/wp-content\/uploads\/2024\/10\/PRIM-LADY-ELEGANT-DIAMOND_425x708.webp\" class=\"css-filter size-full\" alt=\"\" loading=\"eager\" srcset=\"https:\/\/new.prim-hodinky.cz\/wp-content\/uploads\/2024\/10\/PRIM-LADY-ELEGANT-DIAMOND_425x708.webp 425w, https:\/\/new.prim-hodinky.cz\/wp-content\/uploads\/2024\/10\/PRIM-LADY-ELEGANT-DIAMOND_425x708-180x300.webp 180w\" sizes=\"(max-width: 425px) 100vw, 425px\" \/><\/figure><figure id=\"slide-image-hover\" class=\"brxe-mwmaao brxe-image slide-image-hover tag\"><img decoding=\"async\" width=\"425\" height=\"708\" src=\"https:\/\/new.prim-hodinky.cz\/wp-content\/uploads\/2024\/10\/PRIM-LADY-ELEGANT-DIAMOND_425x708-image.webp\" class=\"css-filter size-full\" alt=\"\" loading=\"eager\" srcset=\"https:\/\/new.prim-hodinky.cz\/wp-content\/uploads\/2024\/10\/PRIM-LADY-ELEGANT-DIAMOND_425x708-image.webp 425w, https:\/\/new.prim-hodinky.cz\/wp-content\/uploads\/2024\/10\/PRIM-LADY-ELEGANT-DIAMOND_425x708-image-180x300.webp 180w\" sizes=\"(max-width: 425px) 100vw, 425px\" \/><\/figure><\/div><h5 class=\"brxe-898ebb brxe-heading h5\">PRIM Lady Elegant Gold Diamond<\/h5><h3 class=\"brxe-1311ff brxe-heading\">Edycja limitowana<\/h3><\/a><a id=\"slide-parent\" href=\"https:\/\/new.prim-hodinky.cz\/pl\/prim-symbol-damascus\/\" class=\"brxe-a93398 brxe-div slide-parent\"><div class=\"brxe-jyhivm brxe-div\"><figure id=\"slide-image\" class=\"brxe-e1aa53 brxe-image slide-image tag\"><img decoding=\"async\" width=\"425\" height=\"708\" src=\"https:\/\/new.prim-hodinky.cz\/wp-content\/uploads\/2024\/07\/PRIM-DAMASCUS_425x708.webp\" class=\"css-filter size-full\" alt=\"\" loading=\"eager\" srcset=\"https:\/\/new.prim-hodinky.cz\/wp-content\/uploads\/2024\/07\/PRIM-DAMASCUS_425x708.webp 425w, https:\/\/new.prim-hodinky.cz\/wp-content\/uploads\/2024\/07\/PRIM-DAMASCUS_425x708-180x300.webp 180w\" sizes=\"(max-width: 425px) 100vw, 425px\" \/><\/figure><figure id=\"slide-image-hover\" class=\"brxe-mwmaao brxe-image slide-image-hover tag\"><img decoding=\"async\" width=\"425\" height=\"708\" src=\"https:\/\/new.prim-hodinky.cz\/wp-content\/uploads\/2024\/07\/PRIM-DAMASCUS_425x708-image.webp\" class=\"css-filter size-full\" alt=\"\" loading=\"eager\" srcset=\"https:\/\/new.prim-hodinky.cz\/wp-content\/uploads\/2024\/07\/PRIM-DAMASCUS_425x708-image.webp 425w, https:\/\/new.prim-hodinky.cz\/wp-content\/uploads\/2024\/07\/PRIM-DAMASCUS_425x708-image-180x300.webp 180w\" sizes=\"(max-width: 425px) 100vw, 425px\" \/><\/figure><\/div><h5 class=\"brxe-898ebb brxe-heading h5\">PRIM Symbol Damascus<\/h5><h3 class=\"brxe-1311ff brxe-heading\">Edycja limitowana<\/h3><\/a><a id=\"slide-parent\" href=\"https:\/\/new.prim-hodinky.cz\/pl\/prim-primator-ii\/\" class=\"brxe-a93398 brxe-div slide-parent\"><div class=\"brxe-jyhivm brxe-div\"><figure id=\"slide-image\" class=\"brxe-e1aa53 brxe-image slide-image tag\"><img decoding=\"async\" width=\"425\" height=\"708\" src=\"https:\/\/new.prim-hodinky.cz\/wp-content\/uploads\/2024\/07\/PRIM-PRIMATOR-II_425x708.webp\" class=\"css-filter size-full\" alt=\"\" loading=\"eager\" srcset=\"https:\/\/new.prim-hodinky.cz\/wp-content\/uploads\/2024\/07\/PRIM-PRIMATOR-II_425x708.webp 425w, https:\/\/new.prim-hodinky.cz\/wp-content\/uploads\/2024\/07\/PRIM-PRIMATOR-II_425x708-180x300.webp 180w\" sizes=\"(max-width: 425px) 100vw, 425px\" \/><\/figure><figure id=\"slide-image-hover\" class=\"brxe-mwmaao brxe-image slide-image-hover tag\"><img decoding=\"async\" width=\"425\" height=\"708\" src=\"https:\/\/new.prim-hodinky.cz\/wp-content\/uploads\/2024\/07\/PRIM-PRIMATOR-II_425x708-image.webp\" class=\"css-filter size-full\" alt=\"\" loading=\"eager\" srcset=\"https:\/\/new.prim-hodinky.cz\/wp-content\/uploads\/2024\/07\/PRIM-PRIMATOR-II_425x708-image.webp 425w, https:\/\/new.prim-hodinky.cz\/wp-content\/uploads\/2024\/07\/PRIM-PRIMATOR-II_425x708-image-180x300.webp 180w\" sizes=\"(max-width: 425px) 100vw, 425px\" \/><\/figure><\/div><h5 class=\"brxe-898ebb brxe-heading h5\">PRIM Prim\u00e1tor II<\/h5><h3 class=\"brxe-1311ff brxe-heading\">Edycja limitowana<\/h3><\/a><a id=\"slide-parent\" href=\"https:\/\/new.prim-hodinky.cz\/pl\/prim-stefanik\/\" class=\"brxe-a93398 brxe-div slide-parent\"><div class=\"brxe-jyhivm brxe-div\"><figure id=\"slide-image\" class=\"brxe-e1aa53 brxe-image slide-image tag\"><img decoding=\"async\" width=\"425\" height=\"708\" src=\"https:\/\/new.prim-hodinky.cz\/wp-content\/uploads\/2024\/11\/PRIM-STEFANIK_425x708.webp\" class=\"css-filter size-full\" alt=\"\" loading=\"eager\" srcset=\"https:\/\/new.prim-hodinky.cz\/wp-content\/uploads\/2024\/11\/PRIM-STEFANIK_425x708.webp 425w, https:\/\/new.prim-hodinky.cz\/wp-content\/uploads\/2024\/11\/PRIM-STEFANIK_425x708-180x300.webp 180w\" sizes=\"(max-width: 425px) 100vw, 425px\" \/><\/figure><figure id=\"slide-image-hover\" class=\"brxe-mwmaao brxe-image slide-image-hover tag\"><img decoding=\"async\" width=\"425\" height=\"708\" src=\"https:\/\/new.prim-hodinky.cz\/wp-content\/uploads\/2024\/11\/PRIM-STEFANIK_425x708-image.webp\" class=\"css-filter size-full\" alt=\"\" loading=\"eager\" srcset=\"https:\/\/new.prim-hodinky.cz\/wp-content\/uploads\/2024\/11\/PRIM-STEFANIK_425x708-image.webp 425w, https:\/\/new.prim-hodinky.cz\/wp-content\/uploads\/2024\/11\/PRIM-STEFANIK_425x708-image-180x300.webp 180w\" sizes=\"(max-width: 425px) 100vw, 425px\" \/><\/figure><\/div><h5 class=\"brxe-898ebb brxe-heading h5\">PRIM \u0160tef\u00e1nik<\/h5><h3 class=\"brxe-1311ff brxe-heading\">Edycja limitowana<\/h3><\/a><a id=\"slide-parent\" href=\"https:\/\/new.prim-hodinky.cz\/pl\/prim-letoun-zlin-z-xii\/\" class=\"brxe-a93398 brxe-div slide-parent\"><div class=\"brxe-jyhivm brxe-div\"><figure id=\"slide-image\" class=\"brxe-e1aa53 brxe-image slide-image tag\"><img decoding=\"async\" width=\"425\" height=\"708\" src=\"https:\/\/new.prim-hodinky.cz\/wp-content\/uploads\/2024\/07\/PRIM-LETOUN-ZLIN_425x708-image.webp\" class=\"css-filter size-full\" alt=\"\" loading=\"eager\" srcset=\"https:\/\/new.prim-hodinky.cz\/wp-content\/uploads\/2024\/07\/PRIM-LETOUN-ZLIN_425x708-image.webp 425w, https:\/\/new.prim-hodinky.cz\/wp-content\/uploads\/2024\/07\/PRIM-LETOUN-ZLIN_425x708-image-180x300.webp 180w\" sizes=\"(max-width: 425px) 100vw, 425px\" \/><\/figure><\/div><h5 class=\"brxe-898ebb brxe-heading h5\">PRIM Letoun<br>Zl\u00edn Z-XII<\/h5><h3 class=\"brxe-1311ff brxe-heading\">Edycja limitowana<\/h3><\/a><a id=\"slide-parent\" href=\"https:\/\/new.prim-hodinky.cz\/pl\/prim-aviator\/\" class=\"brxe-a93398 brxe-div slide-parent\"><div class=\"brxe-jyhivm brxe-div\"><figure id=\"slide-image\" class=\"brxe-e1aa53 brxe-image slide-image tag\"><img decoding=\"async\" width=\"214\" height=\"320\" src=\"https:\/\/new.prim-hodinky.cz\/wp-content\/uploads\/2024\/07\/W91P_13169_A_komp-214x320-1.webp\" class=\"css-filter size-full\" alt=\"\" loading=\"eager\" srcset=\"https:\/\/new.prim-hodinky.cz\/wp-content\/uploads\/2024\/07\/W91P_13169_A_komp-214x320-1.webp 214w, https:\/\/new.prim-hodinky.cz\/wp-content\/uploads\/2024\/07\/W91P_13169_A_komp-214x320-1-201x300.webp 201w\" sizes=\"(max-width: 214px) 100vw, 214px\" \/><\/figure><figure id=\"slide-image-hover\" class=\"brxe-mwmaao brxe-image slide-image-hover tag\"><img decoding=\"async\" width=\"425\" height=\"708\" src=\"https:\/\/new.prim-hodinky.cz\/wp-content\/uploads\/2024\/07\/PRIM-AVIATOR_425x708-image.webp\" class=\"css-filter size-full\" alt=\"\" loading=\"eager\" srcset=\"https:\/\/new.prim-hodinky.cz\/wp-content\/uploads\/2024\/07\/PRIM-AVIATOR_425x708-image.webp 425w, https:\/\/new.prim-hodinky.cz\/wp-content\/uploads\/2024\/07\/PRIM-AVIATOR_425x708-image-180x300.webp 180w\" sizes=\"(max-width: 425px) 100vw, 425px\" \/><\/figure><\/div><h5 class=\"brxe-898ebb brxe-heading h5\">PRIM Aviator<\/h5><h3 class=\"brxe-1311ff brxe-heading\">Edycja limitowana<\/h3><\/a><a id=\"brxe-yqrrkk\" href=\"https:\/\/new.prim-hodinky.cz\/limitovane-edice\/\" class=\"brxe-div\"><span id=\"brxe-gpnsen\" class=\"brxe-button h5 bricks-button bricks-background-secondary\">Zobacz inne edycje<\/span><\/a><\/div><\/div><div class=\"splide__arrows custom\"><button class=\"splide__arrow splide__arrow--prev\" type=\"button\"><i class=\"ion-ios-arrow-back\"><\/i><\/button><button class=\"splide__arrow splide__arrow--next\" type=\"button\"><i class=\"ion-ios-arrow-forward\"><\/i><\/button><\/div><\/div><div id=\"brxe-vcizlc\" class=\"brxe-div\"><div id=\"brxe-tbutbl\" data-script-id=\"tbutbl_m5i5fere\" class=\"brxe-code\"><script>document.addEventListener(\"DOMContentLoaded\", function() {\n    setTimeout(function() {\n        var elements = document.querySelectorAll(\".brxe-a93398\");\n\n        elements.forEach(function(element) {\n            element.style.width = '';\n        });\n    }, 010);\n});<\/script><\/div><\/div><\/div><\/div><\/div><div id=\"b-vuiaxh_m5i5fere\" class=\"brxe-div has-bg-video\"><div class=\"bricks-background-video-wrapper bricks-lazy-video\" data-background-video-url=\"https:\/\/new.prim-hodinky.cz\/wp-content\/uploads\/2024\/09\/video-firemni-vyroba.mov\" data-background-video-loop=\"1\"><video autoplay loop playsinline muted ><\/video><\/div><h2 id=\"b-nszgpv_m5i5fere\" class=\"brxe-heading h1 hero-sekce-heading-stylizace\">Wysokiej klasy technologie produkcji<\/h2><a id=\"b-vrytdd_m5i5fere\" class=\"brxe-button bricks-button bricks-background-light\" href=\"https:\/\/new.prim-hodinky.cz\/pl\/technologia-produkcji\/\"><span data-gbrx-id=\"gb-vrytdd\" data-gbrx-subfield=\"text\" >Technologia produkcji<\/span><\/a><div id=\"b-fwisny_m5i5fere\" data-script-id=\"fwisny_m5i5fere\" class=\"brxe-video\"><video src=\"https:\/\/new.prim-hodinky.cz\/wp-content\/uploads\/2024\/09\/video-firemni-vyroba.mov\" autoplay playsinline onclick=\"this.paused ? this.play() : this.pause()\" loop muted><p>Twoja przegl\u0105darka nie obs\u0142uguje tagu wideo.<\/p><\/video><\/div><\/div><div id=\"b-rrlybh_m5i5fere\" class=\"brxe-div\"><h2 id=\"b-rtjnui_m5i5fere\" class=\"brxe-heading h1\">Wspieramy<\/h2><div id=\"b-gbsqqj_m5i5fere\" class=\"brxe-div brx-grid\"><a href=\"https:\/\/new.prim-hodinky.cz\/pl\/podporujeme\/cez-lipno-festival\/\" class=\"brxe-doaudx brxe-div\"><h5 id=\"b-srzdjv_m5i5fere\" class=\"brxe-srzdjv brxe-heading h5 b-srzdjv_m5i5fere\">\u010cEZ Lipno festival<\/h5><div id=\"b-qnilmk_m5i5fere\" class=\"brxe-qnilmk brxe-div b-qnilmk_m5i5fere\"><img loading=\"lazy\" decoding=\"async\" width=\"2040\" height=\"1360\" src=\"https:\/\/new.prim-hodinky.cz\/wp-content\/uploads\/2025\/03\/PRIM_Lipno5.webp\" class=\"brxe-epmfyd brxe-image podporujeme-background-foto css-filter size-full\" alt=\"\" id=\"podporujeme-background-foto\" srcset=\"https:\/\/new.prim-hodinky.cz\/wp-content\/uploads\/2025\/03\/PRIM_Lipno5.webp 2040w, https:\/\/new.prim-hodinky.cz\/wp-content\/uploads\/2025\/03\/PRIM_Lipno5-300x200.webp 300w, https:\/\/new.prim-hodinky.cz\/wp-content\/uploads\/2025\/03\/PRIM_Lipno5-1024x683.webp 1024w, https:\/\/new.prim-hodinky.cz\/wp-content\/uploads\/2025\/03\/PRIM_Lipno5-768x512.webp 768w, https:\/\/new.prim-hodinky.cz\/wp-content\/uploads\/2025\/03\/PRIM_Lipno5-1536x1024.webp 1536w\" sizes=\"auto, (max-width: 2040px) 100vw, 2040px\" \/><\/div><\/a><a href=\"https:\/\/new.prim-hodinky.cz\/pl\/podporujeme\/slavnost-legendy\/\" class=\"brxe-doaudx brxe-div\"><h5 id=\"b-srzdjv_m5i5fere\" class=\"brxe-srzdjv brxe-heading h5 b-srzdjv_m5i5fere\">Slavnost LEGENDY<\/h5><div id=\"b-qnilmk_m5i5fere\" class=\"brxe-qnilmk brxe-div b-qnilmk_m5i5fere\"><img loading=\"lazy\" decoding=\"async\" width=\"1920\" height=\"960\" src=\"https:\/\/new.prim-hodinky.cz\/wp-content\/uploads\/2025\/03\/PRIM-LEGENDY-2024_1920x960_11-ok.webp\" class=\"brxe-epmfyd brxe-image podporujeme-background-foto css-filter size-full\" alt=\"\" id=\"podporujeme-background-foto\" srcset=\"https:\/\/new.prim-hodinky.cz\/wp-content\/uploads\/2025\/03\/PRIM-LEGENDY-2024_1920x960_11-ok.webp 1920w, https:\/\/new.prim-hodinky.cz\/wp-content\/uploads\/2025\/03\/PRIM-LEGENDY-2024_1920x960_11-ok-300x150.webp 300w, https:\/\/new.prim-hodinky.cz\/wp-content\/uploads\/2025\/03\/PRIM-LEGENDY-2024_1920x960_11-ok-1024x512.webp 1024w, https:\/\/new.prim-hodinky.cz\/wp-content\/uploads\/2025\/03\/PRIM-LEGENDY-2024_1920x960_11-ok-768x384.webp 768w, https:\/\/new.prim-hodinky.cz\/wp-content\/uploads\/2025\/03\/PRIM-LEGENDY-2024_1920x960_11-ok-1536x768.webp 1536w\" sizes=\"auto, (max-width: 1920px) 100vw, 1920px\" \/><\/div><\/a><a href=\"https:\/\/new.prim-hodinky.cz\/pl\/podporujeme\/500km-slovenskych\/\" class=\"brxe-doaudx brxe-div\"><h5 id=\"b-srzdjv_m5i5fere\" class=\"brxe-srzdjv brxe-heading h5 b-srzdjv_m5i5fere\">500KM Slovensk\u00fdch<\/h5><div id=\"b-qnilmk_m5i5fere\" class=\"brxe-qnilmk brxe-div b-qnilmk_m5i5fere\"><img loading=\"lazy\" decoding=\"async\" width=\"630\" height=\"354\" src=\"https:\/\/new.prim-hodinky.cz\/wp-content\/uploads\/2024\/10\/500km-01.webp\" class=\"brxe-epmfyd brxe-image podporujeme-background-foto css-filter size-full\" alt=\"\" id=\"podporujeme-background-foto\" srcset=\"https:\/\/new.prim-hodinky.cz\/wp-content\/uploads\/2024\/10\/500km-01.webp 630w, https:\/\/new.prim-hodinky.cz\/wp-content\/uploads\/2024\/10\/500km-01-300x169.webp 300w\" sizes=\"auto, (max-width: 630px) 100vw, 630px\" \/><\/div><\/a><a href=\"https:\/\/new.prim-hodinky.cz\/pl\/podporujeme\/prim-a-runtour\/\" class=\"brxe-doaudx brxe-div\"><h5 id=\"b-srzdjv_m5i5fere\" class=\"brxe-srzdjv brxe-heading h5 b-srzdjv_m5i5fere\">PRIM a RunTour<\/h5><div id=\"b-qnilmk_m5i5fere\" class=\"brxe-qnilmk brxe-div b-qnilmk_m5i5fere\"><img loading=\"lazy\" decoding=\"async\" width=\"1920\" height=\"1280\" src=\"https:\/\/new.prim-hodinky.cz\/wp-content\/uploads\/2024\/10\/DSC_0883.webp\" class=\"brxe-epmfyd brxe-image podporujeme-background-foto css-filter size-full\" alt=\"\" id=\"podporujeme-background-foto\" srcset=\"https:\/\/new.prim-hodinky.cz\/wp-content\/uploads\/2024\/10\/DSC_0883.webp 1920w, https:\/\/new.prim-hodinky.cz\/wp-content\/uploads\/2024\/10\/DSC_0883-300x200.webp 300w, https:\/\/new.prim-hodinky.cz\/wp-content\/uploads\/2024\/10\/DSC_0883-1024x683.webp 1024w, https:\/\/new.prim-hodinky.cz\/wp-content\/uploads\/2024\/10\/DSC_0883-768x512.webp 768w, https:\/\/new.prim-hodinky.cz\/wp-content\/uploads\/2024\/10\/DSC_0883-1536x1024.webp 1536w\" sizes=\"auto, (max-width: 1920px) 100vw, 1920px\" \/><\/div><\/a><a href=\"https:\/\/new.prim-hodinky.cz\/pl\/podporujeme\/moravskoslezska-sestra-2022\/\" class=\"brxe-doaudx brxe-div\"><h5 id=\"b-srzdjv_m5i5fere\" class=\"brxe-srzdjv brxe-heading h5 b-srzdjv_m5i5fere\">Moravskoslezsk\u00e1 sestra 2022<\/h5><div id=\"b-qnilmk_m5i5fere\" class=\"brxe-qnilmk brxe-div b-qnilmk_m5i5fere\"><img loading=\"lazy\" decoding=\"async\" width=\"630\" height=\"354\" src=\"https:\/\/new.prim-hodinky.cz\/wp-content\/uploads\/2024\/10\/MS-SESTRA-01.webp\" class=\"brxe-epmfyd brxe-image podporujeme-background-foto css-filter size-full\" alt=\"\" id=\"podporujeme-background-foto\" srcset=\"https:\/\/new.prim-hodinky.cz\/wp-content\/uploads\/2024\/10\/MS-SESTRA-01.webp 630w, https:\/\/new.prim-hodinky.cz\/wp-content\/uploads\/2024\/10\/MS-SESTRA-01-300x169.webp 300w\" sizes=\"auto, (max-width: 630px) 100vw, 630px\" \/><\/div><\/a><a href=\"https:\/\/new.prim-hodinky.cz\/pl\/podporujeme\/hodinky-pro-hvezdy-i-nadeje\/\" class=\"brxe-doaudx brxe-div\"><h5 id=\"b-srzdjv_m5i5fere\" class=\"brxe-srzdjv brxe-heading h5 b-srzdjv_m5i5fere\">Hodinky pro hv\u011bzdy i nad\u011bje<\/h5><div id=\"b-qnilmk_m5i5fere\" class=\"brxe-qnilmk brxe-div b-qnilmk_m5i5fere\"><img loading=\"lazy\" decoding=\"async\" width=\"1000\" height=\"777\" src=\"https:\/\/new.prim-hodinky.cz\/wp-content\/uploads\/2024\/10\/H3B9726-e1741168094256.jpg\" class=\"brxe-epmfyd brxe-image podporujeme-background-foto css-filter size-full\" alt=\"\" id=\"podporujeme-background-foto\" srcset=\"https:\/\/new.prim-hodinky.cz\/wp-content\/uploads\/2024\/10\/H3B9726-e1741168094256.jpg 1000w, https:\/\/new.prim-hodinky.cz\/wp-content\/uploads\/2024\/10\/H3B9726-e1741168094256-300x233.jpg 300w, https:\/\/new.prim-hodinky.cz\/wp-content\/uploads\/2024\/10\/H3B9726-e1741168094256-768x597.jpg 768w\" sizes=\"auto, (max-width: 1000px) 100vw, 1000px\" \/><\/div><\/a><\/div><a id=\"b-puvawu_m5i5fere\" class=\"brxe-button bricks-button bricks-background-secondary\" href=\"https:\/\/new.prim-hodinky.cz\/podporujeme\/\"><span data-gbrx-id=\"gb-puvawu\" data-gbrx-subfield=\"text\" >Inne wspierane projekty<\/span><\/a><\/div><div id=\"b-jwbbnh_m5i5fere\" class=\"brxe-div\"><div class=\"brxe-blomou brxe-div\"><div id=\"b-apekka_m5i5fere\" class=\"brxe-apekka brxe-text-basic text hero-sekce-heading-stylizace b-apekka_m5i5fere\">Prodejna<\/div><h3 id=\"b-wqmjgq_m5i5fere\" class=\"brxe-wqmjgq brxe-heading h1 hero-sekce-heading-stylizace b-wqmjgq_m5i5fere\">Fr\u00fddek-M\u00edstek<\/h3><div id=\"b-nbwujd_m5i5fere\" class=\"brxe-nbwujd brxe-text-basic text hero-sekce-heading-stylizace b-nbwujd_m5i5fere\">P\u0159\u00edborsk\u00e1 1473, Fr\u00fddek-M\u00edstek<\/div><a id=\"b-nqdklv_m5i5fere\" class=\"brxe-nqdklv brxe-button text b-nqdklv_m5i5fere bricks-button bricks-background-primary\" href=\"https:\/\/new.prim-hodinky.cz\/kontakt\/\"><span data-gbrx-id=\"gb-nqdklv\" data-gbrx-subfield=\"text\" >Kontakt<\/span><\/a><\/div><\/div>","protected":false},"excerpt":{"rendered":"","protected":false},"author":1,"featured_media":0,"parent":0,"menu_order":1,"comment_status":"closed","ping_status":"closed","template":"templates\/gutenbricks-dynamic-template-default.php","meta":{"_acf_changed":false,"footnotes":""},"class_list":["post-23041","page","type-page","status-publish","hentry"],"acf":[],"_links":{"self":[{"href":"https:\/\/new.prim-hodinky.cz\/pl\/wp-json\/wp\/v2\/pages\/23041","targetHints":{"allow":["GET"]}}],"collection":[{"href":"https:\/\/new.prim-hodinky.cz\/pl\/wp-json\/wp\/v2\/pages"}],"about":[{"href":"https:\/\/new.prim-hodinky.cz\/pl\/wp-json\/wp\/v2\/types\/page"}],"author":[{"embeddable":true,"href":"https:\/\/new.prim-hodinky.cz\/pl\/wp-json\/wp\/v2\/users\/1"}],"replies":[{"embeddable":true,"href":"https:\/\/new.prim-hodinky.cz\/pl\/wp-json\/wp\/v2\/comments?post=23041"}],"version-history":[{"count":7,"href":"https:\/\/new.prim-hodinky.cz\/pl\/wp-json\/wp\/v2\/pages\/23041\/revisions"}],"predecessor-version":[{"id":31011,"href":"https:\/\/new.prim-hodinky.cz\/pl\/wp-json\/wp\/v2\/pages\/23041\/revisions\/31011"}],"wp:attachment":[{"href":"https:\/\/new.prim-hodinky.cz\/pl\/wp-json\/wp\/v2\/media?parent=23041"}],"curies":[{"name":"wp","href":"https:\/\/api.w.org\/{rel}","templated":true}]}}