{"id":24044,"date":"2024-09-18T12:49:46","date_gmt":"2024-09-18T11:49:46","guid":{"rendered":"https:\/\/new.prim-hodinky.cz\/contact\/"},"modified":"2024-12-14T16:37:04","modified_gmt":"2024-12-14T15:37:04","slug":"contact","status":"publish","type":"page","link":"https:\/\/new.prim-hodinky.cz\/en\/contact\/","title":{"rendered":"Contact"},"content":{"rendered":"<section id=\"b-sbbotz_m4ob3av4\" class=\"brxe-div\"><div id=\"b-hlvxxg_m4ob3av4\" class=\"brxe-div\"><h1 id=\"b-asarrx_m4ob3av4\" class=\"brxe-heading h1\">Contact<\/h1><\/div><div id=\"b-dsvtjv_m4ob3av4\" class=\"brxe-div\"><div id=\"b-ivrbwn_m4ob3av4\" class=\"brxe-text-basic h5\">Do you have any questions about PRIM watches or can we help you in any other way?<\/div><\/div><div id=\"b-zzinrn_m4ob3av4\" class=\"brxe-div\"><a id=\"b-cnfvsl_m4ob3av4\" class=\"brxe-button bricks-button bricks-background-primary\" href=\"https:\/\/new.prim-hodinky.cz\/blog\/\"><span data-gbrx-id=\"gb-cnfvsl\" data-gbrx-subfield=\"text\" >[Nav\u0161t\u00edvit n\u00e1\u0161 blog]<\/span><\/a><a id=\"b-xgyhhs_m4ob3av4\" class=\"brxe-button bricks-button bricks-background-secondary\" href=\"\/en\/service\/#reklamace\" data-brx-anchor=\"true\"><span data-gbrx-id=\"gb-xgyhhs\" data-gbrx-subfield=\"text\" >Claims<\/span><\/a><\/div><\/section><div id=\"b-sbtjgv_m4ob3av4\" class=\"brxe-template\"><section id=\"brxe-vbihyi\" class=\"brxe-section\"><div id=\"brxe-mleiqe\" class=\"brxe-div\"><div id=\"brxe-zdqhju\" class=\"brxe-div\" data-interactions=\"[{&quot;id&quot;:&quot;jqklsy&quot;,&quot;trigger&quot;:&quot;click&quot;,&quot;action&quot;:&quot;hide&quot;,&quot;target&quot;:&quot;custom&quot;,&quot;targetSelector&quot;:&quot;#brxe-vbihyi&quot;}]\" data-interaction-id=\"8ef6bb\"><\/div><div id=\"brxe-ebjzlh\" class=\"brxe-div\"><i id=\"brxe-zhsaha\" class=\"ion-md-close brxe-icon\" data-interactions=\"[{&quot;id&quot;:&quot;lmyaxm&quot;,&quot;trigger&quot;:&quot;click&quot;,&quot;action&quot;:&quot;hide&quot;,&quot;target&quot;:&quot;custom&quot;,&quot;targetSelector&quot;:&quot;#brxe-vbihyi&quot;,&quot;titleEditable&quot;:&quot;Zav\\u0159\\u00edt popup&quot;}]\" data-interaction-id=\"9cdafc\"><\/i><h3 id=\"brxe-wbyeol\" class=\"brxe-heading h2\">Stores abroad<\/h3><div class=\"brxe-rjvczk brxe-div\"><?xml encoding=\"UTF-8\"><div data-script-id=\"42ca8b_m4ob3av4\" class=\"brxe-vguojt brxe-tabs-nested\"><div class=\"brxe-nrttsp brxe-block tab-menu\" role=\"tablist\"><div class=\"brxe-wtqidp brxe-div tab-title\" role=\"tab\" aria-selected=\"true\" tabindex=\"0\" id=\"brx-tab-title-vguojt-0\" aria-controls=\"brx-tab-pane-vguojt-0\"><span class=\"brxe-cpfxod brxe-button bricks-button bricks-background-secondary\">Slovensko<\/span><\/div><div class=\"brxe-wtqidp brxe-div tab-title\" role=\"tab\" aria-selected=\"false\" tabindex=\"-1\" id=\"brx-tab-title-vguojt-1\" aria-controls=\"brx-tab-pane-vguojt-1\"><span class=\"brxe-cpfxod brxe-button bricks-button bricks-background-secondary\">Polsko<\/span><\/div><div class=\"brxe-wtqidp brxe-div tab-title\" role=\"tab\" aria-selected=\"false\" tabindex=\"-1\" id=\"brx-tab-title-vguojt-2\" aria-controls=\"brx-tab-pane-vguojt-2\"><span class=\"brxe-cpfxod brxe-button bricks-button bricks-background-secondary\">Ma&#271;arsko<\/span><\/div><\/div><div class=\"brxe-xikvjh brxe-block tab-content\"><div class=\"brxe-xjobpc brxe-block tab-pane\" id=\"brx-tab-pane-vguojt-0\" role=\"tabpanel\" aria-labelledby=\"brx-tab-title-vguojt-0\" tabindex=\"0\"><div class=\"brxe-qlayca brxe-block brx-grid\"><div class=\"brxe-somire brxe-block\"><div class=\"brxe-hucrhh brxe-div\"><div class=\"brxe-blxcpx brxe-div\"><h3 class=\"brxe-jxwddb brxe-heading text\">MPM-QUALITY s.r.o.<\/h3><h3 class=\"brxe-vwnphu brxe-heading\">Legion&aacute;rska 618<\/h3><h3 class=\"brxe-ixgdmd brxe-heading text\">91101 Tren&#269;&iacute;n<\/h3><\/div><div class=\"brxe-zqlapk brxe-div\"><h3 class=\"brxe-xdwuyn brxe-heading text\">obchod@mpm-quality.sk<\/h3><h3 class=\"brxe-ggycct brxe-heading text\">+421 32 658 75 73<\/h3><\/div><div class=\"brxe-mirvnz brxe-div\"><h3 class=\"brxe-jmulom brxe-heading\">Sales Representative<\/h3><h3 class=\"brxe-otlbel brxe-heading\"> Miroslav Studen&yacute;<\/h3><\/div><\/div><\/div><div class=\"brxe-knjjrj brxe-block\"><div class=\"brxe-btazka brxe-div\"><div data-script-id=\"6b58ec_m4ob3av4\" class=\"brxe-ygvucg brxe-map\" data-bricks-map-options='{\"addresses\":[{\"id\":\"rhgdlf\",\"address\":\"Tren\\u010d\\u00edn Legion\\u00e1rska 618 91101\"}],\"zoom\":14,\"scrollwheel\":true,\"draggable\":true,\"fullscreenControl\":false,\"mapTypeControl\":false,\"streetViewControl\":true,\"zoomControl\":true,\"disableDefaultUI\":false,\"type\":\"roadmap\"}'><\/div><\/div><\/div><\/div><\/div><div class=\"brxe-xjobpc brxe-block tab-pane\" id=\"brx-tab-pane-vguojt-1\" role=\"tabpanel\" aria-labelledby=\"brx-tab-title-vguojt-1\" tabindex=\"0\"><div class=\"brxe-qlayca brxe-block brx-grid\"><div class=\"brxe-somire brxe-block\"><div class=\"brxe-hucrhh brxe-div\"><div class=\"brxe-blxcpx brxe-div\"><h3 class=\"brxe-jxwddb brxe-heading text\">MPM-QUALITY Sp. z o. o.<\/h3><h3 class=\"brxe-vwnphu brxe-heading\">Karpacka 24<\/h3><h3 class=\"brxe-ixgdmd brxe-heading text\">43-300 Bielsko-Bia&#322;a<\/h3><\/div><div class=\"brxe-zqlapk brxe-div\"><h3 class=\"brxe-xdwuyn brxe-heading text\">biznes@mpm-quality.com<\/h3><h3 class=\"brxe-ggycct brxe-heading text\">+48 33 822 70 08<\/h3><\/div><div class=\"brxe-mirvnz brxe-div\"><h3 class=\"brxe-jmulom brxe-heading\">Sales Representative<\/h3><h3 class=\"brxe-otlbel brxe-heading\"> Ren&eacute; Hrto&#328;<\/h3><\/div><\/div><\/div><div class=\"brxe-knjjrj brxe-block\"><div class=\"brxe-btazka brxe-div\"><div data-script-id=\"a7c4d3_m4ob3av4\" class=\"brxe-ygvucg brxe-map\" data-bricks-map-options='{\"addresses\":[{\"id\":\"rhgdlf\",\"address\":\"Bielsko-Bia\\u0142a Karpacka 24 43-300\"}],\"zoom\":14,\"scrollwheel\":true,\"draggable\":true,\"fullscreenControl\":false,\"mapTypeControl\":false,\"streetViewControl\":true,\"zoomControl\":true,\"disableDefaultUI\":false,\"type\":\"roadmap\"}'><\/div><\/div><\/div><\/div><\/div><div class=\"brxe-xjobpc brxe-block tab-pane\" id=\"brx-tab-pane-vguojt-2\" role=\"tabpanel\" aria-labelledby=\"brx-tab-title-vguojt-2\" tabindex=\"0\"><div class=\"brxe-qlayca brxe-block brx-grid\"><div class=\"brxe-somire brxe-block\"><div class=\"brxe-hucrhh brxe-div\"><div class=\"brxe-blxcpx brxe-div\"><h3 class=\"brxe-jxwddb brxe-heading text\">MPM-Quality Kft.<\/h3><h3 class=\"brxe-vwnphu brxe-heading\">Jedlik &Aacute;nyos utca 8.<\/h3><h3 class=\"brxe-ixgdmd brxe-heading text\">2900 Kom&aacute;rom<\/h3><\/div><div class=\"brxe-zqlapk brxe-div\"><h3 class=\"brxe-xdwuyn brxe-heading text\">uzlet@mpm-quality.hu<\/h3><h3 class=\"brxe-ggycct brxe-heading text\">+36 634 340 137<\/h3><\/div><div class=\"brxe-mirvnz brxe-div\"><h3 class=\"brxe-jmulom brxe-heading\">Sales Representative<\/h3><h3 class=\"brxe-otlbel brxe-heading\"> &Scaron;tefan Hojdan<\/h3><\/div><\/div><\/div><div class=\"brxe-knjjrj brxe-block\"><div class=\"brxe-btazka brxe-div\"><div data-script-id=\"a44821_m4ob3av4\" class=\"brxe-ygvucg brxe-map\" data-bricks-map-options='{\"addresses\":[{\"id\":\"rhgdlf\",\"address\":\"Kom\\u00e1rom Jedlik \\u00c1nyos utca 8. 2900\"}],\"zoom\":14,\"scrollwheel\":true,\"draggable\":true,\"fullscreenControl\":false,\"mapTypeControl\":false,\"streetViewControl\":true,\"zoomControl\":true,\"disableDefaultUI\":false,\"type\":\"roadmap\"}'><\/div><\/div><\/div><\/div><\/div><\/div><\/div>\n<\/div><div class=\"brxe-pussil brxe-div\"><div class=\"brxe-skhuep brxe-div\"><div class=\"brxe-jczhba brxe-block brx-grid\"><div class=\"brxe-ufuhoe brxe-block\"><div class=\"brxe-yudgrz brxe-div\"><h3 class=\"brxe-auhdom brxe-heading\">SK<\/h3><div class=\"brxe-vawzrb brxe-div\"><h3 class=\"brxe-mzseao brxe-heading text\">MPM-QUALITY s.r.o.<\/h3><h3 class=\"brxe-svwhxm brxe-heading\">Legion\u00e1rska 618<\/h3><h3 class=\"brxe-cdeurv brxe-heading text\">91101 Tren\u010d\u00edn<\/h3><\/div><div class=\"brxe-zekjyg brxe-div\"><h3 class=\"brxe-ytiyam brxe-heading text\">obchod@mpm-quality.sk<\/h3><h3 class=\"brxe-tjrixp brxe-heading text\">+421 32 658 75 73<\/h3><\/div><div class=\"brxe-syufog brxe-div\"><h3 class=\"brxe-esyvrm brxe-heading\">Sales Representative<\/h3><h3 class=\"brxe-jmjqnu brxe-heading\"> Miroslav Studen\u00fd<\/h3><\/div><\/div><\/div><div class=\"brxe-ffjgcp brxe-block\"><div class=\"brxe-joiuxh brxe-div\"><div data-script-id=\"737e4a_m4ob3av4\" class=\"brxe-lxfygs brxe-map\" data-bricks-map-options=\"{&quot;addresses&quot;:[{&quot;id&quot;:&quot;rhgdlf&quot;,&quot;address&quot;:&quot;Tren\\u010d\\u00edn Legion\\u00e1rska 618 91101&quot;}],&quot;zoom&quot;:14,&quot;scrollwheel&quot;:true,&quot;draggable&quot;:true,&quot;fullscreenControl&quot;:false,&quot;mapTypeControl&quot;:false,&quot;streetViewControl&quot;:true,&quot;zoomControl&quot;:true,&quot;disableDefaultUI&quot;:false,&quot;type&quot;:&quot;roadmap&quot;}\"><\/div><\/div><\/div><\/div><\/div><\/div><div class=\"brxe-pussil brxe-div\"><div class=\"brxe-skhuep brxe-div\"><div class=\"brxe-jczhba brxe-block brx-grid\"><div class=\"brxe-ufuhoe brxe-block\"><div class=\"brxe-yudgrz brxe-div\"><h3 class=\"brxe-auhdom brxe-heading\">PL<\/h3><div class=\"brxe-vawzrb brxe-div\"><h3 class=\"brxe-mzseao brxe-heading text\">MPM-QUALITY Sp. z o. o.<\/h3><h3 class=\"brxe-svwhxm brxe-heading\">Karpacka 24<\/h3><h3 class=\"brxe-cdeurv brxe-heading text\">43-300 Bielsko-Bia\u0142a<\/h3><\/div><div class=\"brxe-zekjyg brxe-div\"><h3 class=\"brxe-ytiyam brxe-heading text\">biznes@mpm-quality.com<\/h3><h3 class=\"brxe-tjrixp brxe-heading text\">+48 33 822 70 08<\/h3><\/div><div class=\"brxe-syufog brxe-div\"><h3 class=\"brxe-esyvrm brxe-heading\">Sales Representative<\/h3><h3 class=\"brxe-jmjqnu brxe-heading\"> Ren\u00e9 Hrto\u0148<\/h3><\/div><\/div><\/div><div class=\"brxe-ffjgcp brxe-block\"><div class=\"brxe-joiuxh brxe-div\"><div data-script-id=\"a201e7_m4ob3av4\" class=\"brxe-lxfygs brxe-map\" data-bricks-map-options=\"{&quot;addresses&quot;:[{&quot;id&quot;:&quot;rhgdlf&quot;,&quot;address&quot;:&quot;Bielsko-Bia\\u0142a Karpacka 24 43-300&quot;}],&quot;zoom&quot;:14,&quot;scrollwheel&quot;:true,&quot;draggable&quot;:true,&quot;fullscreenControl&quot;:false,&quot;mapTypeControl&quot;:false,&quot;streetViewControl&quot;:true,&quot;zoomControl&quot;:true,&quot;disableDefaultUI&quot;:false,&quot;type&quot;:&quot;roadmap&quot;}\"><\/div><\/div><\/div><\/div><\/div><\/div><div class=\"brxe-pussil brxe-div\"><div class=\"brxe-skhuep brxe-div\"><div class=\"brxe-jczhba brxe-block brx-grid\"><div class=\"brxe-ufuhoe brxe-block\"><div class=\"brxe-yudgrz brxe-div\"><h3 class=\"brxe-auhdom brxe-heading\">HU<\/h3><div class=\"brxe-vawzrb brxe-div\"><h3 class=\"brxe-mzseao brxe-heading text\">MPM-Quality Kft.<\/h3><h3 class=\"brxe-svwhxm brxe-heading\">Jedlik \u00c1nyos utca 8.<\/h3><h3 class=\"brxe-cdeurv brxe-heading text\">2900 Kom\u00e1rom<\/h3><\/div><div class=\"brxe-zekjyg brxe-div\"><h3 class=\"brxe-ytiyam brxe-heading text\">uzlet@mpm-quality.hu<\/h3><h3 class=\"brxe-tjrixp brxe-heading text\">+36 634 340 137<\/h3><\/div><div class=\"brxe-syufog brxe-div\"><h3 class=\"brxe-esyvrm brxe-heading\">Sales Representative<\/h3><h3 class=\"brxe-jmjqnu brxe-heading\"> \u0160tefan Hojdan<\/h3><\/div><\/div><\/div><div class=\"brxe-ffjgcp brxe-block\"><div class=\"brxe-joiuxh brxe-div\"><div data-script-id=\"662aa8_m4ob3av4\" class=\"brxe-lxfygs brxe-map\" data-bricks-map-options=\"{&quot;addresses&quot;:[{&quot;id&quot;:&quot;rhgdlf&quot;,&quot;address&quot;:&quot;Kom\\u00e1rom Jedlik \\u00c1nyos utca 8. 2900&quot;}],&quot;zoom&quot;:14,&quot;scrollwheel&quot;:true,&quot;draggable&quot;:true,&quot;fullscreenControl&quot;:false,&quot;mapTypeControl&quot;:false,&quot;streetViewControl&quot;:true,&quot;zoomControl&quot;:true,&quot;disableDefaultUI&quot;:false,&quot;type&quot;:&quot;roadmap&quot;}\"><\/div><\/div><\/div><\/div><\/div><\/div><\/div><\/div><\/section><section id=\"brxe-jcmxwa\" class=\"brxe-section\"><div id=\"brxe-vcbkjj\" class=\"brxe-div\"><div id=\"brxe-iywfzf\" class=\"brxe-div\" data-interactions=\"[{&quot;id&quot;:&quot;jqklsy&quot;,&quot;trigger&quot;:&quot;click&quot;,&quot;action&quot;:&quot;hide&quot;,&quot;target&quot;:&quot;custom&quot;,&quot;targetSelector&quot;:&quot;#brxe-jcmxwa&quot;}]\" data-interaction-id=\"91d501\"><\/div><div id=\"brxe-rsdoag\" class=\"brxe-div\"><i id=\"brxe-lxaxof\" class=\"ion-md-close brxe-icon\" data-interactions=\"[{&quot;id&quot;:&quot;lmyaxm&quot;,&quot;trigger&quot;:&quot;click&quot;,&quot;action&quot;:&quot;hide&quot;,&quot;target&quot;:&quot;custom&quot;,&quot;targetSelector&quot;:&quot;#brxe-jcmxwa&quot;,&quot;titleEditable&quot;:&quot;Zav\\u0159\\u00edt popup&quot;}]\" data-interaction-id=\"c8bfa3\"><\/i><h3 id=\"brxe-dknhqj\" class=\"brxe-heading h2\">Contact us<\/h3><div id=\"brxe-okmrhr\" class=\"brxe-text-basic\">To email prim@prim-hodinky.cz or via the form<\/div><div id=\"brxe-ehrxxj\" class=\"brxe-template\"><section id=\"brxe-qkdrhz\" class=\"brxe-section\">\t\t<form id=\"brxe-fdjjna\" data-script-id=\"fdjjna_m4ob3av4\" class=\"brxe-form\" method=\"post\" data-element-id=\"fdjjna\">\n\t\t\t\n\t\t\t\t<div class=\"form-group\" role=\"group\">\n\t\t\t\t<input id=\"form-field-4b9a73\" name=\"form-field-713e23\" aria-label=\"Name and surname\" spellcheck=\"false\" type=\"text\" value placeholder=\"Name and surname\" required>\n\t\t\t\t\n\t\t\t\t\n\t\t\t\t\t\t\t<\/div>\n\t\t\t\t\n\t\t\t\t<div class=\"form-group\" role=\"group\">\n\t\t\t\t<input id=\"form-field-7bf636\" name=\"form-field-7e7688\" aria-label=\"Email\" type=\"email\" value placeholder=\"Your e-mail\" maxlength=\"320\" required>\n\t\t\t\t\n\t\t\t\t\n\t\t\t\t\t\t\t<\/div>\n\t\t\t\t\n\t\t\t\t<div class=\"form-group\" role=\"group\">\n\t\t\t\t\n\t\t\t\t\t\t\t\t<textarea id=\"form-field-c9cafc\" name=\"form-field-8b1144\" aria-label=\"Message\" spellcheck=\"false\" placeholder=\"Your message\" required><\/textarea>\n\t\t\t\t\n\t\t\t\t\n\t\t\t\t\t\t\t<\/div>\n\t\t\t\t\n\t\t\t\t<div class=\"form-group file\" role=\"group\">\n\t\t\t\t<input multiple data-limit=\"3\" data-maxsize=\"5\" data-files-ref=\"0fb90c\" id=\"form-field-0fb90c\" name=\"form-field-ypnccp\" aria-label=\"Attachment\" type=\"file\" value>\t\t\t\t<div data-files-ref=\"0fb90c\" class=\"file-result\" data-error-limit=\"File %s not accepted. File limit exceeded.\" data-error-size=\"File %s not accepted. Size limit exceeded.\">\n\t\t\t\t\t<span class=\"text\"><\/span>\n\t\t\t\t\t<button type=\"button\" class=\"bricks-button remove\">Remove<\/button>\n\t\t\t\t\t<svg version=\"1.1\" viewBox=\"0 0 24 24\" xmlns=\"http:\/\/www.w3.org\/2000\/svg\" xmlns:xlink=\"http:\/\/www.w3.org\/1999\/xlink\"><g stroke-linecap=\"round\" stroke-width=\"1\" stroke=\"#000\" fill=\"none\" stroke-linejoin=\"round\"><path d=\"M0.5,0.5l23,23\"><\/path><path d=\"M23.5,0.5l-23,23\"><\/path><\/g><path fill=\"none\" d=\"M0,0h24v24h-24Z\"><\/path><\/svg>\n\t\t\t\t<\/div>\n\n\t\t\t\t<label for=\"form-field-0fb90c\" class=\"choose-files\">Choose a file(s)<\/label>\n\t\t\t\t\n\t\t\t\t\n\t\t\t\t\n\t\t\t\t\t\t\t<\/div>\n\t\t\t\t<div class=\"form-group captcha\"><div class=\"form-group recaptcha-error\"><div class=\"brxe-alert danger\"><p>Google reCaptcha: Invalid site key.<\/p><\/div><\/div><div id=\"recaptcha-fdjjna\" data-key=\"6LfY98sUAAAAAJTlzm_qPHJNbDur_rrtZ-Bx0vmi\" class=\"recaptcha-hidden\"><\/div><\/div>\n\t\t  <div class=\"form-group submit-button-wrapper\">\n\t\t\t\t<button type=\"submit\" class=\"bricks-button bricks-background-secondary\">\n\t\t\t\t\t<span class=\"text\">Send<\/span><span class=\"loading\"><svg version=\"1.1\" viewBox=\"0 0 24 24\" xmlns=\"http:\/\/www.w3.org\/2000\/svg\" xmlns:xlink=\"http:\/\/www.w3.org\/1999\/xlink\"><g stroke-linecap=\"round\" stroke-width=\"1\" stroke=\"currentColor\" fill=\"none\" stroke-linejoin=\"round\"><path d=\"M0.927,10.199l2.787,4.151l3.205,-3.838\"><\/path><path d=\"M23.5,14.5l-2.786,-4.15l-3.206,3.838\"><\/path><path d=\"M20.677,10.387c0.834,4.408 -2.273,8.729 -6.509,9.729c-2.954,0.699 -5.916,-0.238 -7.931,-2.224\"><\/path><path d=\"M3.719,14.325c-1.314,-4.883 1.969,-9.675 6.538,-10.753c3.156,-0.747 6.316,0.372 8.324,2.641\"><\/path><\/g><path fill=\"none\" d=\"M0,0h24v24h-24Z\"><\/path><\/svg>\n<\/span>\t\t\t\t<\/button>\n\t\t\t<\/div>\n\t\t<\/form>\n\t\t<\/section><\/div><\/div><\/div><\/section><section id=\"brxe-rbyvss\" class=\"brxe-section\"><div id=\"brxe-joicgs\" class=\"brxe-div\"><div id=\"brxe-logjkg\" class=\"brxe-div\" data-interactions=\"[{&quot;id&quot;:&quot;sggvgn&quot;,&quot;trigger&quot;:&quot;click&quot;,&quot;action&quot;:&quot;hide&quot;,&quot;target&quot;:&quot;custom&quot;,&quot;targetSelector&quot;:&quot;#brxe-rbyvss&quot;}]\" data-interaction-id=\"925752\"><\/div><div id=\"brxe-ymywoh\" class=\"brxe-div\"><i id=\"brxe-txznzv\" class=\"ion-md-close brxe-icon\" data-interactions=\"[{&quot;id&quot;:&quot;uywgfi&quot;,&quot;trigger&quot;:&quot;click&quot;,&quot;action&quot;:&quot;hide&quot;,&quot;target&quot;:&quot;custom&quot;,&quot;targetSelector&quot;:&quot;#brxe-rbyvss&quot;,&quot;titleEditable&quot;:&quot;Zav\\u0159\\u00edt popup&quot;}]\" data-interaction-id=\"b5355f\"><\/i><h3 id=\"brxe-xzmqsg\" class=\"brxe-heading h2\">Contacts<\/h3><div id=\"brxe-nzvmnd\" class=\"brxe-text-basic\">Select from the given options for telephone contact <\/div><div class=\"brxe-pogpue brxe-div\"><div class=\"brxe-ramzbk brxe-text-basic\">MPM-QUALITY reception<\/div><div class=\"brxe-ubmffh brxe-text-basic\">+420 558 441 190<\/div><div class=\"brxe-opqalc brxe-text-basic\">Contacts<\/div><div class=\"brxe-jqwcmb brxe-text-basic\">+420 722 954 467<\/div><div class=\"brxe-rkefkf brxe-text-basic\">+420 558 441 193<\/div><div class=\"brxe-ihmoth brxe-text-basic\">obchod@prim-hodinky.cz<\/div><\/div><\/div><\/div><\/section><section id=\"brxe-ascjav\" class=\"brxe-section\"><div id=\"brxe-ylhxar\" class=\"brxe-div\"><div id=\"brxe-txqfyc\" class=\"brxe-div\" data-interactions=\"[{&quot;id&quot;:&quot;jqklsy&quot;,&quot;trigger&quot;:&quot;click&quot;,&quot;action&quot;:&quot;hide&quot;,&quot;target&quot;:&quot;custom&quot;,&quot;targetSelector&quot;:&quot;#brxe-ascjav&quot;}]\" data-interaction-id=\"1dd492\"><\/div><div id=\"brxe-wocujw\" class=\"brxe-div\"><i id=\"brxe-kprzam\" class=\"ion-md-close brxe-icon\" data-interactions=\"[{&quot;id&quot;:&quot;lmyaxm&quot;,&quot;trigger&quot;:&quot;click&quot;,&quot;action&quot;:&quot;hide&quot;,&quot;target&quot;:&quot;custom&quot;,&quot;targetSelector&quot;:&quot;#brxe-ascjav&quot;,&quot;titleEditable&quot;:&quot;Zav\\u0159\\u00edt popup&quot;}]\" data-interaction-id=\"875918\"><\/i><h3 id=\"brxe-gkojpe\" class=\"brxe-heading h2\">Company store<\/h3><div class=\"brxe-xsaakr brxe-div brx-grid\"><div class=\"brxe-fqypgv brxe-div\"><div class=\"brxe-mshtvp brxe-text-basic\">PRIM hodinky<br>P\u0159\u00edborsk\u00e1 1473<br>73802 Fr\u00fddek-M\u00edstek<\/div><div class=\"brxe-kpxsxu brxe-div\"><div class=\"brxe-gjuwmv brxe-text-basic\">Mon-Fri 12:00-16:00<\/div><div class=\"brxe-pwocob brxe-text-basic text\">(Lunch break 12:00-12:30)<\/div><div class=\"brxe-nddmel brxe-text-basic text\">We will be happy to serve you after 16.00 on the basis of a prior telephone or e-mail agreement. For more information please call +420 722 954 467.  <\/div><\/div><\/div><div class=\"brxe-zuxsot brxe-div\"><div data-script-id=\"4187dd_m4ob3av4\" class=\"brxe-zxigha brxe-map\" data-bricks-map-options=\"{&quot;addresses&quot;:[{&quot;id&quot;:&quot;dwvigg&quot;,&quot;address&quot;:&quot;Fr\\u00fddek-M\\u00edstek P\\u0159\\u00edborsk\\u00e1 1473 73802&quot;}],&quot;zoom&quot;:14,&quot;scrollwheel&quot;:true,&quot;draggable&quot;:true,&quot;fullscreenControl&quot;:false,&quot;mapTypeControl&quot;:false,&quot;streetViewControl&quot;:true,&quot;zoomControl&quot;:true,&quot;disableDefaultUI&quot;:false,&quot;type&quot;:&quot;roadmap&quot;}\"><\/div><\/div><\/div><\/div><\/div><\/section><div id=\"brxe-mtilpa\" class=\"brxe-container\"><div id=\"brxe-yzudlz\" class=\"brxe-div\"><h3 id=\"brxe-dglyow\" class=\"brxe-heading h3\">How would you like to get in touch with us?<\/h3><\/div><div id=\"brxe-vxsirp\" class=\"brxe-div brx-grid\"><div id=\"brxe-lnkjid\" class=\"brxe-div brx-grid\" onclick data-interactions=\"[{&quot;id&quot;:&quot;saqnln&quot;,&quot;trigger&quot;:&quot;click&quot;,&quot;action&quot;:&quot;show&quot;,&quot;target&quot;:&quot;custom&quot;,&quot;targetSelector&quot;:&quot;#brxe-rbyvss&quot;}]\" data-interaction-id=\"641664\"><div id=\"brxe-piheas\" class=\"brxe-div\"><i id=\"brxe-bykeoi\" class=\"ion-ios-call brxe-icon\"><\/i><h3 id=\"brxe-nikmnz\" class=\"brxe-heading h5\">By phone<\/h3><\/div><div id=\"brxe-kujvbm\" class=\"brxe-div\"><span id=\"brxe-ynnbbl\" class=\"brxe-button bricks-button bricks-background-secondary\">Call us<\/span><\/div><\/div><div id=\"brxe-muivte\" class=\"brxe-div brx-grid\" onclick data-interactions=\"[{&quot;id&quot;:&quot;uzgflg&quot;,&quot;trigger&quot;:&quot;click&quot;,&quot;action&quot;:&quot;show&quot;,&quot;target&quot;:&quot;custom&quot;,&quot;targetSelector&quot;:&quot;#brxe-ascjav&quot;}]\" data-interaction-id=\"895f00\"><div id=\"brxe-ivzqal\" class=\"brxe-div\"><i id=\"brxe-xgmfap\" class=\"fas fa-shop brxe-icon\"><\/i><h3 id=\"brxe-iihmxk\" class=\"brxe-heading h5\">Visit the store<\/h3><\/div><div id=\"brxe-arxfko\" class=\"brxe-div\"><span id=\"brxe-unnrhd\" class=\"brxe-button bricks-button bricks-background-secondary\">Come visit us<\/span><\/div><\/div><div id=\"brxe-hwbejq\" class=\"brxe-div brx-grid\" data-interactions=\"[{&quot;id&quot;:&quot;gjoiko&quot;,&quot;trigger&quot;:&quot;click&quot;,&quot;action&quot;:&quot;show&quot;,&quot;target&quot;:&quot;custom&quot;,&quot;targetSelector&quot;:&quot;#brxe-jcmxwa&quot;}]\" data-interaction-id=\"9a6266\"><div id=\"brxe-ykrtrx\" class=\"brxe-div\"><i id=\"brxe-fygzfx\" class=\"ion-ios-mail brxe-icon\"><\/i><h3 id=\"brxe-ejhkaw\" class=\"brxe-heading h5\">Email<\/h3><\/div><div id=\"brxe-tutcsf\" class=\"brxe-div\"><span id=\"brxe-kxnomf\" class=\"brxe-button bricks-button bricks-background-secondary\">Contact us<\/span><\/div><\/div><div id=\"brxe-pgekvm\" class=\"brxe-div brx-grid\" onclick data-interactions=\"[{&quot;id&quot;:&quot;uzshuo&quot;,&quot;trigger&quot;:&quot;click&quot;,&quot;action&quot;:&quot;show&quot;,&quot;target&quot;:&quot;custom&quot;,&quot;targetSelector&quot;:&quot;#brxe-vbihyi&quot;}]\" data-interaction-id=\"a949f0\"><div id=\"brxe-tlestg\" class=\"brxe-div\"><i id=\"brxe-duiuhf\" class=\"fas fa-building brxe-icon\"><\/i><h3 id=\"brxe-amoxes\" class=\"brxe-heading h5\">Foreign stores<\/h3><\/div><div id=\"brxe-ogfeix\" class=\"brxe-div\"><span id=\"brxe-rdzgrc\" class=\"brxe-button bricks-button bricks-background-secondary\">Come visit us<\/span><\/div><\/div><\/div><\/div><\/div>","protected":false},"excerpt":{"rendered":"","protected":false},"author":4,"featured_media":0,"parent":0,"menu_order":0,"comment_status":"closed","ping_status":"closed","template":"templates\/gutenbricks-dynamic-template-default.php","meta":{"_acf_changed":false,"footnotes":""},"class_list":["post-24044","page","type-page","status-publish","hentry"],"acf":[],"_links":{"self":[{"href":"https:\/\/new.prim-hodinky.cz\/en\/wp-json\/wp\/v2\/pages\/24044","targetHints":{"allow":["GET"]}}],"collection":[{"href":"https:\/\/new.prim-hodinky.cz\/en\/wp-json\/wp\/v2\/pages"}],"about":[{"href":"https:\/\/new.prim-hodinky.cz\/en\/wp-json\/wp\/v2\/types\/page"}],"author":[{"embeddable":true,"href":"https:\/\/new.prim-hodinky.cz\/en\/wp-json\/wp\/v2\/users\/4"}],"replies":[{"embeddable":true,"href":"https:\/\/new.prim-hodinky.cz\/en\/wp-json\/wp\/v2\/comments?post=24044"}],"version-history":[{"count":13,"href":"https:\/\/new.prim-hodinky.cz\/en\/wp-json\/wp\/v2\/pages\/24044\/revisions"}],"predecessor-version":[{"id":24153,"href":"https:\/\/new.prim-hodinky.cz\/en\/wp-json\/wp\/v2\/pages\/24044\/revisions\/24153"}],"wp:attachment":[{"href":"https:\/\/new.prim-hodinky.cz\/en\/wp-json\/wp\/v2\/media?parent=24044"}],"curies":[{"name":"wp","href":"https:\/\/api.w.org\/{rel}","templated":true}]}}